{"id":8138,"date":"2022-06-03T23:53:43","date_gmt":"2022-06-03T23:53:43","guid":{"rendered":"http:\/\/planetalindo.pt\/?page_id=8138"},"modified":"2022-06-08T23:46:55","modified_gmt":"2022-06-08T23:46:55","slug":"our_projects_v2","status":"publish","type":"page","link":"https:\/\/planetalindo.com\/pt\/our_projects_v2\/","title":{"rendered":"Our Projects V2"},"content":{"rendered":"<div class=\"container clearfix\">\n\t<div class=\"vc_row wpb_row\">\n\t\t<div class=\"wpb_column vc_column_container vc_col-sm-12\"><div class=\"vc_column-inner\"><div class=\"wpb_wrapper\"><div class=\"vc_empty_space\"   style=\"height: 32px\"><span class=\"vc_empty_space_inner\"><\/span><\/div>\n<div class=\"section-heading vc_custom_1654349342496\">\n\t<p><img decoding=\"async\" loading=\"lazy\" class=\"wp-image-7892 alignleft\" src=\"https:\/\/planetalindo.com\/wp-content\/uploads\/2022\/06\/03_our_projects-300x300.png\" alt=\"\" width=\"100\" height=\"100\" \/><\/p>\n<p>&nbsp;<\/p>\n<h6 style=\"padding-left: 120px;\"><span style=\"color: #343434;\">OS NOSSOS PROJECTOS<\/span><\/h6>\n<\/div>\n\n\t<div class=\"wpb_text_column wpb_content_element\" >\n\t\t<div class=\"wpb_wrapper\">\n\t\t\t<h3><span style=\"color: #607384;\">\u00a0 \u00a0 \u00a0 \u00a0 \u00a0 \u00a0...ou o seu projecto, se preferir...<\/span><\/h3>\n<p>&nbsp;<\/p>\n<div class=\"page\" title=\"Page 9\">\n<div class=\"section\">\n<div class=\"layoutArea\">\n<div class=\"column\">\n<p style=\"text-align: left;\"><span style=\"color: #343434;\"><strong>Poderemos escolher ou desenvolver consigo um projecto que seja particularmente adequado \u00e0 sensibilidade dos seus clientes e das partes interessadas.<\/strong><\/span><\/p>\n<p style=\"text-align: left;\"><span style=\"color: #343434;\"><strong>O projecto poder\u00e1 ser inteiramente seu ou co-propriet\u00e1rio com entidades que partilhem da mesma opini\u00e3o, de acordo com o seu desejo.<\/strong><\/span><\/p>\n<\/div>\n<\/div>\n<\/div>\n<\/div>\n\n\t\t<\/div>\n\t<\/div>\n<\/div><\/div><\/div>\t<\/div>\n<\/div>\n\n<section class=\"vc_section vc_custom_1509772361260\">\n\t\n<div class=\"container-fluid clearfix\">\n\t<div class=\"vc_row wpb_row vc_custom_1654635473594\">\n\t\t<div class=\"wpb_column vc_column_container vc_col-sm-12\"><div class=\"vc_column-inner\"><div class=\"wpb_wrapper\"><div class=\"vc_empty_space\"   style=\"height: 400px\"><span class=\"vc_empty_space_inner\"><\/span><\/div><\/div><\/div><\/div>\t<\/div>\n<\/div>\n\n<div class=\"container clearfix\">\n\t<div class=\"vc_row wpb_row\">\n\t\t<div class=\"wpb_column vc_column_container vc_col-sm-12\"><div class=\"vc_column-inner\"><div class=\"wpb_wrapper\"><div class=\"vc_empty_space\"   style=\"height: 36px\"><span class=\"vc_empty_space_inner\"><\/span><\/div>\n<div class=\"section-heading\">\n\t<h2 style=\"text-align: center;\">Os nossos projectos s\u00e3o...<span class=\"decor-line\"><\/span><\/h2>\n<\/div>\n<\/div><\/div><\/div>\t<\/div>\n<\/div>\n\n<div class=\"container clearfix\">\n\t<div class=\"vc_row wpb_row\">\n\t\t<div class=\"wpb_column vc_column_container vc_col-sm-4\"><div class=\"vc_column-inner\"><div class=\"wpb_wrapper\">\n<div class=\"feature-box feature-box--bg-icon\">\n\n\t\n\t<div class=\"feature-box-copy\">\n\t\t<h4 class=\"text-primary\" style=\"text-align: center;\"><span style=\"color: #4d738a;\">Projectos de Preven\u00e7\u00e3o<\/span><\/h4>\n\t<\/div>\n\n<\/div>\n<div class=\"ubtn-ctn-center\"><a class=\"ubtn-link ult-adjust-bottom-margin ubtn-center ubtn-normal\" href=\"https:\/\/planetalindo.com\/pt\/avoidance\/\" ><button type=\"button\" id=\"ubtn-8604\"  class=\"ubtn ult-adjust-bottom-margin ult-responsive ubtn-normal ubtn-no-hover-bg  none  ubtn-center   tooltip-69e75ed3ddc4f\"  data-hover=\"\" data-border-color=\"#a1d55d\" data-bg=\"#a1d55d\" data-hover-bg=\"#638c1c\" data-border-hover=\"\" data-shadow-hover=\"\" data-shadow-click=\"none\" data-shadow=\"\" data-shd-shadow=\"\"  data-ultimate-target='#ubtn-8604'  data-responsive-json-new='{\"font-size\":\"desktop:14px;\",\"line-height\":\"\"}'  style=\"font-weight:bold;border-radius:5px;border-width:1px;border-color:#a1d55d;border-style:solid;background: #a1d55d;color: #343434;\"><span class=\"ubtn-hover\" style=\"background-color:#638c1c\"><\/span><span class=\"ubtn-data ubtn-text\" >Saiba Mais<\/span><\/button><\/a><\/div><\/div><\/div><\/div><div class=\"wpb_column vc_column_container vc_col-sm-4\"><div class=\"vc_column-inner\"><div class=\"wpb_wrapper\">\n<div class=\"feature-box feature-box--bg-icon\">\n\n\t\n\t<div class=\"feature-box-copy\">\n\t\t<h4 class=\"text-primary\" style=\"text-align: center;\"><span style=\"color: #4d738a;\">Projectos de Remo\u00e7\u00e3o<\/span><\/h4>\n\t<\/div>\n\n<\/div>\n<div class=\"ubtn-ctn-center\"><a class=\"ubtn-link ult-adjust-bottom-margin ubtn-center ubtn-normal\" href=\"https:\/\/planetalindo.com\/pt\/removal_projects\/\" ><button type=\"button\" id=\"ubtn-9609\"  class=\"ubtn ult-adjust-bottom-margin ult-responsive ubtn-normal ubtn-no-hover-bg  none  ubtn-center   tooltip-69e75ed3ddd8f\"  data-hover=\"\" data-border-color=\"#a1d55d\" data-bg=\"#a1d55d\" data-hover-bg=\"#638c1c\" data-border-hover=\"\" data-shadow-hover=\"\" data-shadow-click=\"none\" data-shadow=\"\" data-shd-shadow=\"\"  data-ultimate-target='#ubtn-9609'  data-responsive-json-new='{\"font-size\":\"desktop:14px;\",\"line-height\":\"\"}'  style=\"font-weight:bold;border-radius:5px;border-width:1px;border-color:#a1d55d;border-style:solid;background: #a1d55d;color: #343434;\"><span class=\"ubtn-hover\" style=\"background-color:#638c1c\"><\/span><span class=\"ubtn-data ubtn-text\" >Saiba Mais<\/span><\/button><\/a><\/div><\/div><\/div><\/div><div class=\"wpb_column vc_column_container vc_col-sm-4\"><div class=\"vc_column-inner\"><div class=\"wpb_wrapper\">\n<div class=\"feature-box feature-box--bg-icon\">\n\n\t\n\t<div class=\"feature-box-copy\">\n\t\t<h4 class=\"text-primary\" style=\"text-align: center;\"><span style=\"color: #4d738a;\">Projectos de Redu\u00e7\u00e3o de Pl\u00e1sticos<\/span><\/h4>\n\t<\/div>\n\n<\/div>\n<div class=\"ubtn-ctn-center\"><a class=\"ubtn-link ult-adjust-bottom-margin ubtn-center ubtn-normal\" href=\"https:\/\/planetalindo.com\/pt\/plastic_waste_reduction\/\" ><button type=\"button\" id=\"ubtn-4218\"  class=\"ubtn ult-adjust-bottom-margin ult-responsive ubtn-normal ubtn-no-hover-bg  none  ubtn-center   tooltip-69e75ed3ddeb2\"  data-hover=\"\" data-border-color=\"#a1d55d\" data-bg=\"#a1d55d\" data-hover-bg=\"#638c1c\" data-border-hover=\"\" data-shadow-hover=\"\" data-shadow-click=\"none\" data-shadow=\"\" data-shd-shadow=\"\"  data-ultimate-target='#ubtn-4218'  data-responsive-json-new='{\"font-size\":\"desktop:14px;\",\"line-height\":\"\"}'  style=\"font-weight:bold;border-radius:5px;border-width:1px;border-color:#a1d55d;border-style:solid;background: #a1d55d;color: #343434;\"><span class=\"ubtn-hover\" style=\"background-color:#638c1c\"><\/span><span class=\"ubtn-data ubtn-text\" >Saiba Mais<\/span><\/button><\/a><\/div><\/div><\/div><\/div>\t<\/div>\n<\/div>\n\n<div class=\"container clearfix\">\n\t<div class=\"vc_row wpb_row\">\n\t\t<div class=\"wpb_column vc_column_container vc_col-sm-12\"><div class=\"vc_column-inner\"><div class=\"wpb_wrapper\"><div class=\"vc_empty_space\"   style=\"height: 36px\"><span class=\"vc_empty_space_inner\"><\/span><\/div><\/div><\/div><\/div>\t<\/div>\n<\/div>\n<\/section>\n\n<section class=\"vc_section\">\n\t\n<div class=\"container clearfix\">\n\t<div class=\"vc_row wpb_row\">\n\t\t<div class=\"wpb_column vc_column_container vc_col-sm-12\"><div class=\"vc_column-inner\"><div class=\"wpb_wrapper\">\n<div class=\"section-heading\">\n\t<h2 style=\"text-align: center;\"><img decoding=\"async\" loading=\"lazy\" class=\"alignnone wp-image-7894\" src=\"https:\/\/planetalindo.com\/wp-content\/uploads\/2022\/06\/05_news-1-300x300.png\" alt=\"\" width=\"100\" height=\"100\" \/>\u00a0 \u00daltimas Not\u00edcias<span class=\"decor-line\"><\/span><\/h2>\n<\/div>\n<\/div><\/div><\/div>\t<\/div>\n<\/div>\n\n<div class=\"container clearfix\">\n\t<div class=\"vc_row wpb_row\">\n\t\t<div class=\"wpb_column vc_column_container vc_col-sm-12\"><div class=\"vc_column-inner\"><div class=\"wpb_wrapper\">\n\n\t<div class=\"recent-posts\">\n\n\t\t\n\t\t\t<div class=\"post-card\">\n\t\t\t\t<a href=\"https:\/\/planetalindo.com\/pt\/blue-speeds-for-shipping\/\" rel=\"bookmark\">\n\t\t\t\t\t<div class=\"post-card-image\"><img width=\"480\" height=\"267\" src=\"https:\/\/planetalindo.com\/wp-content\/uploads\/2022\/10\/bg-ocean-copy-480x267.jpg\" class=\"attachment-nur_small size-nur_small wp-post-image\" alt=\"\" decoding=\"async\" loading=\"lazy\" srcset=\"https:\/\/planetalindo.com\/wp-content\/uploads\/2022\/10\/bg-ocean-copy-480x267.jpg 480w, https:\/\/planetalindo.com\/wp-content\/uploads\/2022\/10\/bg-ocean-copy-300x167.jpg 300w, https:\/\/planetalindo.com\/wp-content\/uploads\/2022\/10\/bg-ocean-copy-1024x569.jpg 1024w, https:\/\/planetalindo.com\/wp-content\/uploads\/2022\/10\/bg-ocean-copy-768x427.jpg 768w, https:\/\/planetalindo.com\/wp-content\/uploads\/2022\/10\/bg-ocean-copy-18x10.jpg 18w, https:\/\/planetalindo.com\/wp-content\/uploads\/2022\/10\/bg-ocean-copy-24x13.jpg 24w, https:\/\/planetalindo.com\/wp-content\/uploads\/2022\/10\/bg-ocean-copy-36x20.jpg 36w, https:\/\/planetalindo.com\/wp-content\/uploads\/2022\/10\/bg-ocean-copy-48x27.jpg 48w, https:\/\/planetalindo.com\/wp-content\/uploads\/2022\/10\/bg-ocean-copy-133x74.jpg 133w, https:\/\/planetalindo.com\/wp-content\/uploads\/2022\/10\/bg-ocean-copy-235x131.jpg 235w, https:\/\/planetalindo.com\/wp-content\/uploads\/2022\/10\/bg-ocean-copy-740x411.jpg 740w, https:\/\/planetalindo.com\/wp-content\/uploads\/2022\/10\/bg-ocean-copy.jpg 1354w\" sizes=\"(max-width: 480px) 100vw, 480px\" \/><\/div>\n\t\t\t\t\t<h4 class=\"post-card-title\">Blue Speeds for Shipping<\/h4>\n\t\t\t\t\t<time class=\"post-card-date\" datetime=\"2022-10-19T21:06:36+00:00\">Outubro 19, 2022<\/time>\n\t\t\t\t<\/a>\n\t\t\t<\/div>\n\n\t\t\n\t\t\t<div class=\"post-card\">\n\t\t\t\t<a href=\"https:\/\/planetalindo.com\/pt\/great-pacific-garbage-patch\/\" rel=\"bookmark\">\n\t\t\t\t\t<div class=\"post-card-image\"><img width=\"480\" height=\"270\" src=\"https:\/\/planetalindo.com\/wp-content\/uploads\/2022\/08\/Screenshot-2022-08-17-at-22.55.19-480x270.png\" class=\"attachment-nur_small size-nur_small wp-post-image\" alt=\"\" decoding=\"async\" loading=\"lazy\" srcset=\"https:\/\/planetalindo.com\/wp-content\/uploads\/2022\/08\/Screenshot-2022-08-17-at-22.55.19-480x270.png 480w, https:\/\/planetalindo.com\/wp-content\/uploads\/2022\/08\/Screenshot-2022-08-17-at-22.55.19-300x169.png 300w, https:\/\/planetalindo.com\/wp-content\/uploads\/2022\/08\/Screenshot-2022-08-17-at-22.55.19-1024x577.png 1024w, https:\/\/planetalindo.com\/wp-content\/uploads\/2022\/08\/Screenshot-2022-08-17-at-22.55.19-768x433.png 768w, https:\/\/planetalindo.com\/wp-content\/uploads\/2022\/08\/Screenshot-2022-08-17-at-22.55.19-1536x865.png 1536w, https:\/\/planetalindo.com\/wp-content\/uploads\/2022\/08\/Screenshot-2022-08-17-at-22.55.19-18x10.png 18w, https:\/\/planetalindo.com\/wp-content\/uploads\/2022\/08\/Screenshot-2022-08-17-at-22.55.19-24x14.png 24w, https:\/\/planetalindo.com\/wp-content\/uploads\/2022\/08\/Screenshot-2022-08-17-at-22.55.19-36x20.png 36w, https:\/\/planetalindo.com\/wp-content\/uploads\/2022\/08\/Screenshot-2022-08-17-at-22.55.19-48x27.png 48w, https:\/\/planetalindo.com\/wp-content\/uploads\/2022\/08\/Screenshot-2022-08-17-at-22.55.19-133x75.png 133w, https:\/\/planetalindo.com\/wp-content\/uploads\/2022\/08\/Screenshot-2022-08-17-at-22.55.19-235x132.png 235w, https:\/\/planetalindo.com\/wp-content\/uploads\/2022\/08\/Screenshot-2022-08-17-at-22.55.19-740x417.png 740w, https:\/\/planetalindo.com\/wp-content\/uploads\/2022\/08\/Screenshot-2022-08-17-at-22.55.19-1520x856.png 1520w, https:\/\/planetalindo.com\/wp-content\/uploads\/2022\/08\/Screenshot-2022-08-17-at-22.55.19.png 1708w\" sizes=\"(max-width: 480px) 100vw, 480px\" \/><\/div>\n\t\t\t\t\t<h4 class=\"post-card-title\">Great Pacific Garbage Patch<\/h4>\n\t\t\t\t\t<time class=\"post-card-date\" datetime=\"2022-08-17T22:02:17+00:00\">Agosto 17, 2022<\/time>\n\t\t\t\t<\/a>\n\t\t\t<\/div>\n\n\t\t\n\t\t\t<div class=\"post-card\">\n\t\t\t\t<a href=\"https:\/\/planetalindo.com\/pt\/vice-president-harris-casts-tie-breaking-vote-to-advance-sweeping-bill\/\" rel=\"bookmark\">\n\t\t\t\t\t<div class=\"post-card-image\"><img width=\"480\" height=\"268\" src=\"https:\/\/planetalindo.com\/wp-content\/uploads\/2022\/08\/Screenshot-2022-08-09-at-23.49.00-480x268.png\" class=\"attachment-nur_small size-nur_small wp-post-image\" alt=\"\" decoding=\"async\" loading=\"lazy\" srcset=\"https:\/\/planetalindo.com\/wp-content\/uploads\/2022\/08\/Screenshot-2022-08-09-at-23.49.00-480x268.png 480w, https:\/\/planetalindo.com\/wp-content\/uploads\/2022\/08\/Screenshot-2022-08-09-at-23.49.00-300x167.png 300w, https:\/\/planetalindo.com\/wp-content\/uploads\/2022\/08\/Screenshot-2022-08-09-at-23.49.00-1024x571.png 1024w, https:\/\/planetalindo.com\/wp-content\/uploads\/2022\/08\/Screenshot-2022-08-09-at-23.49.00-768x428.png 768w, https:\/\/planetalindo.com\/wp-content\/uploads\/2022\/08\/Screenshot-2022-08-09-at-23.49.00-1536x856.png 1536w, https:\/\/planetalindo.com\/wp-content\/uploads\/2022\/08\/Screenshot-2022-08-09-at-23.49.00-18x10.png 18w, https:\/\/planetalindo.com\/wp-content\/uploads\/2022\/08\/Screenshot-2022-08-09-at-23.49.00-24x13.png 24w, https:\/\/planetalindo.com\/wp-content\/uploads\/2022\/08\/Screenshot-2022-08-09-at-23.49.00-36x20.png 36w, https:\/\/planetalindo.com\/wp-content\/uploads\/2022\/08\/Screenshot-2022-08-09-at-23.49.00-48x27.png 48w, https:\/\/planetalindo.com\/wp-content\/uploads\/2022\/08\/Screenshot-2022-08-09-at-23.49.00-133x74.png 133w, https:\/\/planetalindo.com\/wp-content\/uploads\/2022\/08\/Screenshot-2022-08-09-at-23.49.00-235x131.png 235w, https:\/\/planetalindo.com\/wp-content\/uploads\/2022\/08\/Screenshot-2022-08-09-at-23.49.00-740x413.png 740w, https:\/\/planetalindo.com\/wp-content\/uploads\/2022\/08\/Screenshot-2022-08-09-at-23.49.00-1520x848.png 1520w, https:\/\/planetalindo.com\/wp-content\/uploads\/2022\/08\/Screenshot-2022-08-09-at-23.49.00.png 1546w\" sizes=\"(max-width: 480px) 100vw, 480px\" \/><\/div>\n\t\t\t\t\t<h4 class=\"post-card-title\">Vice President Harris casts tie-breaking vote to advance sweeping bill<\/h4>\n\t\t\t\t\t<time class=\"post-card-date\" datetime=\"2022-08-09T22:54:16+00:00\">Agosto 9, 2022<\/time>\n\t\t\t\t<\/a>\n\t\t\t<\/div>\n\n\t\t\n\t\t\n\t<\/div>\n\n<\/div><\/div><\/div>\t<\/div>\n<\/div>\n\n<div class=\"container clearfix\">\n\t<div class=\"vc_row wpb_row\">\n\t\t<div class=\"wpb_column vc_column_container vc_col-sm-12\"><div class=\"vc_column-inner\"><div class=\"wpb_wrapper\">\n\t<div class=\"wpb_text_column wpb_content_element\" >\n\t\t<div class=\"wpb_wrapper\">\n\t\t\t<h4 style=\"text-align: center;\"><em><strong><span style=\"font-family: Century Old Style;\"><span style=\"color: #4e7489;\">\u00abOne thing leads to the other. Deforestation leads to climate<br \/>\nchange, which leads to ecosystem losses, which negatively<br \/>\nimpacts our livelihoods &#8211; it&#8217;s a vicious cycle.\u00bb<\/span><\/span><\/strong><\/em><\/h4>\n\n\t\t<\/div>\n\t<\/div>\n\n\t<div class=\"wpb_text_column wpb_content_element  vc_custom_1654731960312\" >\n\t\t<div class=\"wpb_wrapper\">\n\t\t\t<h6 style=\"text-align: center;\"><span style=\"font-family: Arial;\"><span style=\"color: #4e7489;\"><strong>Gisele Bundchen<\/strong><\/span><\/span><\/h6>\n\n\t\t<\/div>\n\t<\/div>\n<\/div><\/div><\/div>\t<\/div>\n<\/div>\n<\/section>","protected":false},"excerpt":{"rendered":"The Senate worked through the night voting on amendments for the Democrats' sweeping health care and climate change bill. The bill would be the largest climate investment in US history. [...]","protected":false},"author":1,"featured_media":0,"parent":0,"menu_order":0,"comment_status":"closed","ping_status":"closed","template":"","meta":{"_mi_skip_tracking":false,"_monsterinsights_sitenote_active":false,"_monsterinsights_sitenote_note":"","_monsterinsights_sitenote_category":0},"aioseo_notices":[],"_links":{"self":[{"href":"https:\/\/planetalindo.com\/pt\/wp-json\/wp\/v2\/pages\/8138"}],"collection":[{"href":"https:\/\/planetalindo.com\/pt\/wp-json\/wp\/v2\/pages"}],"about":[{"href":"https:\/\/planetalindo.com\/pt\/wp-json\/wp\/v2\/types\/page"}],"author":[{"embeddable":true,"href":"https:\/\/planetalindo.com\/pt\/wp-json\/wp\/v2\/users\/1"}],"replies":[{"embeddable":true,"href":"https:\/\/planetalindo.com\/pt\/wp-json\/wp\/v2\/comments?post=8138"}],"version-history":[{"count":19,"href":"https:\/\/planetalindo.com\/pt\/wp-json\/wp\/v2\/pages\/8138\/revisions"}],"predecessor-version":[{"id":8291,"href":"https:\/\/planetalindo.com\/pt\/wp-json\/wp\/v2\/pages\/8138\/revisions\/8291"}],"wp:attachment":[{"href":"https:\/\/planetalindo.com\/pt\/wp-json\/wp\/v2\/media?parent=8138"}],"curies":[{"name":"wp","href":"https:\/\/api.w.org\/{rel}","templated":true}]}}