{"id":8093,"date":"2022-06-03T22:54:19","date_gmt":"2022-06-03T22:54:19","guid":{"rendered":"http:\/\/planetalindo.pt\/?page_id=8093"},"modified":"2022-06-07T23:38:47","modified_gmt":"2022-06-07T23:38:47","slug":"removal_projects","status":"publish","type":"page","link":"https:\/\/planetalindo.com\/pt\/removal_projects\/","title":{"rendered":"Projectos de Remo\u00e7\u00e3o"},"content":{"rendered":"<section class=\"vc_section vc_custom_1509786526464\">\n\t\n<div class=\"container clearfix\">\n\t<div class=\"vc_row wpb_row\">\n\t\t<div class=\"wpb_column vc_column_container vc_col-sm-12\"><div class=\"vc_column-inner\"><div class=\"wpb_wrapper\"><div class=\"vc_empty_space\"   style=\"height: 36px\"><span class=\"vc_empty_space_inner\"><\/span><\/div>\n<div class=\"section-heading\">\n\t<h2 style=\"text-align: center;\"><span style=\"color: #343434;\">Remo\u00e7\u00e3o<\/span><span class=\"decor-line\"><\/span><\/h2>\n<\/div>\n<\/div><\/div><\/div>\t<\/div>\n<\/div>\n<\/section>\n\n<section class=\"vc_section vc_custom_1509772361260\">\n\t\n<div class=\"container clearfix\">\n\t<div class=\"vc_row wpb_row\">\n\t\t<div class=\"wpb_column vc_column_container vc_col-sm-12\"><div class=\"vc_column-inner\"><div class=\"wpb_wrapper\">\n<div class=\"image-section image-section--boxed-image image-section--content-left\">\n\n\t<div class=\"image-section-image\">\n\t\t<img width=\"464\" height=\"336\" src=\"https:\/\/planetalindo.com\/wp-content\/uploads\/2022\/06\/Picture-1.jpg\" class=\"attachment-full size-full\" alt=\"\" decoding=\"async\" loading=\"lazy\" srcset=\"https:\/\/planetalindo.com\/wp-content\/uploads\/2022\/06\/Picture-1.jpg 464w, https:\/\/planetalindo.com\/wp-content\/uploads\/2022\/06\/Picture-1-300x217.jpg 300w, https:\/\/planetalindo.com\/wp-content\/uploads\/2022\/06\/Picture-1-18x12.jpg 18w, https:\/\/planetalindo.com\/wp-content\/uploads\/2022\/06\/Picture-1-24x17.jpg 24w, https:\/\/planetalindo.com\/wp-content\/uploads\/2022\/06\/Picture-1-36x26.jpg 36w, https:\/\/planetalindo.com\/wp-content\/uploads\/2022\/06\/Picture-1-48x35.jpg 48w, https:\/\/planetalindo.com\/wp-content\/uploads\/2022\/06\/Picture-1-133x96.jpg 133w, https:\/\/planetalindo.com\/wp-content\/uploads\/2022\/06\/Picture-1-235x170.jpg 235w\" sizes=\"(max-width: 464px) 100vw, 464px\" \/>\t<\/div>\n\n\t<div class=\"container clearfix\">\n\t\t<section class=\"image-section-content\">\n\t\t\t\n\t<div class=\"wpb_text_column wpb_content_element\" >\n\t\t<div class=\"wpb_wrapper\">\n\t\t\t<h3><span style=\"color: #4d738a;\"><strong>Arboriza\u00e7\u00e3o, Refloresta\u00e7\u00e3o e Revegeta\u00e7\u00e3o (ARR)<\/strong><\/span><\/h3>\n<p><span style=\"color: #343434;\">Planta\u00e7\u00e3o de \u00e1rvores em prados ou \u00e1reas anteriormente desmatadas e degradadas para capturar CO2 reduzindo os n\u00edveis globais de gases com efeito de estufa e restaurando habitats.<\/span><\/p>\n<p><span style=\"color: #343434;\">A refloresta\u00e7\u00e3o pode ser conseguida com esp\u00e9cies nativas trazendo benef\u00edcios adicionais de biodiversidade ou esp\u00e9cies n\u00e3o nativas de crescimento r\u00e1pido para maximizar a captura de CO2 por hectare.<\/span><\/p>\n\n\t\t<\/div>\n\t<\/div>\n\t\t<\/section>\n\t<\/div>\n\n<\/div>\n<div class=\"vc_empty_space\"   style=\"height: 22px\"><span class=\"vc_empty_space_inner\"><\/span><\/div><div class=\"vc_empty_space\"   style=\"height: 36px\"><span class=\"vc_empty_space_inner\"><\/span><\/div><\/div><\/div><\/div>\t<\/div>\n<\/div>\n\n<div class=\"container clearfix\">\n\t<div class=\"vc_row wpb_row\">\n\t\t<div class=\"wpb_column vc_column_container vc_col-sm-12\"><div class=\"vc_column-inner\"><div class=\"wpb_wrapper\"><div class=\"vc_empty_space\"   style=\"height: 36px\"><span class=\"vc_empty_space_inner\"><\/span><\/div><\/div><\/div><\/div>\t<\/div>\n<\/div>\n\n<div class=\"container clearfix\">\n\t<div class=\"vc_row wpb_row\">\n\t\t<div class=\"wpb_column vc_column_container vc_col-sm-12\"><div class=\"vc_column-inner\"><div class=\"wpb_wrapper\">\n<div class=\"image-section image-section--boxed-image image-section--content-left\">\n\n\t<div class=\"image-section-image\">\n\t\t<img width=\"464\" height=\"336\" src=\"https:\/\/planetalindo.com\/wp-content\/uploads\/2022\/06\/Picture-2.jpg\" class=\"attachment-full size-full\" alt=\"\" decoding=\"async\" loading=\"lazy\" srcset=\"https:\/\/planetalindo.com\/wp-content\/uploads\/2022\/06\/Picture-2.jpg 464w, https:\/\/planetalindo.com\/wp-content\/uploads\/2022\/06\/Picture-2-300x217.jpg 300w, https:\/\/planetalindo.com\/wp-content\/uploads\/2022\/06\/Picture-2-18x12.jpg 18w, https:\/\/planetalindo.com\/wp-content\/uploads\/2022\/06\/Picture-2-24x17.jpg 24w, https:\/\/planetalindo.com\/wp-content\/uploads\/2022\/06\/Picture-2-36x26.jpg 36w, https:\/\/planetalindo.com\/wp-content\/uploads\/2022\/06\/Picture-2-48x35.jpg 48w, https:\/\/planetalindo.com\/wp-content\/uploads\/2022\/06\/Picture-2-133x96.jpg 133w, https:\/\/planetalindo.com\/wp-content\/uploads\/2022\/06\/Picture-2-235x170.jpg 235w\" sizes=\"(max-width: 464px) 100vw, 464px\" \/>\t<\/div>\n\n\t<div class=\"container clearfix\">\n\t\t<section class=\"image-section-content\">\n\t\t\t\n\t<div class=\"wpb_text_column wpb_content_element\" >\n\t\t<div class=\"wpb_wrapper\">\n\t\t\t<h3><span style=\"color: #4d738a;\"><strong>Restaura\u00e7\u00e3o de Mangue e Terra H\u00famida<\/strong><\/span><\/h3>\n<p><span style=\"color: #343434;\">Os habitats marinhos e outras zonas h\u00famidas armazenam grandes quantidades de CO2 no seu rico solo, actuando como reservat\u00f3rios de carbono preciosos para o nosso planeta.<\/span><\/p>\n<p><span style=\"color: #343434;\">Estes habitats foram severamente danificados devido \u00e0 sua utiliza\u00e7\u00e3o comercial, mas podem ser restaurados atrav\u00e9s de refloresta\u00e7\u00e3o de mangais e restaura\u00e7\u00e3o de zonas h\u00famidas.<\/span><\/p>\n\n\t\t<\/div>\n\t<\/div>\n\t\t<\/section>\n\t<\/div>\n\n<\/div>\n<div class=\"vc_empty_space\"   style=\"height: 22px\"><span class=\"vc_empty_space_inner\"><\/span><\/div><\/div><\/div><\/div>\t<\/div>\n<\/div>\n\n<div class=\"container clearfix\">\n\t<div class=\"vc_row wpb_row\">\n\t\t<div class=\"wpb_column vc_column_container vc_col-sm-12\"><div class=\"vc_column-inner\"><div class=\"wpb_wrapper\"><div class=\"vc_empty_space\"   style=\"height: 36px\"><span class=\"vc_empty_space_inner\"><\/span><\/div><\/div><\/div><\/div>\t<\/div>\n<\/div>\n\n<div class=\"container clearfix\">\n\t<div class=\"vc_row wpb_row\">\n\t\t<div class=\"wpb_column vc_column_container vc_col-sm-12\"><div class=\"vc_column-inner\"><div class=\"wpb_wrapper\">\n<div class=\"image-section image-section--boxed-image image-section--content-left\">\n\n\t<div class=\"image-section-image\">\n\t\t<img width=\"464\" height=\"336\" src=\"https:\/\/planetalindo.com\/wp-content\/uploads\/2022\/06\/Picture-3.jpg\" class=\"attachment-full size-full\" alt=\"\" decoding=\"async\" loading=\"lazy\" srcset=\"https:\/\/planetalindo.com\/wp-content\/uploads\/2022\/06\/Picture-3.jpg 464w, https:\/\/planetalindo.com\/wp-content\/uploads\/2022\/06\/Picture-3-300x217.jpg 300w, https:\/\/planetalindo.com\/wp-content\/uploads\/2022\/06\/Picture-3-18x12.jpg 18w, https:\/\/planetalindo.com\/wp-content\/uploads\/2022\/06\/Picture-3-24x17.jpg 24w, https:\/\/planetalindo.com\/wp-content\/uploads\/2022\/06\/Picture-3-36x26.jpg 36w, https:\/\/planetalindo.com\/wp-content\/uploads\/2022\/06\/Picture-3-48x35.jpg 48w, https:\/\/planetalindo.com\/wp-content\/uploads\/2022\/06\/Picture-3-133x96.jpg 133w, https:\/\/planetalindo.com\/wp-content\/uploads\/2022\/06\/Picture-3-235x170.jpg 235w\" sizes=\"(max-width: 464px) 100vw, 464px\" \/>\t<\/div>\n\n\t<div class=\"container clearfix\">\n\t\t<section class=\"image-section-content\">\n\t\t\t\n\t<div class=\"wpb_text_column wpb_content_element\" >\n\t\t<div class=\"wpb_wrapper\">\n\t\t\t<h3><span style=\"color: #4d738a;\"><strong>Remo\u00e7\u00f5es com Engenharia<\/strong><\/span><\/h3>\n<p><span style=\"color: #343434;\">Projectos que utilizam uma variedade de solu\u00e7\u00f5es inovadoras para capturar e armazenar permanentemente CO2, tais como o bio-carv\u00e3o, o melhoramento da meteorologia e a captura directa do ar.<\/span><\/p>\n\n\t\t<\/div>\n\t<\/div>\n\t\t<\/section>\n\t<\/div>\n\n<\/div>\n<\/div><\/div><\/div>\t<\/div>\n<\/div>\n<\/section>\n\n<section class=\"vc_section\">\n\t\n<div class=\"container clearfix\">\n\t<div class=\"vc_row wpb_row\">\n\t\t<div class=\"wpb_column vc_column_container vc_col-sm-12\"><div class=\"vc_column-inner\"><div class=\"wpb_wrapper\">\n<div class=\"section-heading\">\n\t<h2 style=\"text-align: center;\"><img decoding=\"async\" loading=\"lazy\" class=\"alignnone wp-image-7894\" src=\"https:\/\/planetalindo.com\/wp-content\/uploads\/2022\/06\/05_news-1-300x300.png\" alt=\"\" width=\"100\" height=\"100\" \/>\u00a0 \u00daltimas Not\u00edcias<span class=\"decor-line\"><\/span><\/h2>\n<\/div>\n<\/div><\/div><\/div>\t<\/div>\n<\/div>\n\n<div class=\"container clearfix\">\n\t<div class=\"vc_row wpb_row\">\n\t\t<div class=\"wpb_column vc_column_container vc_col-sm-12\"><div class=\"vc_column-inner\"><div class=\"wpb_wrapper\">\n\n\t<div class=\"recent-posts\">\n\n\t\t\n\t\t\t<div class=\"post-card\">\n\t\t\t\t<a href=\"https:\/\/planetalindo.com\/pt\/blue-speeds-for-shipping\/\" rel=\"bookmark\">\n\t\t\t\t\t<div class=\"post-card-image\"><img width=\"480\" height=\"267\" src=\"https:\/\/planetalindo.com\/wp-content\/uploads\/2022\/10\/bg-ocean-copy-480x267.jpg\" class=\"attachment-nur_small size-nur_small wp-post-image\" alt=\"\" decoding=\"async\" loading=\"lazy\" srcset=\"https:\/\/planetalindo.com\/wp-content\/uploads\/2022\/10\/bg-ocean-copy-480x267.jpg 480w, https:\/\/planetalindo.com\/wp-content\/uploads\/2022\/10\/bg-ocean-copy-300x167.jpg 300w, https:\/\/planetalindo.com\/wp-content\/uploads\/2022\/10\/bg-ocean-copy-1024x569.jpg 1024w, https:\/\/planetalindo.com\/wp-content\/uploads\/2022\/10\/bg-ocean-copy-768x427.jpg 768w, https:\/\/planetalindo.com\/wp-content\/uploads\/2022\/10\/bg-ocean-copy-18x10.jpg 18w, https:\/\/planetalindo.com\/wp-content\/uploads\/2022\/10\/bg-ocean-copy-24x13.jpg 24w, https:\/\/planetalindo.com\/wp-content\/uploads\/2022\/10\/bg-ocean-copy-36x20.jpg 36w, https:\/\/planetalindo.com\/wp-content\/uploads\/2022\/10\/bg-ocean-copy-48x27.jpg 48w, https:\/\/planetalindo.com\/wp-content\/uploads\/2022\/10\/bg-ocean-copy-133x74.jpg 133w, https:\/\/planetalindo.com\/wp-content\/uploads\/2022\/10\/bg-ocean-copy-235x131.jpg 235w, https:\/\/planetalindo.com\/wp-content\/uploads\/2022\/10\/bg-ocean-copy-740x411.jpg 740w, https:\/\/planetalindo.com\/wp-content\/uploads\/2022\/10\/bg-ocean-copy.jpg 1354w\" sizes=\"(max-width: 480px) 100vw, 480px\" \/><\/div>\n\t\t\t\t\t<h4 class=\"post-card-title\">Blue Speeds for Shipping<\/h4>\n\t\t\t\t\t<time class=\"post-card-date\" datetime=\"2022-10-19T21:06:36+00:00\">Outubro 19, 2022<\/time>\n\t\t\t\t<\/a>\n\t\t\t<\/div>\n\n\t\t\n\t\t\t<div class=\"post-card\">\n\t\t\t\t<a href=\"https:\/\/planetalindo.com\/pt\/great-pacific-garbage-patch\/\" rel=\"bookmark\">\n\t\t\t\t\t<div class=\"post-card-image\"><img width=\"480\" height=\"270\" src=\"https:\/\/planetalindo.com\/wp-content\/uploads\/2022\/08\/Screenshot-2022-08-17-at-22.55.19-480x270.png\" class=\"attachment-nur_small size-nur_small wp-post-image\" alt=\"\" decoding=\"async\" loading=\"lazy\" srcset=\"https:\/\/planetalindo.com\/wp-content\/uploads\/2022\/08\/Screenshot-2022-08-17-at-22.55.19-480x270.png 480w, https:\/\/planetalindo.com\/wp-content\/uploads\/2022\/08\/Screenshot-2022-08-17-at-22.55.19-300x169.png 300w, https:\/\/planetalindo.com\/wp-content\/uploads\/2022\/08\/Screenshot-2022-08-17-at-22.55.19-1024x577.png 1024w, https:\/\/planetalindo.com\/wp-content\/uploads\/2022\/08\/Screenshot-2022-08-17-at-22.55.19-768x433.png 768w, https:\/\/planetalindo.com\/wp-content\/uploads\/2022\/08\/Screenshot-2022-08-17-at-22.55.19-1536x865.png 1536w, https:\/\/planetalindo.com\/wp-content\/uploads\/2022\/08\/Screenshot-2022-08-17-at-22.55.19-18x10.png 18w, https:\/\/planetalindo.com\/wp-content\/uploads\/2022\/08\/Screenshot-2022-08-17-at-22.55.19-24x14.png 24w, https:\/\/planetalindo.com\/wp-content\/uploads\/2022\/08\/Screenshot-2022-08-17-at-22.55.19-36x20.png 36w, https:\/\/planetalindo.com\/wp-content\/uploads\/2022\/08\/Screenshot-2022-08-17-at-22.55.19-48x27.png 48w, https:\/\/planetalindo.com\/wp-content\/uploads\/2022\/08\/Screenshot-2022-08-17-at-22.55.19-133x75.png 133w, https:\/\/planetalindo.com\/wp-content\/uploads\/2022\/08\/Screenshot-2022-08-17-at-22.55.19-235x132.png 235w, https:\/\/planetalindo.com\/wp-content\/uploads\/2022\/08\/Screenshot-2022-08-17-at-22.55.19-740x417.png 740w, https:\/\/planetalindo.com\/wp-content\/uploads\/2022\/08\/Screenshot-2022-08-17-at-22.55.19-1520x856.png 1520w, https:\/\/planetalindo.com\/wp-content\/uploads\/2022\/08\/Screenshot-2022-08-17-at-22.55.19.png 1708w\" sizes=\"(max-width: 480px) 100vw, 480px\" \/><\/div>\n\t\t\t\t\t<h4 class=\"post-card-title\">Great Pacific Garbage Patch<\/h4>\n\t\t\t\t\t<time class=\"post-card-date\" datetime=\"2022-08-17T22:02:17+00:00\">Agosto 17, 2022<\/time>\n\t\t\t\t<\/a>\n\t\t\t<\/div>\n\n\t\t\n\t\t\t<div class=\"post-card\">\n\t\t\t\t<a href=\"https:\/\/planetalindo.com\/pt\/vice-president-harris-casts-tie-breaking-vote-to-advance-sweeping-bill\/\" rel=\"bookmark\">\n\t\t\t\t\t<div class=\"post-card-image\"><img width=\"480\" height=\"268\" src=\"https:\/\/planetalindo.com\/wp-content\/uploads\/2022\/08\/Screenshot-2022-08-09-at-23.49.00-480x268.png\" class=\"attachment-nur_small size-nur_small wp-post-image\" alt=\"\" decoding=\"async\" loading=\"lazy\" srcset=\"https:\/\/planetalindo.com\/wp-content\/uploads\/2022\/08\/Screenshot-2022-08-09-at-23.49.00-480x268.png 480w, https:\/\/planetalindo.com\/wp-content\/uploads\/2022\/08\/Screenshot-2022-08-09-at-23.49.00-300x167.png 300w, https:\/\/planetalindo.com\/wp-content\/uploads\/2022\/08\/Screenshot-2022-08-09-at-23.49.00-1024x571.png 1024w, https:\/\/planetalindo.com\/wp-content\/uploads\/2022\/08\/Screenshot-2022-08-09-at-23.49.00-768x428.png 768w, https:\/\/planetalindo.com\/wp-content\/uploads\/2022\/08\/Screenshot-2022-08-09-at-23.49.00-1536x856.png 1536w, https:\/\/planetalindo.com\/wp-content\/uploads\/2022\/08\/Screenshot-2022-08-09-at-23.49.00-18x10.png 18w, https:\/\/planetalindo.com\/wp-content\/uploads\/2022\/08\/Screenshot-2022-08-09-at-23.49.00-24x13.png 24w, https:\/\/planetalindo.com\/wp-content\/uploads\/2022\/08\/Screenshot-2022-08-09-at-23.49.00-36x20.png 36w, https:\/\/planetalindo.com\/wp-content\/uploads\/2022\/08\/Screenshot-2022-08-09-at-23.49.00-48x27.png 48w, https:\/\/planetalindo.com\/wp-content\/uploads\/2022\/08\/Screenshot-2022-08-09-at-23.49.00-133x74.png 133w, https:\/\/planetalindo.com\/wp-content\/uploads\/2022\/08\/Screenshot-2022-08-09-at-23.49.00-235x131.png 235w, https:\/\/planetalindo.com\/wp-content\/uploads\/2022\/08\/Screenshot-2022-08-09-at-23.49.00-740x413.png 740w, https:\/\/planetalindo.com\/wp-content\/uploads\/2022\/08\/Screenshot-2022-08-09-at-23.49.00-1520x848.png 1520w, https:\/\/planetalindo.com\/wp-content\/uploads\/2022\/08\/Screenshot-2022-08-09-at-23.49.00.png 1546w\" sizes=\"(max-width: 480px) 100vw, 480px\" \/><\/div>\n\t\t\t\t\t<h4 class=\"post-card-title\">Vice President Harris casts tie-breaking vote to advance sweeping bill<\/h4>\n\t\t\t\t\t<time class=\"post-card-date\" datetime=\"2022-08-09T22:54:16+00:00\">Agosto 9, 2022<\/time>\n\t\t\t\t<\/a>\n\t\t\t<\/div>\n\n\t\t\n\t\t\n\t<\/div>\n\n<\/div><\/div><\/div>\t<\/div>\n<\/div>\n<\/section>","protected":false},"excerpt":{"rendered":"The Senate worked through the night voting on amendments for the Democrats' sweeping health care and climate change bill. The bill would be the largest climate investment in US history. [...]","protected":false},"author":1,"featured_media":0,"parent":0,"menu_order":0,"comment_status":"closed","ping_status":"closed","template":"","meta":{"_mi_skip_tracking":false,"_monsterinsights_sitenote_active":false,"_monsterinsights_sitenote_note":"","_monsterinsights_sitenote_category":0},"aioseo_notices":[],"_links":{"self":[{"href":"https:\/\/planetalindo.com\/pt\/wp-json\/wp\/v2\/pages\/8093"}],"collection":[{"href":"https:\/\/planetalindo.com\/pt\/wp-json\/wp\/v2\/pages"}],"about":[{"href":"https:\/\/planetalindo.com\/pt\/wp-json\/wp\/v2\/types\/page"}],"author":[{"embeddable":true,"href":"https:\/\/planetalindo.com\/pt\/wp-json\/wp\/v2\/users\/1"}],"replies":[{"embeddable":true,"href":"https:\/\/planetalindo.com\/pt\/wp-json\/wp\/v2\/comments?post=8093"}],"version-history":[{"count":8,"href":"https:\/\/planetalindo.com\/pt\/wp-json\/wp\/v2\/pages\/8093\/revisions"}],"predecessor-version":[{"id":8350,"href":"https:\/\/planetalindo.com\/pt\/wp-json\/wp\/v2\/pages\/8093\/revisions\/8350"}],"wp:attachment":[{"href":"https:\/\/planetalindo.com\/pt\/wp-json\/wp\/v2\/media?parent=8093"}],"curies":[{"name":"wp","href":"https:\/\/api.w.org\/{rel}","templated":true}]}}