{"id":8080,"date":"2022-06-03T22:02:10","date_gmt":"2022-06-03T22:02:10","guid":{"rendered":"http:\/\/planetalindo.pt\/?page_id=8080"},"modified":"2022-06-07T23:38:10","modified_gmt":"2022-06-07T23:38:10","slug":"avoidance","status":"publish","type":"page","link":"https:\/\/planetalindo.com\/pt\/avoidance\/","title":{"rendered":"Projectos de Preven\u00e7\u00e3o"},"content":{"rendered":"<section class=\"vc_section vc_custom_1509786526464\">\n\t\n<div class=\"container clearfix\">\n\t<div class=\"vc_row wpb_row\">\n\t\t<div class=\"wpb_column vc_column_container vc_col-sm-12\"><div class=\"vc_column-inner\"><div class=\"wpb_wrapper\">\n<div class=\"section-heading\">\n\t<h2 style=\"text-align: center;\"><span style=\"color: #343434;\">Preven\u00e7\u00e3o<\/span><span class=\"decor-line\"><\/span><\/h2>\n<\/div>\n<\/div><\/div><\/div>\t<\/div>\n<\/div>\n<\/section>\n\n<section class=\"vc_section vc_custom_1509772361260\">\n\t\n<div class=\"container clearfix\">\n\t<div class=\"vc_row wpb_row\">\n\t\t<div class=\"wpb_column vc_column_container vc_col-sm-12\"><div class=\"vc_column-inner\"><div class=\"wpb_wrapper\"><div class=\"vc_row wpb_row vc_inner vc_row-fluid\"><div class=\"wpb_column vc_column_container vc_col-sm-6\"><div class=\"vc_column-inner\"><div class=\"wpb_wrapper\"><div class=\"vc_empty_space\"   style=\"height: 60px\"><span class=\"vc_empty_space_inner\"><\/span><\/div>\n\t<div class=\"wpb_text_column wpb_content_element\" >\n\t\t<div class=\"wpb_wrapper\">\n\t\t\t<h3><span style=\"color: #4d738a;\"><strong>Redu\u00e7\u00e3o de Emiss\u00f5es por Desmatamento e Degrada\u00e7\u00e3o Florestal REDD+<\/strong><\/span><\/h3>\n<p><span style=\"color: #343434;\">Conservar a floresta nativa para evitar emiss\u00f5es resultantes da perda de cobertura arb\u00f3rea, bem como preservar esp\u00e9cies animais e vegetais vulner\u00e1veis e empregar as comunidades para proteger em vez de explorar a floresta.<\/span><\/p>\n\n\t\t<\/div>\n\t<\/div>\n<\/div><\/div><\/div><div class=\"wpb_column vc_column_container vc_col-sm-6\"><div class=\"vc_column-inner\"><div class=\"wpb_wrapper\">\n\t<div class=\"wpb_text_column wpb_content_element\" >\n\t\t<div class=\"wpb_wrapper\">\n\t\t\t<p><img decoding=\"async\" loading=\"lazy\" class=\"alignright wp-image-7248\" src=\"https:\/\/planetalindo.com\/wp-content\/uploads\/2022\/05\/EPV0162-300x201.jpg\" alt=\"\" width=\"2048\" height=\"1371\" srcset=\"https:\/\/planetalindo.com\/wp-content\/uploads\/2022\/05\/EPV0162-300x201.jpg 300w, https:\/\/planetalindo.com\/wp-content\/uploads\/2022\/05\/EPV0162-1024x685.jpg 1024w, https:\/\/planetalindo.com\/wp-content\/uploads\/2022\/05\/EPV0162-768x514.jpg 768w, https:\/\/planetalindo.com\/wp-content\/uploads\/2022\/05\/EPV0162-1536x1028.jpg 1536w, https:\/\/planetalindo.com\/wp-content\/uploads\/2022\/05\/EPV0162-2048x1371.jpg 2048w, https:\/\/planetalindo.com\/wp-content\/uploads\/2022\/05\/EPV0162-18x12.jpg 18w, https:\/\/planetalindo.com\/wp-content\/uploads\/2022\/05\/EPV0162-24x16.jpg 24w, https:\/\/planetalindo.com\/wp-content\/uploads\/2022\/05\/EPV0162-36x24.jpg 36w, https:\/\/planetalindo.com\/wp-content\/uploads\/2022\/05\/EPV0162-48x32.jpg 48w, https:\/\/planetalindo.com\/wp-content\/uploads\/2022\/05\/EPV0162-133x89.jpg 133w, https:\/\/planetalindo.com\/wp-content\/uploads\/2022\/05\/EPV0162-235x157.jpg 235w, https:\/\/planetalindo.com\/wp-content\/uploads\/2022\/05\/EPV0162-480x321.jpg 480w, https:\/\/planetalindo.com\/wp-content\/uploads\/2022\/05\/EPV0162-740x495.jpg 740w, https:\/\/planetalindo.com\/wp-content\/uploads\/2022\/05\/EPV0162-1520x1018.jpg 1520w\" sizes=\"(max-width: 2048px) 100vw, 2048px\" \/><\/p>\n\n\t\t<\/div>\n\t<\/div>\n<\/div><\/div><\/div><\/div><div class=\"vc_empty_space\"   style=\"height: 22px\"><span class=\"vc_empty_space_inner\"><\/span><\/div><div class=\"vc_empty_space\"   style=\"height: 36px\"><span class=\"vc_empty_space_inner\"><\/span><\/div><\/div><\/div><\/div>\t<\/div>\n<\/div>\n\n<div class=\"container clearfix\">\n\t<div class=\"vc_row wpb_row\">\n\t\t<div class=\"wpb_column vc_column_container vc_col-sm-12\"><div class=\"vc_column-inner\"><div class=\"wpb_wrapper\"><div class=\"vc_empty_space\"   style=\"height: 36px\"><span class=\"vc_empty_space_inner\"><\/span><\/div><div class=\"vc_empty_space\"   style=\"height: 22px\"><span class=\"vc_empty_space_inner\"><\/span><\/div><\/div><\/div><\/div>\t<\/div>\n<\/div>\n\n<div class=\"container clearfix\">\n\t<div class=\"vc_row wpb_row\">\n\t\t<div class=\"wpb_column vc_column_container vc_col-sm-12\"><div class=\"vc_column-inner\"><div class=\"wpb_wrapper\"><div class=\"vc_row wpb_row vc_inner vc_row-fluid\"><div class=\"wpb_column vc_column_container vc_col-sm-6\"><div class=\"vc_column-inner\"><div class=\"wpb_wrapper\"><div class=\"vc_empty_space\"   style=\"height: 55px\"><span class=\"vc_empty_space_inner\"><\/span><\/div>\n\t<div class=\"wpb_text_column wpb_content_element\" >\n\t\t<div class=\"wpb_wrapper\">\n\t\t\t<h3><span style=\"color: #4d738a;\"><strong>Fog\u00f5es Eficientes<\/strong><\/span><\/h3>\n<p><span style=\"color: #343434;\">Os fog\u00f5es eficientes feitos localmente ajudam as fam\u00edlias de baixo rendimento a cozinhar de forma mais eficiente, poupando combust\u00edvel e emitindo menos CO2. Esta \u00e9 uma oportunidade fant\u00e1stica para ajudar uma fam\u00edlia a poupar dinheiro e tamb\u00e9m a reduzir as suas emiss\u00f5es.<\/span><\/p>\n<p><span style=\"color: #343434;\">Eu 10 \u00e9 o pre\u00e7o para financiar um fog\u00e3o de cozinha. Isto ir\u00e1 aumentar o rendimento dispon\u00edvel desta fam\u00edlia em 10% e evitar 2 toneladas de CO2 por ano. 20 toneladas de CO2 evitadas durante o tempo de vida da cozinheira.<\/span><\/p>\n<p>&nbsp;<\/p>\n<p><span style=\"color: #343434;\">Consegue imaginar algo mais maravilhoso que possa fazer pelo pre\u00e7o de uma bebida?<\/span><\/p>\n\n\t\t<\/div>\n\t<\/div>\n<\/div><\/div><\/div><div class=\"wpb_column vc_column_container vc_col-sm-6\"><div class=\"vc_column-inner\"><div class=\"wpb_wrapper\">\n\t<div class=\"wpb_text_column wpb_content_element\" >\n\t\t<div class=\"wpb_wrapper\">\n\t\t\t<figure id=\"attachment_7263\" aria-describedby=\"caption-attachment-7263\" style=\"width: 2048px\" class=\"wp-caption alignright\"><img decoding=\"async\" loading=\"lazy\" class=\"wp-image-7263\" src=\"https:\/\/planetalindo.com\/wp-content\/uploads\/2022\/05\/@UN-Women-Fund-for-Gender-Equality-300x225.jpg\" alt=\"@UN Women Fund for Gender Equality\" width=\"2048\" height=\"1536\" srcset=\"https:\/\/planetalindo.com\/wp-content\/uploads\/2022\/05\/@UN-Women-Fund-for-Gender-Equality-300x225.jpg 300w, https:\/\/planetalindo.com\/wp-content\/uploads\/2022\/05\/@UN-Women-Fund-for-Gender-Equality-768x576.jpg 768w, https:\/\/planetalindo.com\/wp-content\/uploads\/2022\/05\/@UN-Women-Fund-for-Gender-Equality-16x12.jpg 16w, https:\/\/planetalindo.com\/wp-content\/uploads\/2022\/05\/@UN-Women-Fund-for-Gender-Equality-24x18.jpg 24w, https:\/\/planetalindo.com\/wp-content\/uploads\/2022\/05\/@UN-Women-Fund-for-Gender-Equality-36x27.jpg 36w, https:\/\/planetalindo.com\/wp-content\/uploads\/2022\/05\/@UN-Women-Fund-for-Gender-Equality-48x36.jpg 48w, https:\/\/planetalindo.com\/wp-content\/uploads\/2022\/05\/@UN-Women-Fund-for-Gender-Equality-133x100.jpg 133w, https:\/\/planetalindo.com\/wp-content\/uploads\/2022\/05\/@UN-Women-Fund-for-Gender-Equality-235x176.jpg 235w, https:\/\/planetalindo.com\/wp-content\/uploads\/2022\/05\/@UN-Women-Fund-for-Gender-Equality-480x360.jpg 480w, https:\/\/planetalindo.com\/wp-content\/uploads\/2022\/05\/@UN-Women-Fund-for-Gender-Equality-740x555.jpg 740w, https:\/\/planetalindo.com\/wp-content\/uploads\/2022\/05\/@UN-Women-Fund-for-Gender-Equality.jpg 1024w\" sizes=\"(max-width: 2048px) 100vw, 2048px\" \/><figcaption id=\"caption-attachment-7263\" class=\"wp-caption-text\">@UN Women Fund for Gender Equality<\/figcaption><\/figure>\n\n\t\t<\/div>\n\t<\/div>\n<\/div><\/div><\/div><\/div><div class=\"vc_row wpb_row vc_inner vc_row-fluid\"><div class=\"wpb_column vc_column_container vc_col-sm-6\"><div class=\"vc_column-inner\"><div class=\"wpb_wrapper\">\n\t<div class=\"wpb_text_column wpb_content_element\" >\n\t\t<div class=\"wpb_wrapper\">\n\t\t\t<figure id=\"attachment_7262\" aria-describedby=\"caption-attachment-7262\" style=\"width: 2048px\" class=\"wp-caption alignleft\"><img decoding=\"async\" loading=\"lazy\" class=\"wp-image-7262 size-full\" src=\"https:\/\/planetalindo.com\/wp-content\/uploads\/2022\/05\/@UK-Department-for-International-Development.jpg\" alt=\"@UK Department for International Development\" width=\"2048\" height=\"1365\" srcset=\"https:\/\/planetalindo.com\/wp-content\/uploads\/2022\/05\/@UK-Department-for-International-Development.jpg 2048w, https:\/\/planetalindo.com\/wp-content\/uploads\/2022\/05\/@UK-Department-for-International-Development-300x200.jpg 300w, https:\/\/planetalindo.com\/wp-content\/uploads\/2022\/05\/@UK-Department-for-International-Development-1024x683.jpg 1024w, https:\/\/planetalindo.com\/wp-content\/uploads\/2022\/05\/@UK-Department-for-International-Development-768x512.jpg 768w, https:\/\/planetalindo.com\/wp-content\/uploads\/2022\/05\/@UK-Department-for-International-Development-1536x1024.jpg 1536w, https:\/\/planetalindo.com\/wp-content\/uploads\/2022\/05\/@UK-Department-for-International-Development-18x12.jpg 18w, https:\/\/planetalindo.com\/wp-content\/uploads\/2022\/05\/@UK-Department-for-International-Development-24x16.jpg 24w, https:\/\/planetalindo.com\/wp-content\/uploads\/2022\/05\/@UK-Department-for-International-Development-36x24.jpg 36w, https:\/\/planetalindo.com\/wp-content\/uploads\/2022\/05\/@UK-Department-for-International-Development-48x32.jpg 48w, https:\/\/planetalindo.com\/wp-content\/uploads\/2022\/05\/@UK-Department-for-International-Development-133x89.jpg 133w, https:\/\/planetalindo.com\/wp-content\/uploads\/2022\/05\/@UK-Department-for-International-Development-235x157.jpg 235w, https:\/\/planetalindo.com\/wp-content\/uploads\/2022\/05\/@UK-Department-for-International-Development-480x320.jpg 480w, https:\/\/planetalindo.com\/wp-content\/uploads\/2022\/05\/@UK-Department-for-International-Development-740x493.jpg 740w, https:\/\/planetalindo.com\/wp-content\/uploads\/2022\/05\/@UK-Department-for-International-Development-1520x1013.jpg 1520w\" sizes=\"(max-width: 2048px) 100vw, 2048px\" \/><figcaption id=\"caption-attachment-7262\" class=\"wp-caption-text\">@UK Department for International Development<\/figcaption><\/figure>\n\n\t\t<\/div>\n\t<\/div>\n<\/div><\/div><\/div><div class=\"wpb_column vc_column_container vc_col-sm-6\"><div class=\"vc_column-inner\"><div class=\"wpb_wrapper\">\n\t<div class=\"wpb_text_column wpb_content_element\" >\n\t\t<div class=\"wpb_wrapper\">\n\t\t\t<figure id=\"attachment_7714\" aria-describedby=\"caption-attachment-7714\" style=\"width: 2048px\" class=\"wp-caption alignright\"><img decoding=\"async\" loading=\"lazy\" class=\"wp-image-7714 size-full\" src=\"https:\/\/planetalindo.com\/wp-content\/uploads\/2022\/06\/@worldbankblog-scaled-1.jpeg\" alt=\"@worldbankblog\" width=\"2048\" height=\"1365\" srcset=\"https:\/\/planetalindo.com\/wp-content\/uploads\/2022\/06\/@worldbankblog-scaled-1.jpeg 2048w, https:\/\/planetalindo.com\/wp-content\/uploads\/2022\/06\/@worldbankblog-scaled-1-300x200.jpeg 300w, https:\/\/planetalindo.com\/wp-content\/uploads\/2022\/06\/@worldbankblog-scaled-1-1024x683.jpeg 1024w, https:\/\/planetalindo.com\/wp-content\/uploads\/2022\/06\/@worldbankblog-scaled-1-768x512.jpeg 768w, https:\/\/planetalindo.com\/wp-content\/uploads\/2022\/06\/@worldbankblog-scaled-1-1536x1024.jpeg 1536w, https:\/\/planetalindo.com\/wp-content\/uploads\/2022\/06\/@worldbankblog-scaled-1-18x12.jpeg 18w, https:\/\/planetalindo.com\/wp-content\/uploads\/2022\/06\/@worldbankblog-scaled-1-24x16.jpeg 24w, https:\/\/planetalindo.com\/wp-content\/uploads\/2022\/06\/@worldbankblog-scaled-1-36x24.jpeg 36w, https:\/\/planetalindo.com\/wp-content\/uploads\/2022\/06\/@worldbankblog-scaled-1-48x32.jpeg 48w, https:\/\/planetalindo.com\/wp-content\/uploads\/2022\/06\/@worldbankblog-scaled-1-133x89.jpeg 133w, https:\/\/planetalindo.com\/wp-content\/uploads\/2022\/06\/@worldbankblog-scaled-1-235x157.jpeg 235w, https:\/\/planetalindo.com\/wp-content\/uploads\/2022\/06\/@worldbankblog-scaled-1-480x320.jpeg 480w, https:\/\/planetalindo.com\/wp-content\/uploads\/2022\/06\/@worldbankblog-scaled-1-740x493.jpeg 740w, https:\/\/planetalindo.com\/wp-content\/uploads\/2022\/06\/@worldbankblog-scaled-1-1520x1013.jpeg 1520w\" sizes=\"(max-width: 2048px) 100vw, 2048px\" \/><figcaption id=\"caption-attachment-7714\" class=\"wp-caption-text\">@worldbankblog<\/figcaption><\/figure>\n\n\t\t<\/div>\n\t<\/div>\n<\/div><\/div><\/div><\/div><div class=\"vc_empty_space\"   style=\"height: 22px\"><span class=\"vc_empty_space_inner\"><\/span><\/div><\/div><\/div><\/div>\t<\/div>\n<\/div>\n\n<div class=\"container clearfix\">\n\t<div class=\"vc_row wpb_row\">\n\t\t<div class=\"wpb_column vc_column_container vc_col-sm-12\"><div class=\"vc_column-inner\"><div class=\"wpb_wrapper\"><div class=\"vc_empty_space\"   style=\"height: 36px\"><span class=\"vc_empty_space_inner\"><\/span><\/div><div class=\"vc_empty_space\"   style=\"height: 22px\"><span class=\"vc_empty_space_inner\"><\/span><\/div><\/div><\/div><\/div>\t<\/div>\n<\/div>\n\n<div class=\"container clearfix\">\n\t<div class=\"vc_row wpb_row\">\n\t\t<div class=\"wpb_column vc_column_container vc_col-sm-12\"><div class=\"vc_column-inner\"><div class=\"wpb_wrapper\"><div class=\"vc_row wpb_row vc_inner vc_row-fluid\"><div class=\"wpb_column vc_column_container vc_col-sm-6\"><div class=\"vc_column-inner\"><div class=\"wpb_wrapper\"><div class=\"vc_empty_space\"   style=\"height: 65px\"><span class=\"vc_empty_space_inner\"><\/span><\/div>\n\t<div class=\"wpb_text_column wpb_content_element\" >\n\t\t<div class=\"wpb_wrapper\">\n\t\t\t<h3><span style=\"color: #4d738a;\"><strong>Abastecimento de \u00c1gua Pot\u00e1vel<\/strong><\/span><\/h3>\n<p><span style=\"color: #343434;\">Constru\u00e7\u00e3o de po\u00e7os de energia solar com capacidade de filtra\u00e7\u00e3o para evitar as emiss\u00f5es causadas pela utiliza\u00e7\u00e3o de \u00e1rvores nativas como combust\u00edvel para a purifica\u00e7\u00e3o da \u00e1gua<\/span><\/p>\n\n\t\t<\/div>\n\t<\/div>\n<\/div><\/div><\/div><div class=\"wpb_column vc_column_container vc_col-sm-6\"><div class=\"vc_column-inner\"><div class=\"wpb_wrapper\">\n\t<div class=\"wpb_text_column wpb_content_element\" >\n\t\t<div class=\"wpb_wrapper\">\n\t\t\t<p><img decoding=\"async\" loading=\"lazy\" class=\"alignright wp-image-8090\" src=\"https:\/\/planetalindo.com\/wp-content\/uploads\/2022\/06\/clean-water-suppy-1-e1654643889313-300x200.jpg\" alt=\"\" width=\"2048\" height=\"1366\" srcset=\"https:\/\/planetalindo.com\/wp-content\/uploads\/2022\/06\/clean-water-suppy-1-e1654643889313-300x200.jpg 300w, https:\/\/planetalindo.com\/wp-content\/uploads\/2022\/06\/clean-water-suppy-1-e1654643889313-768x512.jpg 768w, https:\/\/planetalindo.com\/wp-content\/uploads\/2022\/06\/clean-water-suppy-1-e1654643889313-18x12.jpg 18w, https:\/\/planetalindo.com\/wp-content\/uploads\/2022\/06\/clean-water-suppy-1-e1654643889313-24x16.jpg 24w, https:\/\/planetalindo.com\/wp-content\/uploads\/2022\/06\/clean-water-suppy-1-e1654643889313-36x24.jpg 36w, https:\/\/planetalindo.com\/wp-content\/uploads\/2022\/06\/clean-water-suppy-1-e1654643889313-48x32.jpg 48w, https:\/\/planetalindo.com\/wp-content\/uploads\/2022\/06\/clean-water-suppy-1-e1654643889313-133x89.jpg 133w, https:\/\/planetalindo.com\/wp-content\/uploads\/2022\/06\/clean-water-suppy-1-e1654643889313-235x157.jpg 235w, https:\/\/planetalindo.com\/wp-content\/uploads\/2022\/06\/clean-water-suppy-1-e1654643889313-480x320.jpg 480w, https:\/\/planetalindo.com\/wp-content\/uploads\/2022\/06\/clean-water-suppy-1-e1654643889313-740x494.jpg 740w, https:\/\/planetalindo.com\/wp-content\/uploads\/2022\/06\/clean-water-suppy-1-e1654643889313.jpg 922w\" sizes=\"(max-width: 2048px) 100vw, 2048px\" \/><\/p>\n\n\t\t<\/div>\n\t<\/div>\n<\/div><\/div><\/div><\/div><\/div><\/div><\/div>\t<\/div>\n<\/div>\n<\/section>\n\n<section class=\"vc_section\">\n\t\n<div class=\"container clearfix\">\n\t<div class=\"vc_row wpb_row\">\n\t\t<div class=\"wpb_column vc_column_container vc_col-sm-12\"><div class=\"vc_column-inner\"><div class=\"wpb_wrapper\">\n<div class=\"section-heading\">\n\t<h2 style=\"text-align: center;\"><img decoding=\"async\" loading=\"lazy\" class=\"alignnone wp-image-7894\" src=\"https:\/\/planetalindo.com\/wp-content\/uploads\/2022\/06\/05_news-1-300x300.png\" alt=\"\" width=\"100\" height=\"100\" \/>\u00a0 \u00daltimas Not\u00edcias<span class=\"decor-line\"><\/span><\/h2>\n<\/div>\n<\/div><\/div><\/div>\t<\/div>\n<\/div>\n\n<div class=\"container clearfix\">\n\t<div class=\"vc_row wpb_row\">\n\t\t<div class=\"wpb_column vc_column_container vc_col-sm-12\"><div class=\"vc_column-inner\"><div class=\"wpb_wrapper\">\n\n\t<div class=\"recent-posts\">\n\n\t\t\n\t\t\t<div class=\"post-card\">\n\t\t\t\t<a href=\"https:\/\/planetalindo.com\/pt\/blue-speeds-for-shipping\/\" rel=\"bookmark\">\n\t\t\t\t\t<div class=\"post-card-image\"><img width=\"480\" height=\"267\" src=\"https:\/\/planetalindo.com\/wp-content\/uploads\/2022\/10\/bg-ocean-copy-480x267.jpg\" class=\"attachment-nur_small size-nur_small wp-post-image\" alt=\"\" decoding=\"async\" loading=\"lazy\" srcset=\"https:\/\/planetalindo.com\/wp-content\/uploads\/2022\/10\/bg-ocean-copy-480x267.jpg 480w, https:\/\/planetalindo.com\/wp-content\/uploads\/2022\/10\/bg-ocean-copy-300x167.jpg 300w, https:\/\/planetalindo.com\/wp-content\/uploads\/2022\/10\/bg-ocean-copy-1024x569.jpg 1024w, https:\/\/planetalindo.com\/wp-content\/uploads\/2022\/10\/bg-ocean-copy-768x427.jpg 768w, https:\/\/planetalindo.com\/wp-content\/uploads\/2022\/10\/bg-ocean-copy-18x10.jpg 18w, https:\/\/planetalindo.com\/wp-content\/uploads\/2022\/10\/bg-ocean-copy-24x13.jpg 24w, https:\/\/planetalindo.com\/wp-content\/uploads\/2022\/10\/bg-ocean-copy-36x20.jpg 36w, https:\/\/planetalindo.com\/wp-content\/uploads\/2022\/10\/bg-ocean-copy-48x27.jpg 48w, https:\/\/planetalindo.com\/wp-content\/uploads\/2022\/10\/bg-ocean-copy-133x74.jpg 133w, https:\/\/planetalindo.com\/wp-content\/uploads\/2022\/10\/bg-ocean-copy-235x131.jpg 235w, https:\/\/planetalindo.com\/wp-content\/uploads\/2022\/10\/bg-ocean-copy-740x411.jpg 740w, https:\/\/planetalindo.com\/wp-content\/uploads\/2022\/10\/bg-ocean-copy.jpg 1354w\" sizes=\"(max-width: 480px) 100vw, 480px\" \/><\/div>\n\t\t\t\t\t<h4 class=\"post-card-title\">Blue Speeds for Shipping<\/h4>\n\t\t\t\t\t<time class=\"post-card-date\" datetime=\"2022-10-19T21:06:36+00:00\">Outubro 19, 2022<\/time>\n\t\t\t\t<\/a>\n\t\t\t<\/div>\n\n\t\t\n\t\t\t<div class=\"post-card\">\n\t\t\t\t<a href=\"https:\/\/planetalindo.com\/pt\/great-pacific-garbage-patch\/\" rel=\"bookmark\">\n\t\t\t\t\t<div class=\"post-card-image\"><img width=\"480\" height=\"270\" src=\"https:\/\/planetalindo.com\/wp-content\/uploads\/2022\/08\/Screenshot-2022-08-17-at-22.55.19-480x270.png\" class=\"attachment-nur_small size-nur_small wp-post-image\" alt=\"\" decoding=\"async\" loading=\"lazy\" srcset=\"https:\/\/planetalindo.com\/wp-content\/uploads\/2022\/08\/Screenshot-2022-08-17-at-22.55.19-480x270.png 480w, https:\/\/planetalindo.com\/wp-content\/uploads\/2022\/08\/Screenshot-2022-08-17-at-22.55.19-300x169.png 300w, https:\/\/planetalindo.com\/wp-content\/uploads\/2022\/08\/Screenshot-2022-08-17-at-22.55.19-1024x577.png 1024w, https:\/\/planetalindo.com\/wp-content\/uploads\/2022\/08\/Screenshot-2022-08-17-at-22.55.19-768x433.png 768w, https:\/\/planetalindo.com\/wp-content\/uploads\/2022\/08\/Screenshot-2022-08-17-at-22.55.19-1536x865.png 1536w, https:\/\/planetalindo.com\/wp-content\/uploads\/2022\/08\/Screenshot-2022-08-17-at-22.55.19-18x10.png 18w, https:\/\/planetalindo.com\/wp-content\/uploads\/2022\/08\/Screenshot-2022-08-17-at-22.55.19-24x14.png 24w, https:\/\/planetalindo.com\/wp-content\/uploads\/2022\/08\/Screenshot-2022-08-17-at-22.55.19-36x20.png 36w, https:\/\/planetalindo.com\/wp-content\/uploads\/2022\/08\/Screenshot-2022-08-17-at-22.55.19-48x27.png 48w, https:\/\/planetalindo.com\/wp-content\/uploads\/2022\/08\/Screenshot-2022-08-17-at-22.55.19-133x75.png 133w, https:\/\/planetalindo.com\/wp-content\/uploads\/2022\/08\/Screenshot-2022-08-17-at-22.55.19-235x132.png 235w, https:\/\/planetalindo.com\/wp-content\/uploads\/2022\/08\/Screenshot-2022-08-17-at-22.55.19-740x417.png 740w, https:\/\/planetalindo.com\/wp-content\/uploads\/2022\/08\/Screenshot-2022-08-17-at-22.55.19-1520x856.png 1520w, https:\/\/planetalindo.com\/wp-content\/uploads\/2022\/08\/Screenshot-2022-08-17-at-22.55.19.png 1708w\" sizes=\"(max-width: 480px) 100vw, 480px\" \/><\/div>\n\t\t\t\t\t<h4 class=\"post-card-title\">Great Pacific Garbage Patch<\/h4>\n\t\t\t\t\t<time class=\"post-card-date\" datetime=\"2022-08-17T22:02:17+00:00\">Agosto 17, 2022<\/time>\n\t\t\t\t<\/a>\n\t\t\t<\/div>\n\n\t\t\n\t\t\t<div class=\"post-card\">\n\t\t\t\t<a href=\"https:\/\/planetalindo.com\/pt\/vice-president-harris-casts-tie-breaking-vote-to-advance-sweeping-bill\/\" rel=\"bookmark\">\n\t\t\t\t\t<div class=\"post-card-image\"><img width=\"480\" height=\"268\" src=\"https:\/\/planetalindo.com\/wp-content\/uploads\/2022\/08\/Screenshot-2022-08-09-at-23.49.00-480x268.png\" class=\"attachment-nur_small size-nur_small wp-post-image\" alt=\"\" decoding=\"async\" loading=\"lazy\" srcset=\"https:\/\/planetalindo.com\/wp-content\/uploads\/2022\/08\/Screenshot-2022-08-09-at-23.49.00-480x268.png 480w, https:\/\/planetalindo.com\/wp-content\/uploads\/2022\/08\/Screenshot-2022-08-09-at-23.49.00-300x167.png 300w, https:\/\/planetalindo.com\/wp-content\/uploads\/2022\/08\/Screenshot-2022-08-09-at-23.49.00-1024x571.png 1024w, https:\/\/planetalindo.com\/wp-content\/uploads\/2022\/08\/Screenshot-2022-08-09-at-23.49.00-768x428.png 768w, https:\/\/planetalindo.com\/wp-content\/uploads\/2022\/08\/Screenshot-2022-08-09-at-23.49.00-1536x856.png 1536w, https:\/\/planetalindo.com\/wp-content\/uploads\/2022\/08\/Screenshot-2022-08-09-at-23.49.00-18x10.png 18w, https:\/\/planetalindo.com\/wp-content\/uploads\/2022\/08\/Screenshot-2022-08-09-at-23.49.00-24x13.png 24w, https:\/\/planetalindo.com\/wp-content\/uploads\/2022\/08\/Screenshot-2022-08-09-at-23.49.00-36x20.png 36w, https:\/\/planetalindo.com\/wp-content\/uploads\/2022\/08\/Screenshot-2022-08-09-at-23.49.00-48x27.png 48w, https:\/\/planetalindo.com\/wp-content\/uploads\/2022\/08\/Screenshot-2022-08-09-at-23.49.00-133x74.png 133w, https:\/\/planetalindo.com\/wp-content\/uploads\/2022\/08\/Screenshot-2022-08-09-at-23.49.00-235x131.png 235w, https:\/\/planetalindo.com\/wp-content\/uploads\/2022\/08\/Screenshot-2022-08-09-at-23.49.00-740x413.png 740w, https:\/\/planetalindo.com\/wp-content\/uploads\/2022\/08\/Screenshot-2022-08-09-at-23.49.00-1520x848.png 1520w, https:\/\/planetalindo.com\/wp-content\/uploads\/2022\/08\/Screenshot-2022-08-09-at-23.49.00.png 1546w\" sizes=\"(max-width: 480px) 100vw, 480px\" \/><\/div>\n\t\t\t\t\t<h4 class=\"post-card-title\">Vice President Harris casts tie-breaking vote to advance sweeping bill<\/h4>\n\t\t\t\t\t<time class=\"post-card-date\" datetime=\"2022-08-09T22:54:16+00:00\">Agosto 9, 2022<\/time>\n\t\t\t\t<\/a>\n\t\t\t<\/div>\n\n\t\t\n\t\t\n\t<\/div>\n\n<\/div><\/div><\/div>\t<\/div>\n<\/div>\n<\/section>","protected":false},"excerpt":{"rendered":"The Senate worked through the night voting on amendments for the Democrats' sweeping health care and climate change bill. The bill would be the largest climate investment in US history. [...]","protected":false},"author":1,"featured_media":0,"parent":0,"menu_order":0,"comment_status":"closed","ping_status":"closed","template":"","meta":{"_mi_skip_tracking":false,"_monsterinsights_sitenote_active":false,"_monsterinsights_sitenote_note":"","_monsterinsights_sitenote_category":0},"aioseo_notices":[],"_links":{"self":[{"href":"https:\/\/planetalindo.com\/pt\/wp-json\/wp\/v2\/pages\/8080"}],"collection":[{"href":"https:\/\/planetalindo.com\/pt\/wp-json\/wp\/v2\/pages"}],"about":[{"href":"https:\/\/planetalindo.com\/pt\/wp-json\/wp\/v2\/types\/page"}],"author":[{"embeddable":true,"href":"https:\/\/planetalindo.com\/pt\/wp-json\/wp\/v2\/users\/1"}],"replies":[{"embeddable":true,"href":"https:\/\/planetalindo.com\/pt\/wp-json\/wp\/v2\/comments?post=8080"}],"version-history":[{"count":24,"href":"https:\/\/planetalindo.com\/pt\/wp-json\/wp\/v2\/pages\/8080\/revisions"}],"predecessor-version":[{"id":8349,"href":"https:\/\/planetalindo.com\/pt\/wp-json\/wp\/v2\/pages\/8080\/revisions\/8349"}],"wp:attachment":[{"href":"https:\/\/planetalindo.com\/pt\/wp-json\/wp\/v2\/media?parent=8080"}],"curies":[{"name":"wp","href":"https:\/\/api.w.org\/{rel}","templated":true}]}}