{"id":8079,"date":"2022-06-03T23:03:35","date_gmt":"2022-06-03T23:03:35","guid":{"rendered":"http:\/\/planetalindo.pt\/?page_id=8079"},"modified":"2022-06-08T23:51:35","modified_gmt":"2022-06-08T23:51:35","slug":"plastic_waste_reduction","status":"publish","type":"page","link":"https:\/\/planetalindo.com\/pt\/plastic_waste_reduction\/","title":{"rendered":"Redu\u00e7\u00e3o de Res\u00edduos Pl\u00e1sticos"},"content":{"rendered":"<section class=\"vc_section vc_custom_1509772361260\">\n\t\n<div class=\"container clearfix\">\n\t<div class=\"vc_row wpb_row\">\n\t\t<div class=\"wpb_column vc_column_container vc_col-sm-12\"><div class=\"vc_column-inner\"><div class=\"wpb_wrapper\"><div class=\"vc_empty_space\"   style=\"height: 40px\"><span class=\"vc_empty_space_inner\"><\/span><\/div>\n<div class=\"image-section image-section--boxed-image image-section--content-left\">\n\n\t<div class=\"image-section-image\">\n\t\t<img width=\"1492\" height=\"1294\" src=\"https:\/\/planetalindo.com\/wp-content\/uploads\/2022\/06\/Screenshot-2022-06-04-at-00.00.31.png\" class=\"attachment-full size-full\" alt=\"\" decoding=\"async\" loading=\"lazy\" srcset=\"https:\/\/planetalindo.com\/wp-content\/uploads\/2022\/06\/Screenshot-2022-06-04-at-00.00.31.png 1492w, https:\/\/planetalindo.com\/wp-content\/uploads\/2022\/06\/Screenshot-2022-06-04-at-00.00.31-300x260.png 300w, https:\/\/planetalindo.com\/wp-content\/uploads\/2022\/06\/Screenshot-2022-06-04-at-00.00.31-1024x888.png 1024w, https:\/\/planetalindo.com\/wp-content\/uploads\/2022\/06\/Screenshot-2022-06-04-at-00.00.31-768x666.png 768w, https:\/\/planetalindo.com\/wp-content\/uploads\/2022\/06\/Screenshot-2022-06-04-at-00.00.31-14x12.png 14w, https:\/\/planetalindo.com\/wp-content\/uploads\/2022\/06\/Screenshot-2022-06-04-at-00.00.31-24x21.png 24w, https:\/\/planetalindo.com\/wp-content\/uploads\/2022\/06\/Screenshot-2022-06-04-at-00.00.31-36x31.png 36w, https:\/\/planetalindo.com\/wp-content\/uploads\/2022\/06\/Screenshot-2022-06-04-at-00.00.31-48x42.png 48w, https:\/\/planetalindo.com\/wp-content\/uploads\/2022\/06\/Screenshot-2022-06-04-at-00.00.31-133x115.png 133w, https:\/\/planetalindo.com\/wp-content\/uploads\/2022\/06\/Screenshot-2022-06-04-at-00.00.31-235x204.png 235w, https:\/\/planetalindo.com\/wp-content\/uploads\/2022\/06\/Screenshot-2022-06-04-at-00.00.31-480x416.png 480w, https:\/\/planetalindo.com\/wp-content\/uploads\/2022\/06\/Screenshot-2022-06-04-at-00.00.31-740x642.png 740w\" sizes=\"(max-width: 1492px) 100vw, 1492px\" \/>\t<\/div>\n\n\t<div class=\"container clearfix\">\n\t\t<section class=\"image-section-content\">\n\t\t\t\n\t<div class=\"wpb_text_column wpb_content_element\" >\n\t\t<div class=\"wpb_wrapper\">\n\t\t\t<h3><span style=\"color: #4d738a;\"><strong>Projectos de Redu\u00e7\u00e3o de Res\u00edduos Pl\u00e1sticos<\/strong><\/span><\/h3>\n<p>&nbsp;<\/p>\n<p><span style=\"color: #343434;\">Os cr\u00e9ditos pl\u00e1sticos utilizam um mecanismo semelhante aos cr\u00e9ditos de carbono mas permitem que as empresas se tornem <b>neutras de pl\u00e1stico.<\/b><\/span><\/p>\n<p><span style=\"color: #343434;\">Ap\u00f3s o c\u00e1lculo da pegada pl\u00e1stica e as etapas de redu\u00e7\u00e3o terem sido alcan\u00e7adas, as empresas podem come\u00e7ar a financiar projectos de redu\u00e7\u00e3o pl\u00e1stica atrav\u00e9s da compra de cr\u00e9ditos pl\u00e1sticos.<\/span><\/p>\n\n\t\t<\/div>\n\t<\/div>\n\n\t<div class=\"wpb_text_column wpb_content_element  vc_custom_1654359225335\" >\n\t\t<div class=\"wpb_wrapper\">\n\t\t\t<p><strong>As empresas devem primeiro (onde poss\u00edvel):<\/strong><\/p>\n<p><img decoding=\"async\" loading=\"lazy\" class=\"size-full wp-image-7608 alignleft\" src=\"https:\/\/planetalindo.com\/wp-content\/uploads\/2022\/05\/1.jpg\" alt=\"\" width=\"120\" height=\"120\" srcset=\"https:\/\/planetalindo.com\/wp-content\/uploads\/2022\/05\/1.jpg 120w, https:\/\/planetalindo.com\/wp-content\/uploads\/2022\/05\/1-12x12.jpg 12w, https:\/\/planetalindo.com\/wp-content\/uploads\/2022\/05\/1-24x24.jpg 24w, https:\/\/planetalindo.com\/wp-content\/uploads\/2022\/05\/1-36x36.jpg 36w, https:\/\/planetalindo.com\/wp-content\/uploads\/2022\/05\/1-48x48.jpg 48w, https:\/\/planetalindo.com\/wp-content\/uploads\/2022\/05\/1-90x90.jpg 90w\" sizes=\"(max-width: 120px) 100vw, 120px\" \/><\/p>\n<p>&nbsp;<\/p>\n<p style=\"text-align: left;\"><strong><span style=\"color: #343434;\">Reduzir os res\u00edduos pl\u00e1sticos atrav\u00e9s do redesenho de produtos.<\/span><\/strong><\/p>\n<p>&nbsp;<\/p>\n<p>&nbsp;<\/p>\n<p><img decoding=\"async\" loading=\"lazy\" class=\"wp-image-7609 size-full alignleft\" src=\"https:\/\/planetalindo.com\/wp-content\/uploads\/2022\/05\/2.jpg\" alt=\"\" width=\"120\" height=\"120\" srcset=\"https:\/\/planetalindo.com\/wp-content\/uploads\/2022\/05\/2.jpg 120w, https:\/\/planetalindo.com\/wp-content\/uploads\/2022\/05\/2-12x12.jpg 12w, https:\/\/planetalindo.com\/wp-content\/uploads\/2022\/05\/2-24x24.jpg 24w, https:\/\/planetalindo.com\/wp-content\/uploads\/2022\/05\/2-36x36.jpg 36w, https:\/\/planetalindo.com\/wp-content\/uploads\/2022\/05\/2-48x48.jpg 48w, https:\/\/planetalindo.com\/wp-content\/uploads\/2022\/05\/2-90x90.jpg 90w\" sizes=\"(max-width: 120px) 100vw, 120px\" \/><\/p>\n<p>&nbsp;<\/p>\n<p style=\"text-align: left;\"><strong><span style=\"color: #343434;\">Utilizar materiais reciclados<\/span><\/strong><\/p>\n<p>&nbsp;<\/p>\n<p>&nbsp;<\/p>\n<p><img decoding=\"async\" loading=\"lazy\" class=\"wp-image-7610 size-full alignleft\" src=\"https:\/\/planetalindo.com\/wp-content\/uploads\/2022\/05\/3.jpg\" alt=\"\" width=\"120\" height=\"120\" srcset=\"https:\/\/planetalindo.com\/wp-content\/uploads\/2022\/05\/3.jpg 120w, https:\/\/planetalindo.com\/wp-content\/uploads\/2022\/05\/3-12x12.jpg 12w, https:\/\/planetalindo.com\/wp-content\/uploads\/2022\/05\/3-24x24.jpg 24w, https:\/\/planetalindo.com\/wp-content\/uploads\/2022\/05\/3-36x36.jpg 36w, https:\/\/planetalindo.com\/wp-content\/uploads\/2022\/05\/3-48x48.jpg 48w, https:\/\/planetalindo.com\/wp-content\/uploads\/2022\/05\/3-90x90.jpg 90w\" sizes=\"(max-width: 120px) 100vw, 120px\" \/><\/p>\n<p>&nbsp;<\/p>\n<p style=\"text-align: left;\"><span style=\"color: #343434;\"><strong>Gerir adequadamente os res\u00edduos que n\u00e3o podem ser reduzidos<\/strong><\/span><\/p>\n<div style=\"text-align: left;\"><\/div>\n<div><\/div>\n<div><\/div>\n<div><\/div>\n<div style=\"text-align: center;\"><\/div>\n\n\t\t<\/div>\n\t<\/div>\n\t\t<\/section>\n\t<\/div>\n\n<\/div>\n<div class=\"vc_empty_space\"   style=\"height: 22px\"><span class=\"vc_empty_space_inner\"><\/span><\/div><\/div><\/div><\/div>\t<\/div>\n<\/div>\n<\/section>\n\n<section class=\"vc_section\">\n\t\n<div class=\"container clearfix\">\n\t<div class=\"vc_row wpb_row\">\n\t\t<div class=\"wpb_column vc_column_container vc_col-sm-12\"><div class=\"vc_column-inner\"><div class=\"wpb_wrapper\">\n\t<div class=\"wpb_text_column wpb_content_element\" >\n\t\t<div class=\"wpb_wrapper\">\n\t\t\t<h4 style=\"text-align: center;\"><em><strong><span style=\"font-family: Century Old Style;\"><span style=\"color: #4e7489;\">\u00abWe are the first generation to feel the effect of climate change<br \/>\nand the last generation who can do something about it.\u00bb<\/span><\/span><\/strong><\/em><\/h4>\n\n\t\t<\/div>\n\t<\/div>\n\n\t<div class=\"wpb_text_column wpb_content_element  vc_custom_1654732293528\" >\n\t\t<div class=\"wpb_wrapper\">\n\t\t\t<h6 style=\"text-align: center;\"><strong><span style=\"color: #4e7489; font-family: Arial;\">President Barack Obama<\/span><\/strong><\/h6>\n\n\t\t<\/div>\n\t<\/div>\n<\/div><\/div><\/div>\t<\/div>\n<\/div>\n\n<div class=\"container clearfix\">\n\t<div class=\"vc_row wpb_row\">\n\t\t<div class=\"wpb_column vc_column_container vc_col-sm-12\"><div class=\"vc_column-inner\"><div class=\"wpb_wrapper\">\n<div class=\"section-heading\">\n\t<h2 style=\"text-align: center;\"><img decoding=\"async\" loading=\"lazy\" class=\"alignnone wp-image-7894\" src=\"https:\/\/planetalindo.com\/wp-content\/uploads\/2022\/06\/05_news-1-300x300.png\" alt=\"\" width=\"100\" height=\"100\" \/>\u00a0 \u00daltimas Not\u00edcias<span class=\"decor-line\"><\/span><\/h2>\n<\/div>\n<\/div><\/div><\/div>\t<\/div>\n<\/div>\n\n<div class=\"container clearfix\">\n\t<div class=\"vc_row wpb_row\">\n\t\t<div class=\"wpb_column vc_column_container vc_col-sm-12\"><div class=\"vc_column-inner\"><div class=\"wpb_wrapper\">\n\n\t<div class=\"recent-posts\">\n\n\t\t\n\t\t\t<div class=\"post-card\">\n\t\t\t\t<a href=\"https:\/\/planetalindo.com\/pt\/blue-speeds-for-shipping\/\" rel=\"bookmark\">\n\t\t\t\t\t<div class=\"post-card-image\"><img width=\"480\" height=\"267\" src=\"https:\/\/planetalindo.com\/wp-content\/uploads\/2022\/10\/bg-ocean-copy-480x267.jpg\" class=\"attachment-nur_small size-nur_small wp-post-image\" alt=\"\" decoding=\"async\" loading=\"lazy\" srcset=\"https:\/\/planetalindo.com\/wp-content\/uploads\/2022\/10\/bg-ocean-copy-480x267.jpg 480w, https:\/\/planetalindo.com\/wp-content\/uploads\/2022\/10\/bg-ocean-copy-300x167.jpg 300w, https:\/\/planetalindo.com\/wp-content\/uploads\/2022\/10\/bg-ocean-copy-1024x569.jpg 1024w, https:\/\/planetalindo.com\/wp-content\/uploads\/2022\/10\/bg-ocean-copy-768x427.jpg 768w, https:\/\/planetalindo.com\/wp-content\/uploads\/2022\/10\/bg-ocean-copy-18x10.jpg 18w, https:\/\/planetalindo.com\/wp-content\/uploads\/2022\/10\/bg-ocean-copy-24x13.jpg 24w, https:\/\/planetalindo.com\/wp-content\/uploads\/2022\/10\/bg-ocean-copy-36x20.jpg 36w, https:\/\/planetalindo.com\/wp-content\/uploads\/2022\/10\/bg-ocean-copy-48x27.jpg 48w, https:\/\/planetalindo.com\/wp-content\/uploads\/2022\/10\/bg-ocean-copy-133x74.jpg 133w, https:\/\/planetalindo.com\/wp-content\/uploads\/2022\/10\/bg-ocean-copy-235x131.jpg 235w, https:\/\/planetalindo.com\/wp-content\/uploads\/2022\/10\/bg-ocean-copy-740x411.jpg 740w, https:\/\/planetalindo.com\/wp-content\/uploads\/2022\/10\/bg-ocean-copy.jpg 1354w\" sizes=\"(max-width: 480px) 100vw, 480px\" \/><\/div>\n\t\t\t\t\t<h4 class=\"post-card-title\">Blue Speeds for Shipping<\/h4>\n\t\t\t\t\t<time class=\"post-card-date\" datetime=\"2022-10-19T21:06:36+00:00\">Outubro 19, 2022<\/time>\n\t\t\t\t<\/a>\n\t\t\t<\/div>\n\n\t\t\n\t\t\t<div class=\"post-card\">\n\t\t\t\t<a href=\"https:\/\/planetalindo.com\/pt\/great-pacific-garbage-patch\/\" rel=\"bookmark\">\n\t\t\t\t\t<div class=\"post-card-image\"><img width=\"480\" height=\"270\" src=\"https:\/\/planetalindo.com\/wp-content\/uploads\/2022\/08\/Screenshot-2022-08-17-at-22.55.19-480x270.png\" class=\"attachment-nur_small size-nur_small wp-post-image\" alt=\"\" decoding=\"async\" loading=\"lazy\" srcset=\"https:\/\/planetalindo.com\/wp-content\/uploads\/2022\/08\/Screenshot-2022-08-17-at-22.55.19-480x270.png 480w, https:\/\/planetalindo.com\/wp-content\/uploads\/2022\/08\/Screenshot-2022-08-17-at-22.55.19-300x169.png 300w, https:\/\/planetalindo.com\/wp-content\/uploads\/2022\/08\/Screenshot-2022-08-17-at-22.55.19-1024x577.png 1024w, https:\/\/planetalindo.com\/wp-content\/uploads\/2022\/08\/Screenshot-2022-08-17-at-22.55.19-768x433.png 768w, https:\/\/planetalindo.com\/wp-content\/uploads\/2022\/08\/Screenshot-2022-08-17-at-22.55.19-1536x865.png 1536w, https:\/\/planetalindo.com\/wp-content\/uploads\/2022\/08\/Screenshot-2022-08-17-at-22.55.19-18x10.png 18w, https:\/\/planetalindo.com\/wp-content\/uploads\/2022\/08\/Screenshot-2022-08-17-at-22.55.19-24x14.png 24w, https:\/\/planetalindo.com\/wp-content\/uploads\/2022\/08\/Screenshot-2022-08-17-at-22.55.19-36x20.png 36w, https:\/\/planetalindo.com\/wp-content\/uploads\/2022\/08\/Screenshot-2022-08-17-at-22.55.19-48x27.png 48w, https:\/\/planetalindo.com\/wp-content\/uploads\/2022\/08\/Screenshot-2022-08-17-at-22.55.19-133x75.png 133w, https:\/\/planetalindo.com\/wp-content\/uploads\/2022\/08\/Screenshot-2022-08-17-at-22.55.19-235x132.png 235w, https:\/\/planetalindo.com\/wp-content\/uploads\/2022\/08\/Screenshot-2022-08-17-at-22.55.19-740x417.png 740w, https:\/\/planetalindo.com\/wp-content\/uploads\/2022\/08\/Screenshot-2022-08-17-at-22.55.19-1520x856.png 1520w, https:\/\/planetalindo.com\/wp-content\/uploads\/2022\/08\/Screenshot-2022-08-17-at-22.55.19.png 1708w\" sizes=\"(max-width: 480px) 100vw, 480px\" \/><\/div>\n\t\t\t\t\t<h4 class=\"post-card-title\">Great Pacific Garbage Patch<\/h4>\n\t\t\t\t\t<time class=\"post-card-date\" datetime=\"2022-08-17T22:02:17+00:00\">Agosto 17, 2022<\/time>\n\t\t\t\t<\/a>\n\t\t\t<\/div>\n\n\t\t\n\t\t\t<div class=\"post-card\">\n\t\t\t\t<a href=\"https:\/\/planetalindo.com\/pt\/vice-president-harris-casts-tie-breaking-vote-to-advance-sweeping-bill\/\" rel=\"bookmark\">\n\t\t\t\t\t<div class=\"post-card-image\"><img width=\"480\" height=\"268\" src=\"https:\/\/planetalindo.com\/wp-content\/uploads\/2022\/08\/Screenshot-2022-08-09-at-23.49.00-480x268.png\" class=\"attachment-nur_small size-nur_small wp-post-image\" alt=\"\" decoding=\"async\" loading=\"lazy\" srcset=\"https:\/\/planetalindo.com\/wp-content\/uploads\/2022\/08\/Screenshot-2022-08-09-at-23.49.00-480x268.png 480w, https:\/\/planetalindo.com\/wp-content\/uploads\/2022\/08\/Screenshot-2022-08-09-at-23.49.00-300x167.png 300w, https:\/\/planetalindo.com\/wp-content\/uploads\/2022\/08\/Screenshot-2022-08-09-at-23.49.00-1024x571.png 1024w, https:\/\/planetalindo.com\/wp-content\/uploads\/2022\/08\/Screenshot-2022-08-09-at-23.49.00-768x428.png 768w, https:\/\/planetalindo.com\/wp-content\/uploads\/2022\/08\/Screenshot-2022-08-09-at-23.49.00-1536x856.png 1536w, https:\/\/planetalindo.com\/wp-content\/uploads\/2022\/08\/Screenshot-2022-08-09-at-23.49.00-18x10.png 18w, https:\/\/planetalindo.com\/wp-content\/uploads\/2022\/08\/Screenshot-2022-08-09-at-23.49.00-24x13.png 24w, https:\/\/planetalindo.com\/wp-content\/uploads\/2022\/08\/Screenshot-2022-08-09-at-23.49.00-36x20.png 36w, https:\/\/planetalindo.com\/wp-content\/uploads\/2022\/08\/Screenshot-2022-08-09-at-23.49.00-48x27.png 48w, https:\/\/planetalindo.com\/wp-content\/uploads\/2022\/08\/Screenshot-2022-08-09-at-23.49.00-133x74.png 133w, https:\/\/planetalindo.com\/wp-content\/uploads\/2022\/08\/Screenshot-2022-08-09-at-23.49.00-235x131.png 235w, https:\/\/planetalindo.com\/wp-content\/uploads\/2022\/08\/Screenshot-2022-08-09-at-23.49.00-740x413.png 740w, https:\/\/planetalindo.com\/wp-content\/uploads\/2022\/08\/Screenshot-2022-08-09-at-23.49.00-1520x848.png 1520w, https:\/\/planetalindo.com\/wp-content\/uploads\/2022\/08\/Screenshot-2022-08-09-at-23.49.00.png 1546w\" sizes=\"(max-width: 480px) 100vw, 480px\" \/><\/div>\n\t\t\t\t\t<h4 class=\"post-card-title\">Vice President Harris casts tie-breaking vote to advance sweeping bill<\/h4>\n\t\t\t\t\t<time class=\"post-card-date\" datetime=\"2022-08-09T22:54:16+00:00\">Agosto 9, 2022<\/time>\n\t\t\t\t<\/a>\n\t\t\t<\/div>\n\n\t\t\n\t\t\n\t<\/div>\n\n<\/div><\/div><\/div>\t<\/div>\n<\/div>\n<\/section>","protected":false},"excerpt":{"rendered":"The Senate worked through the night voting on amendments for the Democrats' sweeping health care and climate change bill. The bill would be the largest climate investment in US history. [...]","protected":false},"author":1,"featured_media":0,"parent":0,"menu_order":0,"comment_status":"closed","ping_status":"closed","template":"","meta":{"_mi_skip_tracking":false,"_monsterinsights_sitenote_active":false,"_monsterinsights_sitenote_note":"","_monsterinsights_sitenote_category":0},"aioseo_notices":[],"_links":{"self":[{"href":"https:\/\/planetalindo.com\/pt\/wp-json\/wp\/v2\/pages\/8079"}],"collection":[{"href":"https:\/\/planetalindo.com\/pt\/wp-json\/wp\/v2\/pages"}],"about":[{"href":"https:\/\/planetalindo.com\/pt\/wp-json\/wp\/v2\/types\/page"}],"author":[{"embeddable":true,"href":"https:\/\/planetalindo.com\/pt\/wp-json\/wp\/v2\/users\/1"}],"replies":[{"embeddable":true,"href":"https:\/\/planetalindo.com\/pt\/wp-json\/wp\/v2\/comments?post=8079"}],"version-history":[{"count":14,"href":"https:\/\/planetalindo.com\/pt\/wp-json\/wp\/v2\/pages\/8079\/revisions"}],"predecessor-version":[{"id":8382,"href":"https:\/\/planetalindo.com\/pt\/wp-json\/wp\/v2\/pages\/8079\/revisions\/8382"}],"wp:attachment":[{"href":"https:\/\/planetalindo.com\/pt\/wp-json\/wp\/v2\/media?parent=8079"}],"curies":[{"name":"wp","href":"https:\/\/api.w.org\/{rel}","templated":true}]}}