{"id":8078,"date":"2022-06-03T23:47:08","date_gmt":"2022-06-03T23:47:08","guid":{"rendered":"http:\/\/planetalindo.pt\/?page_id=8078"},"modified":"2022-06-07T22:50:11","modified_gmt":"2022-06-07T22:50:11","slug":"case_studies","status":"publish","type":"page","link":"https:\/\/planetalindo.com\/pt\/case_studies\/","title":{"rendered":"Casos de Estudo"},"content":{"rendered":"<section class=\"vc_section vc_custom_1509786738681\">\n\t\n<div class=\"container clearfix\">\n\t<div class=\"vc_row wpb_row\">\n\t\t<div class=\"wpb_column vc_column_container vc_col-sm-12\"><div class=\"vc_column-inner\"><div class=\"wpb_wrapper\"><div class=\"vc_empty_space\"   style=\"height: 32px\"><span class=\"vc_empty_space_inner\"><\/span><\/div><div class=\"vc_empty_space\"   style=\"height: 32px\"><span class=\"vc_empty_space_inner\"><\/span><\/div><div class=\"vc_empty_space\"   style=\"height: 32px\"><span class=\"vc_empty_space_inner\"><\/span><\/div><\/div><\/div><\/div>\t<\/div>\n<\/div>\n\n<div class=\"container clearfix\">\n\t<div class=\"vc_row wpb_row\">\n\t\t<div class=\"wpb_column vc_column_container vc_col-sm-12\"><div class=\"vc_column-inner\"><div class=\"wpb_wrapper\">\n<div class=\"section-heading\">\n\t<h2 style=\"text-align: center;\">Casos de Estudo<span class=\"decor-line\"><\/span><\/h2>\n<\/div>\n\n<div class=\"image-section image-section--boxed-image image-section--content-right\">\n\n\t<div class=\"image-section-image\">\n\t\t<img width=\"1014\" height=\"574\" src=\"https:\/\/planetalindo.com\/wp-content\/uploads\/2022\/06\/Screenshot-2022-06-01-at-15.20.41.png\" class=\"attachment-full size-full\" alt=\"\" decoding=\"async\" loading=\"lazy\" srcset=\"https:\/\/planetalindo.com\/wp-content\/uploads\/2022\/06\/Screenshot-2022-06-01-at-15.20.41.png 1014w, https:\/\/planetalindo.com\/wp-content\/uploads\/2022\/06\/Screenshot-2022-06-01-at-15.20.41-300x170.png 300w, https:\/\/planetalindo.com\/wp-content\/uploads\/2022\/06\/Screenshot-2022-06-01-at-15.20.41-768x435.png 768w, https:\/\/planetalindo.com\/wp-content\/uploads\/2022\/06\/Screenshot-2022-06-01-at-15.20.41-18x10.png 18w, https:\/\/planetalindo.com\/wp-content\/uploads\/2022\/06\/Screenshot-2022-06-01-at-15.20.41-24x14.png 24w, https:\/\/planetalindo.com\/wp-content\/uploads\/2022\/06\/Screenshot-2022-06-01-at-15.20.41-36x20.png 36w, https:\/\/planetalindo.com\/wp-content\/uploads\/2022\/06\/Screenshot-2022-06-01-at-15.20.41-48x27.png 48w, https:\/\/planetalindo.com\/wp-content\/uploads\/2022\/06\/Screenshot-2022-06-01-at-15.20.41-133x75.png 133w, https:\/\/planetalindo.com\/wp-content\/uploads\/2022\/06\/Screenshot-2022-06-01-at-15.20.41-235x133.png 235w, https:\/\/planetalindo.com\/wp-content\/uploads\/2022\/06\/Screenshot-2022-06-01-at-15.20.41-480x272.png 480w, https:\/\/planetalindo.com\/wp-content\/uploads\/2022\/06\/Screenshot-2022-06-01-at-15.20.41-740x419.png 740w\" sizes=\"(max-width: 1014px) 100vw, 1014px\" \/>\t<\/div>\n\n\t<div class=\"container clearfix\">\n\t\t<section class=\"image-section-content\">\n\t\t\t\n\t<div class=\"wpb_text_column wpb_content_element\" >\n\t\t<div class=\"wpb_wrapper\">\n\t\t\t<h3><span style=\"color: #4d738a;\"><strong>Compensa\u00e7\u00e3o de Mercadorias<\/strong><\/span><\/h3>\n<p>Ao calcular as emiss\u00f5es de um produto, h\u00e1 n\u00edveis ou \"\u00e2mbitos de emiss\u00e3o\" que precisam de ser considerados.<\/p>\n<ul>\n<li>1 directos<\/li>\n<li>2 indirectos<\/li>\n<\/ul>\n<p>Ver tabela<\/p>\n\n\t\t<\/div>\n\t<\/div>\n\t\t<\/section>\n\t<\/div>\n\n<\/div>\n\n<div class=\"image-section image-section--boxed-image image-section--content-left\">\n\n\t<div class=\"image-section-image\">\n\t\t<img width=\"1552\" height=\"1106\" src=\"https:\/\/planetalindo.com\/wp-content\/uploads\/2022\/05\/Screenshot-2022-05-20-at-09.40.33.png\" class=\"attachment-full size-full\" alt=\"\" decoding=\"async\" loading=\"lazy\" srcset=\"https:\/\/planetalindo.com\/wp-content\/uploads\/2022\/05\/Screenshot-2022-05-20-at-09.40.33.png 1552w, https:\/\/planetalindo.com\/wp-content\/uploads\/2022\/05\/Screenshot-2022-05-20-at-09.40.33-300x214.png 300w, https:\/\/planetalindo.com\/wp-content\/uploads\/2022\/05\/Screenshot-2022-05-20-at-09.40.33-1024x730.png 1024w, https:\/\/planetalindo.com\/wp-content\/uploads\/2022\/05\/Screenshot-2022-05-20-at-09.40.33-768x547.png 768w, https:\/\/planetalindo.com\/wp-content\/uploads\/2022\/05\/Screenshot-2022-05-20-at-09.40.33-1536x1095.png 1536w, https:\/\/planetalindo.com\/wp-content\/uploads\/2022\/05\/Screenshot-2022-05-20-at-09.40.33-18x12.png 18w, https:\/\/planetalindo.com\/wp-content\/uploads\/2022\/05\/Screenshot-2022-05-20-at-09.40.33-24x17.png 24w, https:\/\/planetalindo.com\/wp-content\/uploads\/2022\/05\/Screenshot-2022-05-20-at-09.40.33-36x26.png 36w, https:\/\/planetalindo.com\/wp-content\/uploads\/2022\/05\/Screenshot-2022-05-20-at-09.40.33-48x34.png 48w, https:\/\/planetalindo.com\/wp-content\/uploads\/2022\/05\/Screenshot-2022-05-20-at-09.40.33-133x95.png 133w, https:\/\/planetalindo.com\/wp-content\/uploads\/2022\/05\/Screenshot-2022-05-20-at-09.40.33-235x167.png 235w, https:\/\/planetalindo.com\/wp-content\/uploads\/2022\/05\/Screenshot-2022-05-20-at-09.40.33-480x342.png 480w, https:\/\/planetalindo.com\/wp-content\/uploads\/2022\/05\/Screenshot-2022-05-20-at-09.40.33-740x527.png 740w, https:\/\/planetalindo.com\/wp-content\/uploads\/2022\/05\/Screenshot-2022-05-20-at-09.40.33-1520x1083.png 1520w\" sizes=\"(max-width: 1552px) 100vw, 1552px\" \/>\t<\/div>\n\n\t<div class=\"container clearfix\">\n\t\t<section class=\"image-section-content\">\n\t\t\t\n\t<div class=\"wpb_text_column wpb_content_element\" >\n\t\t<div class=\"wpb_wrapper\">\n\t\t\t<h3><span style=\"color: #4d738a;\"><strong>Aplica\u00e7\u00e3o dos \u00c2mbitos de Emiss\u00f5es ao Petr\u00f3leo Bruto<\/strong><\/span><\/h3>\n<p>No contexto do c\u00e1lculo das emiss\u00f5es de petr\u00f3leo bruto, consideramos os \u00e2mbitos de emiss\u00e3o como<\/p>\n<ul>\n<li>Well to Tank (WTT): Emiss\u00f5es desde a extrac\u00e7\u00e3o at\u00e9 \u00e0 entrega do combust\u00edvel ao utilizador final<\/li>\n<li>Tank to Wheel (TTW): Emiss\u00f5es resultantes da utiliza\u00e7\u00e3o apenas do produto final<\/li>\n<li>Well to Wheel (WTW): WTT + TTW. ex. Emiss\u00f5es do ciclo de vida<\/li>\n<\/ul>\n<p>Ver tabela<\/p>\n\n\t\t<\/div>\n\t<\/div>\n\t\t<\/section>\n\t<\/div>\n\n<\/div>\n\n<div class=\"image-section image-section--boxed-image image-section--content-right\">\n\n\t<div class=\"image-section-image\">\n\t\t<img width=\"1690\" height=\"1320\" src=\"https:\/\/planetalindo.com\/wp-content\/uploads\/2022\/05\/Screenshot-2022-05-20-at-09.40.52.png\" class=\"attachment-full size-full\" alt=\"\" decoding=\"async\" loading=\"lazy\" srcset=\"https:\/\/planetalindo.com\/wp-content\/uploads\/2022\/05\/Screenshot-2022-05-20-at-09.40.52.png 1690w, https:\/\/planetalindo.com\/wp-content\/uploads\/2022\/05\/Screenshot-2022-05-20-at-09.40.52-300x234.png 300w, https:\/\/planetalindo.com\/wp-content\/uploads\/2022\/05\/Screenshot-2022-05-20-at-09.40.52-1024x800.png 1024w, https:\/\/planetalindo.com\/wp-content\/uploads\/2022\/05\/Screenshot-2022-05-20-at-09.40.52-768x600.png 768w, https:\/\/planetalindo.com\/wp-content\/uploads\/2022\/05\/Screenshot-2022-05-20-at-09.40.52-1536x1200.png 1536w, https:\/\/planetalindo.com\/wp-content\/uploads\/2022\/05\/Screenshot-2022-05-20-at-09.40.52-15x12.png 15w, https:\/\/planetalindo.com\/wp-content\/uploads\/2022\/05\/Screenshot-2022-05-20-at-09.40.52-24x19.png 24w, https:\/\/planetalindo.com\/wp-content\/uploads\/2022\/05\/Screenshot-2022-05-20-at-09.40.52-36x28.png 36w, https:\/\/planetalindo.com\/wp-content\/uploads\/2022\/05\/Screenshot-2022-05-20-at-09.40.52-48x37.png 48w, https:\/\/planetalindo.com\/wp-content\/uploads\/2022\/05\/Screenshot-2022-05-20-at-09.40.52-133x104.png 133w, https:\/\/planetalindo.com\/wp-content\/uploads\/2022\/05\/Screenshot-2022-05-20-at-09.40.52-235x184.png 235w, https:\/\/planetalindo.com\/wp-content\/uploads\/2022\/05\/Screenshot-2022-05-20-at-09.40.52-480x375.png 480w, https:\/\/planetalindo.com\/wp-content\/uploads\/2022\/05\/Screenshot-2022-05-20-at-09.40.52-740x578.png 740w, https:\/\/planetalindo.com\/wp-content\/uploads\/2022\/05\/Screenshot-2022-05-20-at-09.40.52-1520x1187.png 1520w\" sizes=\"(max-width: 1690px) 100vw, 1690px\" \/>\t<\/div>\n\n\t<div class=\"container clearfix\">\n\t\t<section class=\"image-section-content\">\n\t\t\t\n\t<div class=\"wpb_text_column wpb_content_element\" >\n\t\t<div class=\"wpb_wrapper\">\n\t\t\t<h3><span style=\"color: #4d738a;\"><strong>C\u00e1lculo de Emiss\u00f5es<\/strong><\/span><\/h3>\n<ul>\n<li>Baseado no Modelo OCI para o \"Frade\" Crude Brasileiro<\/li>\n<li>N\u00famero de Barris: 400,000<\/li>\n<li>Emiss\u00f5es totais de gases com efeito de estufa por barril de \"Frade\" Crude = 500kg CO2e\/barril<\/li>\n<li>Total de emiss\u00f5es de gases com efeito de estufa por carga bruta: 235,200 tCO2e<\/li>\n<\/ul>\n\n\t\t<\/div>\n\t<\/div>\n\t\t<\/section>\n\t<\/div>\n\n<\/div>\n<\/div><\/div><\/div>\t<\/div>\n<\/div>\n<\/section>\n\n<section class=\"vc_section\">\n\t\n<div class=\"container clearfix\">\n\t<div class=\"vc_row wpb_row\">\n\t\t<div class=\"wpb_column vc_column_container vc_col-sm-12\"><div class=\"vc_column-inner\"><div class=\"wpb_wrapper\">\n<div class=\"section-heading\">\n\t<h2 style=\"text-align: center;\"><img decoding=\"async\" loading=\"lazy\" class=\"alignnone wp-image-7894\" src=\"https:\/\/planetalindo.com\/wp-content\/uploads\/2022\/06\/05_news-1-300x300.png\" alt=\"\" width=\"100\" height=\"100\" \/>\u00a0 \u00daltimas Not\u00edcias<span class=\"decor-line\"><\/span><\/h2>\n<\/div>\n<\/div><\/div><\/div>\t<\/div>\n<\/div>\n\n<div class=\"container clearfix\">\n\t<div class=\"vc_row wpb_row\">\n\t\t<div class=\"wpb_column vc_column_container vc_col-sm-12\"><div class=\"vc_column-inner\"><div class=\"wpb_wrapper\">\n\n\t<div class=\"recent-posts\">\n\n\t\t\n\t\t\t<div class=\"post-card\">\n\t\t\t\t<a href=\"https:\/\/planetalindo.com\/pt\/blue-speeds-for-shipping\/\" rel=\"bookmark\">\n\t\t\t\t\t<div class=\"post-card-image\"><img width=\"480\" height=\"267\" src=\"https:\/\/planetalindo.com\/wp-content\/uploads\/2022\/10\/bg-ocean-copy-480x267.jpg\" class=\"attachment-nur_small size-nur_small wp-post-image\" alt=\"\" decoding=\"async\" loading=\"lazy\" srcset=\"https:\/\/planetalindo.com\/wp-content\/uploads\/2022\/10\/bg-ocean-copy-480x267.jpg 480w, https:\/\/planetalindo.com\/wp-content\/uploads\/2022\/10\/bg-ocean-copy-300x167.jpg 300w, https:\/\/planetalindo.com\/wp-content\/uploads\/2022\/10\/bg-ocean-copy-1024x569.jpg 1024w, https:\/\/planetalindo.com\/wp-content\/uploads\/2022\/10\/bg-ocean-copy-768x427.jpg 768w, https:\/\/planetalindo.com\/wp-content\/uploads\/2022\/10\/bg-ocean-copy-18x10.jpg 18w, https:\/\/planetalindo.com\/wp-content\/uploads\/2022\/10\/bg-ocean-copy-24x13.jpg 24w, https:\/\/planetalindo.com\/wp-content\/uploads\/2022\/10\/bg-ocean-copy-36x20.jpg 36w, https:\/\/planetalindo.com\/wp-content\/uploads\/2022\/10\/bg-ocean-copy-48x27.jpg 48w, https:\/\/planetalindo.com\/wp-content\/uploads\/2022\/10\/bg-ocean-copy-133x74.jpg 133w, https:\/\/planetalindo.com\/wp-content\/uploads\/2022\/10\/bg-ocean-copy-235x131.jpg 235w, https:\/\/planetalindo.com\/wp-content\/uploads\/2022\/10\/bg-ocean-copy-740x411.jpg 740w, https:\/\/planetalindo.com\/wp-content\/uploads\/2022\/10\/bg-ocean-copy.jpg 1354w\" sizes=\"(max-width: 480px) 100vw, 480px\" \/><\/div>\n\t\t\t\t\t<h4 class=\"post-card-title\">Blue Speeds for Shipping<\/h4>\n\t\t\t\t\t<time class=\"post-card-date\" datetime=\"2022-10-19T21:06:36+00:00\">Outubro 19, 2022<\/time>\n\t\t\t\t<\/a>\n\t\t\t<\/div>\n\n\t\t\n\t\t\t<div class=\"post-card\">\n\t\t\t\t<a href=\"https:\/\/planetalindo.com\/pt\/great-pacific-garbage-patch\/\" rel=\"bookmark\">\n\t\t\t\t\t<div class=\"post-card-image\"><img width=\"480\" height=\"270\" src=\"https:\/\/planetalindo.com\/wp-content\/uploads\/2022\/08\/Screenshot-2022-08-17-at-22.55.19-480x270.png\" class=\"attachment-nur_small size-nur_small wp-post-image\" alt=\"\" decoding=\"async\" loading=\"lazy\" srcset=\"https:\/\/planetalindo.com\/wp-content\/uploads\/2022\/08\/Screenshot-2022-08-17-at-22.55.19-480x270.png 480w, https:\/\/planetalindo.com\/wp-content\/uploads\/2022\/08\/Screenshot-2022-08-17-at-22.55.19-300x169.png 300w, https:\/\/planetalindo.com\/wp-content\/uploads\/2022\/08\/Screenshot-2022-08-17-at-22.55.19-1024x577.png 1024w, https:\/\/planetalindo.com\/wp-content\/uploads\/2022\/08\/Screenshot-2022-08-17-at-22.55.19-768x433.png 768w, https:\/\/planetalindo.com\/wp-content\/uploads\/2022\/08\/Screenshot-2022-08-17-at-22.55.19-1536x865.png 1536w, https:\/\/planetalindo.com\/wp-content\/uploads\/2022\/08\/Screenshot-2022-08-17-at-22.55.19-18x10.png 18w, https:\/\/planetalindo.com\/wp-content\/uploads\/2022\/08\/Screenshot-2022-08-17-at-22.55.19-24x14.png 24w, https:\/\/planetalindo.com\/wp-content\/uploads\/2022\/08\/Screenshot-2022-08-17-at-22.55.19-36x20.png 36w, https:\/\/planetalindo.com\/wp-content\/uploads\/2022\/08\/Screenshot-2022-08-17-at-22.55.19-48x27.png 48w, https:\/\/planetalindo.com\/wp-content\/uploads\/2022\/08\/Screenshot-2022-08-17-at-22.55.19-133x75.png 133w, https:\/\/planetalindo.com\/wp-content\/uploads\/2022\/08\/Screenshot-2022-08-17-at-22.55.19-235x132.png 235w, https:\/\/planetalindo.com\/wp-content\/uploads\/2022\/08\/Screenshot-2022-08-17-at-22.55.19-740x417.png 740w, https:\/\/planetalindo.com\/wp-content\/uploads\/2022\/08\/Screenshot-2022-08-17-at-22.55.19-1520x856.png 1520w, https:\/\/planetalindo.com\/wp-content\/uploads\/2022\/08\/Screenshot-2022-08-17-at-22.55.19.png 1708w\" sizes=\"(max-width: 480px) 100vw, 480px\" \/><\/div>\n\t\t\t\t\t<h4 class=\"post-card-title\">Great Pacific Garbage Patch<\/h4>\n\t\t\t\t\t<time class=\"post-card-date\" datetime=\"2022-08-17T22:02:17+00:00\">Agosto 17, 2022<\/time>\n\t\t\t\t<\/a>\n\t\t\t<\/div>\n\n\t\t\n\t\t\t<div class=\"post-card\">\n\t\t\t\t<a href=\"https:\/\/planetalindo.com\/pt\/vice-president-harris-casts-tie-breaking-vote-to-advance-sweeping-bill\/\" rel=\"bookmark\">\n\t\t\t\t\t<div class=\"post-card-image\"><img width=\"480\" height=\"268\" src=\"https:\/\/planetalindo.com\/wp-content\/uploads\/2022\/08\/Screenshot-2022-08-09-at-23.49.00-480x268.png\" class=\"attachment-nur_small size-nur_small wp-post-image\" alt=\"\" decoding=\"async\" loading=\"lazy\" srcset=\"https:\/\/planetalindo.com\/wp-content\/uploads\/2022\/08\/Screenshot-2022-08-09-at-23.49.00-480x268.png 480w, https:\/\/planetalindo.com\/wp-content\/uploads\/2022\/08\/Screenshot-2022-08-09-at-23.49.00-300x167.png 300w, https:\/\/planetalindo.com\/wp-content\/uploads\/2022\/08\/Screenshot-2022-08-09-at-23.49.00-1024x571.png 1024w, https:\/\/planetalindo.com\/wp-content\/uploads\/2022\/08\/Screenshot-2022-08-09-at-23.49.00-768x428.png 768w, https:\/\/planetalindo.com\/wp-content\/uploads\/2022\/08\/Screenshot-2022-08-09-at-23.49.00-1536x856.png 1536w, https:\/\/planetalindo.com\/wp-content\/uploads\/2022\/08\/Screenshot-2022-08-09-at-23.49.00-18x10.png 18w, https:\/\/planetalindo.com\/wp-content\/uploads\/2022\/08\/Screenshot-2022-08-09-at-23.49.00-24x13.png 24w, https:\/\/planetalindo.com\/wp-content\/uploads\/2022\/08\/Screenshot-2022-08-09-at-23.49.00-36x20.png 36w, https:\/\/planetalindo.com\/wp-content\/uploads\/2022\/08\/Screenshot-2022-08-09-at-23.49.00-48x27.png 48w, https:\/\/planetalindo.com\/wp-content\/uploads\/2022\/08\/Screenshot-2022-08-09-at-23.49.00-133x74.png 133w, https:\/\/planetalindo.com\/wp-content\/uploads\/2022\/08\/Screenshot-2022-08-09-at-23.49.00-235x131.png 235w, https:\/\/planetalindo.com\/wp-content\/uploads\/2022\/08\/Screenshot-2022-08-09-at-23.49.00-740x413.png 740w, https:\/\/planetalindo.com\/wp-content\/uploads\/2022\/08\/Screenshot-2022-08-09-at-23.49.00-1520x848.png 1520w, https:\/\/planetalindo.com\/wp-content\/uploads\/2022\/08\/Screenshot-2022-08-09-at-23.49.00.png 1546w\" sizes=\"(max-width: 480px) 100vw, 480px\" \/><\/div>\n\t\t\t\t\t<h4 class=\"post-card-title\">Vice President Harris casts tie-breaking vote to advance sweeping bill<\/h4>\n\t\t\t\t\t<time class=\"post-card-date\" datetime=\"2022-08-09T22:54:16+00:00\">Agosto 9, 2022<\/time>\n\t\t\t\t<\/a>\n\t\t\t<\/div>\n\n\t\t\n\t\t\n\t<\/div>\n\n<\/div><\/div><\/div>\t<\/div>\n<\/div>\n<\/section>","protected":false},"excerpt":{"rendered":"The Senate worked through the night voting on amendments for the Democrats' sweeping health care and climate change bill. The bill would be the largest climate investment in US history. [...]","protected":false},"author":1,"featured_media":0,"parent":0,"menu_order":0,"comment_status":"closed","ping_status":"closed","template":"","meta":{"_mi_skip_tracking":false,"_monsterinsights_sitenote_active":false,"_monsterinsights_sitenote_note":"","_monsterinsights_sitenote_category":0},"aioseo_notices":[],"_links":{"self":[{"href":"https:\/\/planetalindo.com\/pt\/wp-json\/wp\/v2\/pages\/8078"}],"collection":[{"href":"https:\/\/planetalindo.com\/pt\/wp-json\/wp\/v2\/pages"}],"about":[{"href":"https:\/\/planetalindo.com\/pt\/wp-json\/wp\/v2\/types\/page"}],"author":[{"embeddable":true,"href":"https:\/\/planetalindo.com\/pt\/wp-json\/wp\/v2\/users\/1"}],"replies":[{"embeddable":true,"href":"https:\/\/planetalindo.com\/pt\/wp-json\/wp\/v2\/comments?post=8078"}],"version-history":[{"count":8,"href":"https:\/\/planetalindo.com\/pt\/wp-json\/wp\/v2\/pages\/8078\/revisions"}],"predecessor-version":[{"id":8328,"href":"https:\/\/planetalindo.com\/pt\/wp-json\/wp\/v2\/pages\/8078\/revisions\/8328"}],"wp:attachment":[{"href":"https:\/\/planetalindo.com\/pt\/wp-json\/wp\/v2\/media?parent=8078"}],"curies":[{"name":"wp","href":"https:\/\/api.w.org\/{rel}","templated":true}]}}