{"id":7971,"date":"2022-06-03T21:33:27","date_gmt":"2022-06-03T21:33:27","guid":{"rendered":"http:\/\/planetalindo.pt\/?page_id=7971"},"modified":"2022-06-06T20:12:35","modified_gmt":"2022-06-06T20:12:35","slug":"our-projects","status":"publish","type":"page","link":"https:\/\/planetalindo.com\/pt\/our-projects\/","title":{"rendered":"Os Nossos Projectos"},"content":{"rendered":"<section class=\"vc_section vc_custom_1509786526464\">\n\t\n<div class=\"container clearfix\">\n\t<div class=\"vc_row wpb_row\">\n\t\t<div class=\"wpb_column vc_column_container vc_col-sm-12\"><div class=\"vc_column-inner\"><div class=\"wpb_wrapper\">\n<div class=\"section-heading vc_custom_1654283052636\">\n\t<p><img decoding=\"async\" loading=\"lazy\" class=\"wp-image-7892 alignleft\" src=\"https:\/\/planetalindo.com\/wp-content\/uploads\/2022\/06\/03_our_projects-300x300.png\" alt=\"\" width=\"100\" height=\"100\" \/><\/p>\n<p>&nbsp;<\/p>\n<h6 style=\"padding-left: 120px;\"><span style=\"color: #343434;\">OS NOSSOS PROJECTOS<\/span><\/h6>\n<\/div>\n\n\t<div class=\"wpb_text_column wpb_content_element\" >\n\t\t<div class=\"wpb_wrapper\">\n\t\t\t<h3><span style=\"color: #607384;\">\u00a0 \u00a0 \u00a0 \u00a0 \u00a0 \u00a0...ou o seu projecto, se preferir...<\/span><\/h3>\n<p>&nbsp;<\/p>\n<div class=\"page\" title=\"Page 9\">\n<div class=\"section\">\n<div class=\"layoutArea\">\n<div class=\"column\">\n<p style=\"text-align: center;\"><span style=\"color: #343434;\"><strong>Poderemos escolher ou desenvolver consigo um projecto que seja particularmente adequado \u00e0 sensibilidade dos seus clientes e das partes interessadas.<\/strong><\/span><\/p>\n<p style=\"text-align: center;\"><span style=\"color: #343434;\"><strong>O projecto poder\u00e1 ser inteiramente seu ou co-propriet\u00e1rio com entidades que partilhem da mesma opini\u00e3o, de acordo com o seu desejo.<\/strong><\/span><\/p>\n<\/div>\n<\/div>\n<\/div>\n<\/div>\n\n\t\t<\/div>\n\t<\/div>\n<\/div><\/div><\/div>\t<\/div>\n<\/div>\n\n<div class=\"container clearfix\">\n\t<div class=\"vc_row wpb_row\">\n\t\t<div class=\"wpb_column vc_column_container vc_col-sm-12\"><div class=\"vc_column-inner\"><div class=\"wpb_wrapper\">\n<div class=\"section-heading\">\n\t<h2 style=\"text-align: center;\"><span style=\"color: #343434;\">Portf\u00f3lio Modelo<\/span><span class=\"decor-line\"><\/span><\/h2>\n<p style=\"text-align: center;\"><span style=\"color: #343434;\">Os nossos clientes podem escolher a partir da nossa carteira modelo de Cr\u00e9ditos de Carbono, que inclui ambos <em><strong>cr\u00e9ditos de carbono baseados na natureza<\/strong><\/em> e <em><strong>de elevada perman\u00eancia.<\/strong><\/em>.<\/span><\/p>\n<\/div>\n<\/div><\/div><\/div><div class=\"wpb_column vc_column_container vc_col-sm-12\"><div class=\"vc_column-inner\"><div class=\"wpb_wrapper\">\n\t<div  class=\"wpb_single_image wpb_content_element vc_align_center  vc_custom_1654293256116\">\n\t\t\n\t\t<figure class=\"wpb_wrapper vc_figure\">\n\t\t\t<div class=\"vc_single_image-wrapper vc_box_outline  vc_box_border_green\"><img width=\"820\" height=\"221\" src=\"https:\/\/planetalindo.com\/wp-content\/uploads\/2022\/05\/porf_arr_white.jpg\" class=\"vc_single_image-img attachment-large\" alt=\"\" decoding=\"async\" loading=\"lazy\" title=\"porf_arr_white\" srcset=\"https:\/\/planetalindo.com\/wp-content\/uploads\/2022\/05\/porf_arr_white.jpg 1000w, https:\/\/planetalindo.com\/wp-content\/uploads\/2022\/05\/porf_arr_white-300x81.jpg 300w, https:\/\/planetalindo.com\/wp-content\/uploads\/2022\/05\/porf_arr_white-768x207.jpg 768w, https:\/\/planetalindo.com\/wp-content\/uploads\/2022\/05\/porf_arr_white-18x5.jpg 18w, https:\/\/planetalindo.com\/wp-content\/uploads\/2022\/05\/porf_arr_white-24x6.jpg 24w, https:\/\/planetalindo.com\/wp-content\/uploads\/2022\/05\/porf_arr_white-36x10.jpg 36w, https:\/\/planetalindo.com\/wp-content\/uploads\/2022\/05\/porf_arr_white-48x13.jpg 48w, https:\/\/planetalindo.com\/wp-content\/uploads\/2022\/05\/porf_arr_white-133x36.jpg 133w, https:\/\/planetalindo.com\/wp-content\/uploads\/2022\/05\/porf_arr_white-235x63.jpg 235w, https:\/\/planetalindo.com\/wp-content\/uploads\/2022\/05\/porf_arr_white-480x130.jpg 480w, https:\/\/planetalindo.com\/wp-content\/uploads\/2022\/05\/porf_arr_white-740x200.jpg 740w\" sizes=\"(max-width: 820px) 100vw, 820px\" \/><\/div>\n\t\t<\/figure>\n\t<\/div>\n<div class=\"vc_empty_space\"   style=\"height: 32px\"><span class=\"vc_empty_space_inner\"><\/span><\/div>\n\t<div  class=\"wpb_single_image wpb_content_element vc_align_center  vc_custom_1654293266884\">\n\t\t\n\t\t<figure class=\"wpb_wrapper vc_figure\">\n\t\t\t<div class=\"vc_single_image-wrapper vc_box_outline  vc_box_border_green\"><img width=\"820\" height=\"221\" src=\"https:\/\/planetalindo.com\/wp-content\/uploads\/2022\/05\/redd_white.jpg\" class=\"vc_single_image-img attachment-large\" alt=\"\" decoding=\"async\" loading=\"lazy\" title=\"redd+_white\" srcset=\"https:\/\/planetalindo.com\/wp-content\/uploads\/2022\/05\/redd_white.jpg 1000w, https:\/\/planetalindo.com\/wp-content\/uploads\/2022\/05\/redd_white-300x81.jpg 300w, https:\/\/planetalindo.com\/wp-content\/uploads\/2022\/05\/redd_white-768x207.jpg 768w, https:\/\/planetalindo.com\/wp-content\/uploads\/2022\/05\/redd_white-18x5.jpg 18w, https:\/\/planetalindo.com\/wp-content\/uploads\/2022\/05\/redd_white-24x6.jpg 24w, https:\/\/planetalindo.com\/wp-content\/uploads\/2022\/05\/redd_white-36x10.jpg 36w, https:\/\/planetalindo.com\/wp-content\/uploads\/2022\/05\/redd_white-48x13.jpg 48w, https:\/\/planetalindo.com\/wp-content\/uploads\/2022\/05\/redd_white-133x36.jpg 133w, https:\/\/planetalindo.com\/wp-content\/uploads\/2022\/05\/redd_white-235x63.jpg 235w, https:\/\/planetalindo.com\/wp-content\/uploads\/2022\/05\/redd_white-480x130.jpg 480w, https:\/\/planetalindo.com\/wp-content\/uploads\/2022\/05\/redd_white-740x200.jpg 740w\" sizes=\"(max-width: 820px) 100vw, 820px\" \/><\/div>\n\t\t<\/figure>\n\t<\/div>\n<div class=\"vc_empty_space\"   style=\"height: 32px\"><span class=\"vc_empty_space_inner\"><\/span><\/div>\n\t<div  class=\"wpb_single_image wpb_content_element vc_align_center  vc_custom_1654293274816\">\n\t\t\n\t\t<figure class=\"wpb_wrapper vc_figure\">\n\t\t\t<div class=\"vc_single_image-wrapper vc_box_outline  vc_box_border_green\"><img width=\"820\" height=\"221\" src=\"https:\/\/planetalindo.com\/wp-content\/uploads\/2022\/05\/tech-white.jpg\" class=\"vc_single_image-img attachment-large\" alt=\"\" decoding=\"async\" loading=\"lazy\" title=\"tech-white\" srcset=\"https:\/\/planetalindo.com\/wp-content\/uploads\/2022\/05\/tech-white.jpg 1000w, https:\/\/planetalindo.com\/wp-content\/uploads\/2022\/05\/tech-white-300x81.jpg 300w, https:\/\/planetalindo.com\/wp-content\/uploads\/2022\/05\/tech-white-768x207.jpg 768w, https:\/\/planetalindo.com\/wp-content\/uploads\/2022\/05\/tech-white-18x5.jpg 18w, https:\/\/planetalindo.com\/wp-content\/uploads\/2022\/05\/tech-white-24x6.jpg 24w, https:\/\/planetalindo.com\/wp-content\/uploads\/2022\/05\/tech-white-36x10.jpg 36w, https:\/\/planetalindo.com\/wp-content\/uploads\/2022\/05\/tech-white-48x13.jpg 48w, https:\/\/planetalindo.com\/wp-content\/uploads\/2022\/05\/tech-white-133x36.jpg 133w, https:\/\/planetalindo.com\/wp-content\/uploads\/2022\/05\/tech-white-235x63.jpg 235w, https:\/\/planetalindo.com\/wp-content\/uploads\/2022\/05\/tech-white-480x130.jpg 480w, https:\/\/planetalindo.com\/wp-content\/uploads\/2022\/05\/tech-white-740x200.jpg 740w\" sizes=\"(max-width: 820px) 100vw, 820px\" \/><\/div>\n\t\t<\/figure>\n\t<\/div>\n<\/div><\/div><\/div>\t<\/div>\n<\/div>\n\n<div class=\"container clearfix\">\n\t<div class=\"vc_row wpb_row\">\n\t\t<div class=\"wpb_column vc_column_container vc_col-sm-12\"><div class=\"vc_column-inner\"><div class=\"wpb_wrapper\"><div class=\"vc_empty_space\"   style=\"height: 32px\"><span class=\"vc_empty_space_inner\"><\/span><\/div><div class=\"vc_empty_space\"   style=\"height: 32px\"><span class=\"vc_empty_space_inner\"><\/span><\/div><\/div><\/div><\/div>\t<\/div>\n<\/div>\n<\/section>\n\n<section class=\"vc_section vc_custom_1509786738681\">\n\t\n<div class=\"container clearfix\">\n\t<div class=\"vc_row wpb_row\">\n\t\t<div class=\"wpb_column vc_column_container vc_col-sm-12\"><div class=\"vc_column-inner\"><div class=\"wpb_wrapper\"><div class=\"vc_empty_space\"   style=\"height: 32px\"><span class=\"vc_empty_space_inner\"><\/span><\/div>\n<div class=\"section-heading\">\n\t<h2 style=\"text-align: center;\"><span style=\"color: #343434;\">Casos de Estudo<\/span><span class=\"decor-line\"><\/span><\/h2>\n<\/div>\n\n<div class=\"image-section image-section--boxed-image image-section--content-right\">\n\n\t<div class=\"image-section-image\">\n\t\t<img width=\"1014\" height=\"574\" src=\"https:\/\/planetalindo.com\/wp-content\/uploads\/2022\/06\/Screenshot-2022-06-01-at-15.20.41.png\" class=\"attachment-full size-full\" alt=\"\" decoding=\"async\" loading=\"lazy\" srcset=\"https:\/\/planetalindo.com\/wp-content\/uploads\/2022\/06\/Screenshot-2022-06-01-at-15.20.41.png 1014w, https:\/\/planetalindo.com\/wp-content\/uploads\/2022\/06\/Screenshot-2022-06-01-at-15.20.41-300x170.png 300w, https:\/\/planetalindo.com\/wp-content\/uploads\/2022\/06\/Screenshot-2022-06-01-at-15.20.41-768x435.png 768w, https:\/\/planetalindo.com\/wp-content\/uploads\/2022\/06\/Screenshot-2022-06-01-at-15.20.41-18x10.png 18w, https:\/\/planetalindo.com\/wp-content\/uploads\/2022\/06\/Screenshot-2022-06-01-at-15.20.41-24x14.png 24w, https:\/\/planetalindo.com\/wp-content\/uploads\/2022\/06\/Screenshot-2022-06-01-at-15.20.41-36x20.png 36w, https:\/\/planetalindo.com\/wp-content\/uploads\/2022\/06\/Screenshot-2022-06-01-at-15.20.41-48x27.png 48w, https:\/\/planetalindo.com\/wp-content\/uploads\/2022\/06\/Screenshot-2022-06-01-at-15.20.41-133x75.png 133w, https:\/\/planetalindo.com\/wp-content\/uploads\/2022\/06\/Screenshot-2022-06-01-at-15.20.41-235x133.png 235w, https:\/\/planetalindo.com\/wp-content\/uploads\/2022\/06\/Screenshot-2022-06-01-at-15.20.41-480x272.png 480w, https:\/\/planetalindo.com\/wp-content\/uploads\/2022\/06\/Screenshot-2022-06-01-at-15.20.41-740x419.png 740w\" sizes=\"(max-width: 1014px) 100vw, 1014px\" \/>\t<\/div>\n\n\t<div class=\"container clearfix\">\n\t\t<section class=\"image-section-content\">\n\t\t\t\n\t<div class=\"wpb_text_column wpb_content_element\" >\n\t\t<div class=\"wpb_wrapper\">\n\t\t\t<h3><span style=\"color: #4d738a;\"><strong>Compensa\u00e7\u00e3o de Mercadorias<\/strong><\/span><\/h3>\n<p><span style=\"color: #343434;\">Ao calcular as emiss\u00f5es de um produto, h\u00e1 n\u00edveis ou \"\u00e2mbitos de emiss\u00e3o\" que precisam de ser considerados.<\/span><\/p>\n<ul>\n<li><span style=\"color: #343434;\">1 directos<\/span><\/li>\n<li><span style=\"color: #343434;\">2 indirectos<\/span><\/li>\n<\/ul>\n<p><span style=\"color: #343434;\">Ver a tabela<\/span><\/p>\n\n\t\t<\/div>\n\t<\/div>\n\t\t<\/section>\n\t<\/div>\n\n<\/div>\n\n<div class=\"image-section image-section--boxed-image image-section--content-left image-section--image-mobile-hide\">\n\n\t<div class=\"image-section-image\">\n\t\t<img width=\"1552\" height=\"1106\" src=\"https:\/\/planetalindo.com\/wp-content\/uploads\/2022\/05\/Screenshot-2022-05-20-at-09.40.33.png\" class=\"attachment-full size-full\" alt=\"\" decoding=\"async\" loading=\"lazy\" srcset=\"https:\/\/planetalindo.com\/wp-content\/uploads\/2022\/05\/Screenshot-2022-05-20-at-09.40.33.png 1552w, https:\/\/planetalindo.com\/wp-content\/uploads\/2022\/05\/Screenshot-2022-05-20-at-09.40.33-300x214.png 300w, https:\/\/planetalindo.com\/wp-content\/uploads\/2022\/05\/Screenshot-2022-05-20-at-09.40.33-1024x730.png 1024w, https:\/\/planetalindo.com\/wp-content\/uploads\/2022\/05\/Screenshot-2022-05-20-at-09.40.33-768x547.png 768w, https:\/\/planetalindo.com\/wp-content\/uploads\/2022\/05\/Screenshot-2022-05-20-at-09.40.33-1536x1095.png 1536w, https:\/\/planetalindo.com\/wp-content\/uploads\/2022\/05\/Screenshot-2022-05-20-at-09.40.33-18x12.png 18w, https:\/\/planetalindo.com\/wp-content\/uploads\/2022\/05\/Screenshot-2022-05-20-at-09.40.33-24x17.png 24w, https:\/\/planetalindo.com\/wp-content\/uploads\/2022\/05\/Screenshot-2022-05-20-at-09.40.33-36x26.png 36w, https:\/\/planetalindo.com\/wp-content\/uploads\/2022\/05\/Screenshot-2022-05-20-at-09.40.33-48x34.png 48w, https:\/\/planetalindo.com\/wp-content\/uploads\/2022\/05\/Screenshot-2022-05-20-at-09.40.33-133x95.png 133w, https:\/\/planetalindo.com\/wp-content\/uploads\/2022\/05\/Screenshot-2022-05-20-at-09.40.33-235x167.png 235w, https:\/\/planetalindo.com\/wp-content\/uploads\/2022\/05\/Screenshot-2022-05-20-at-09.40.33-480x342.png 480w, https:\/\/planetalindo.com\/wp-content\/uploads\/2022\/05\/Screenshot-2022-05-20-at-09.40.33-740x527.png 740w, https:\/\/planetalindo.com\/wp-content\/uploads\/2022\/05\/Screenshot-2022-05-20-at-09.40.33-1520x1083.png 1520w\" sizes=\"(max-width: 1552px) 100vw, 1552px\" \/>\t<\/div>\n\n\t<div class=\"container clearfix\">\n\t\t<section class=\"image-section-content\">\n\t\t\t\n\t<div class=\"wpb_text_column wpb_content_element\" >\n\t\t<div class=\"wpb_wrapper\">\n\t\t\t<h3><span style=\"color: #4d738a;\"><strong>Aplica\u00e7\u00e3o dos \u00c2mbitos de Emiss\u00f5es ao Petr\u00f3leo Bruto<\/strong><\/span><\/h3>\n<p><span style=\"color: #343434;\">No contexto do c\u00e1lculo das emiss\u00f5es de petr\u00f3leo bruto, consideramos os \u00e2mbitos de emiss\u00e3o como<\/span><\/p>\n<ul>\n<li><span style=\"color: #343434;\">Well to Tank (WTT): Emiss\u00f5es desde a extrac\u00e7\u00e3o at\u00e9 \u00e0 entrega do combust\u00edvel ao utilizador final<\/span><\/li>\n<li><span style=\"color: #343434;\">Tank to Wheel (TTW): Emiss\u00f5es resultantes da utiliza\u00e7\u00e3o apenas do produto final<\/span><\/li>\n<li><span style=\"color: #343434;\">Well to Wheel (WTW): WTT + TTW. ex. Emiss\u00f5es do ciclo de vida<\/span><\/li>\n<\/ul>\n<p><span style=\"color: #343434;\">Ver a tabela<\/span><\/p>\n\n\t\t<\/div>\n\t<\/div>\n\t\t<\/section>\n\t<\/div>\n\n<\/div>\n\n<div class=\"image-section image-section--boxed-image image-section--content-right image-section--image-mobile-hide\">\n\n\t<div class=\"image-section-image\">\n\t\t<img width=\"1690\" height=\"1320\" src=\"https:\/\/planetalindo.com\/wp-content\/uploads\/2022\/05\/Screenshot-2022-05-20-at-09.40.52.png\" class=\"attachment-full size-full\" alt=\"\" decoding=\"async\" loading=\"lazy\" srcset=\"https:\/\/planetalindo.com\/wp-content\/uploads\/2022\/05\/Screenshot-2022-05-20-at-09.40.52.png 1690w, https:\/\/planetalindo.com\/wp-content\/uploads\/2022\/05\/Screenshot-2022-05-20-at-09.40.52-300x234.png 300w, https:\/\/planetalindo.com\/wp-content\/uploads\/2022\/05\/Screenshot-2022-05-20-at-09.40.52-1024x800.png 1024w, https:\/\/planetalindo.com\/wp-content\/uploads\/2022\/05\/Screenshot-2022-05-20-at-09.40.52-768x600.png 768w, https:\/\/planetalindo.com\/wp-content\/uploads\/2022\/05\/Screenshot-2022-05-20-at-09.40.52-1536x1200.png 1536w, https:\/\/planetalindo.com\/wp-content\/uploads\/2022\/05\/Screenshot-2022-05-20-at-09.40.52-15x12.png 15w, https:\/\/planetalindo.com\/wp-content\/uploads\/2022\/05\/Screenshot-2022-05-20-at-09.40.52-24x19.png 24w, https:\/\/planetalindo.com\/wp-content\/uploads\/2022\/05\/Screenshot-2022-05-20-at-09.40.52-36x28.png 36w, https:\/\/planetalindo.com\/wp-content\/uploads\/2022\/05\/Screenshot-2022-05-20-at-09.40.52-48x37.png 48w, https:\/\/planetalindo.com\/wp-content\/uploads\/2022\/05\/Screenshot-2022-05-20-at-09.40.52-133x104.png 133w, https:\/\/planetalindo.com\/wp-content\/uploads\/2022\/05\/Screenshot-2022-05-20-at-09.40.52-235x184.png 235w, https:\/\/planetalindo.com\/wp-content\/uploads\/2022\/05\/Screenshot-2022-05-20-at-09.40.52-480x375.png 480w, https:\/\/planetalindo.com\/wp-content\/uploads\/2022\/05\/Screenshot-2022-05-20-at-09.40.52-740x578.png 740w, https:\/\/planetalindo.com\/wp-content\/uploads\/2022\/05\/Screenshot-2022-05-20-at-09.40.52-1520x1187.png 1520w\" sizes=\"(max-width: 1690px) 100vw, 1690px\" \/>\t<\/div>\n\n\t<div class=\"container clearfix\">\n\t\t<section class=\"image-section-content\">\n\t\t\t\n\t<div class=\"wpb_text_column wpb_content_element\" >\n\t\t<div class=\"wpb_wrapper\">\n\t\t\t<h3><span style=\"color: #4d738a;\"><strong>C\u00e1lculo de Emiss\u00f5es<\/strong><\/span><\/h3>\n<ul>\n<li><span style=\"color: #343434;\">Baseado no Modelo OCI para o \"Frade\" Crude Brasileiro<\/span><\/li>\n<li><span style=\"color: #343434;\">N\u00famero de Barris: 400,000<\/span><\/li>\n<li><span style=\"color: #343434;\">Emiss\u00f5es totais de gases com efeito de estufa por barril de \"Frade\" Crude = 500kg CO2e\/barril<\/span><\/li>\n<li><span style=\"color: #343434;\">Total de emiss\u00f5es de gases com efeito de estufa por carga bruta: 235,200 tCO2e<\/span><\/li>\n<\/ul>\n\n\t\t<\/div>\n\t<\/div>\n\t\t<\/section>\n\t<\/div>\n\n<\/div>\n<\/div><\/div><\/div>\t<\/div>\n<\/div>\n<\/section>\n\n<section class=\"vc_section\">\n\t\n<div class=\"container clearfix\">\n\t<div class=\"vc_row wpb_row\">\n\t\t<div class=\"wpb_column vc_column_container vc_col-sm-12\"><div class=\"vc_column-inner\"><div class=\"wpb_wrapper\">\n<div class=\"section-heading\">\n\t<h2 style=\"text-align: center;\"><span style=\"color: #343434;\">\u00daltimas Not\u00edcias<\/span><span class=\"decor-line\"><\/span><\/h2>\n<\/div>\n<\/div><\/div><\/div>\t<\/div>\n<\/div>\n\n<div class=\"container clearfix\">\n\t<div class=\"vc_row wpb_row\">\n\t\t<div class=\"wpb_column vc_column_container vc_col-sm-12\"><div class=\"vc_column-inner\"><div class=\"wpb_wrapper\">\n\n\t<div class=\"recent-posts\">\n\n\t\t\n\t\t\t<div class=\"post-card\">\n\t\t\t\t<a href=\"https:\/\/planetalindo.com\/pt\/blue-speeds-for-shipping\/\" rel=\"bookmark\">\n\t\t\t\t\t<div class=\"post-card-image\"><img width=\"480\" height=\"267\" src=\"https:\/\/planetalindo.com\/wp-content\/uploads\/2022\/10\/bg-ocean-copy-480x267.jpg\" class=\"attachment-nur_small size-nur_small wp-post-image\" alt=\"\" decoding=\"async\" loading=\"lazy\" srcset=\"https:\/\/planetalindo.com\/wp-content\/uploads\/2022\/10\/bg-ocean-copy-480x267.jpg 480w, https:\/\/planetalindo.com\/wp-content\/uploads\/2022\/10\/bg-ocean-copy-300x167.jpg 300w, https:\/\/planetalindo.com\/wp-content\/uploads\/2022\/10\/bg-ocean-copy-1024x569.jpg 1024w, https:\/\/planetalindo.com\/wp-content\/uploads\/2022\/10\/bg-ocean-copy-768x427.jpg 768w, https:\/\/planetalindo.com\/wp-content\/uploads\/2022\/10\/bg-ocean-copy-18x10.jpg 18w, https:\/\/planetalindo.com\/wp-content\/uploads\/2022\/10\/bg-ocean-copy-24x13.jpg 24w, https:\/\/planetalindo.com\/wp-content\/uploads\/2022\/10\/bg-ocean-copy-36x20.jpg 36w, https:\/\/planetalindo.com\/wp-content\/uploads\/2022\/10\/bg-ocean-copy-48x27.jpg 48w, https:\/\/planetalindo.com\/wp-content\/uploads\/2022\/10\/bg-ocean-copy-133x74.jpg 133w, https:\/\/planetalindo.com\/wp-content\/uploads\/2022\/10\/bg-ocean-copy-235x131.jpg 235w, https:\/\/planetalindo.com\/wp-content\/uploads\/2022\/10\/bg-ocean-copy-740x411.jpg 740w, https:\/\/planetalindo.com\/wp-content\/uploads\/2022\/10\/bg-ocean-copy.jpg 1354w\" sizes=\"(max-width: 480px) 100vw, 480px\" \/><\/div>\n\t\t\t\t\t<h4 class=\"post-card-title\">Blue Speeds for Shipping<\/h4>\n\t\t\t\t\t<time class=\"post-card-date\" datetime=\"2022-10-19T21:06:36+00:00\">Outubro 19, 2022<\/time>\n\t\t\t\t<\/a>\n\t\t\t<\/div>\n\n\t\t\n\t\t\t<div class=\"post-card\">\n\t\t\t\t<a href=\"https:\/\/planetalindo.com\/pt\/great-pacific-garbage-patch\/\" rel=\"bookmark\">\n\t\t\t\t\t<div class=\"post-card-image\"><img width=\"480\" height=\"270\" src=\"https:\/\/planetalindo.com\/wp-content\/uploads\/2022\/08\/Screenshot-2022-08-17-at-22.55.19-480x270.png\" class=\"attachment-nur_small size-nur_small wp-post-image\" alt=\"\" decoding=\"async\" loading=\"lazy\" srcset=\"https:\/\/planetalindo.com\/wp-content\/uploads\/2022\/08\/Screenshot-2022-08-17-at-22.55.19-480x270.png 480w, https:\/\/planetalindo.com\/wp-content\/uploads\/2022\/08\/Screenshot-2022-08-17-at-22.55.19-300x169.png 300w, https:\/\/planetalindo.com\/wp-content\/uploads\/2022\/08\/Screenshot-2022-08-17-at-22.55.19-1024x577.png 1024w, https:\/\/planetalindo.com\/wp-content\/uploads\/2022\/08\/Screenshot-2022-08-17-at-22.55.19-768x433.png 768w, https:\/\/planetalindo.com\/wp-content\/uploads\/2022\/08\/Screenshot-2022-08-17-at-22.55.19-1536x865.png 1536w, https:\/\/planetalindo.com\/wp-content\/uploads\/2022\/08\/Screenshot-2022-08-17-at-22.55.19-18x10.png 18w, https:\/\/planetalindo.com\/wp-content\/uploads\/2022\/08\/Screenshot-2022-08-17-at-22.55.19-24x14.png 24w, https:\/\/planetalindo.com\/wp-content\/uploads\/2022\/08\/Screenshot-2022-08-17-at-22.55.19-36x20.png 36w, https:\/\/planetalindo.com\/wp-content\/uploads\/2022\/08\/Screenshot-2022-08-17-at-22.55.19-48x27.png 48w, https:\/\/planetalindo.com\/wp-content\/uploads\/2022\/08\/Screenshot-2022-08-17-at-22.55.19-133x75.png 133w, https:\/\/planetalindo.com\/wp-content\/uploads\/2022\/08\/Screenshot-2022-08-17-at-22.55.19-235x132.png 235w, https:\/\/planetalindo.com\/wp-content\/uploads\/2022\/08\/Screenshot-2022-08-17-at-22.55.19-740x417.png 740w, https:\/\/planetalindo.com\/wp-content\/uploads\/2022\/08\/Screenshot-2022-08-17-at-22.55.19-1520x856.png 1520w, https:\/\/planetalindo.com\/wp-content\/uploads\/2022\/08\/Screenshot-2022-08-17-at-22.55.19.png 1708w\" sizes=\"(max-width: 480px) 100vw, 480px\" \/><\/div>\n\t\t\t\t\t<h4 class=\"post-card-title\">Great Pacific Garbage Patch<\/h4>\n\t\t\t\t\t<time class=\"post-card-date\" datetime=\"2022-08-17T22:02:17+00:00\">Agosto 17, 2022<\/time>\n\t\t\t\t<\/a>\n\t\t\t<\/div>\n\n\t\t\n\t\t\t<div class=\"post-card\">\n\t\t\t\t<a href=\"https:\/\/planetalindo.com\/pt\/vice-president-harris-casts-tie-breaking-vote-to-advance-sweeping-bill\/\" rel=\"bookmark\">\n\t\t\t\t\t<div class=\"post-card-image\"><img width=\"480\" height=\"268\" src=\"https:\/\/planetalindo.com\/wp-content\/uploads\/2022\/08\/Screenshot-2022-08-09-at-23.49.00-480x268.png\" class=\"attachment-nur_small size-nur_small wp-post-image\" alt=\"\" decoding=\"async\" loading=\"lazy\" srcset=\"https:\/\/planetalindo.com\/wp-content\/uploads\/2022\/08\/Screenshot-2022-08-09-at-23.49.00-480x268.png 480w, https:\/\/planetalindo.com\/wp-content\/uploads\/2022\/08\/Screenshot-2022-08-09-at-23.49.00-300x167.png 300w, https:\/\/planetalindo.com\/wp-content\/uploads\/2022\/08\/Screenshot-2022-08-09-at-23.49.00-1024x571.png 1024w, https:\/\/planetalindo.com\/wp-content\/uploads\/2022\/08\/Screenshot-2022-08-09-at-23.49.00-768x428.png 768w, https:\/\/planetalindo.com\/wp-content\/uploads\/2022\/08\/Screenshot-2022-08-09-at-23.49.00-1536x856.png 1536w, https:\/\/planetalindo.com\/wp-content\/uploads\/2022\/08\/Screenshot-2022-08-09-at-23.49.00-18x10.png 18w, https:\/\/planetalindo.com\/wp-content\/uploads\/2022\/08\/Screenshot-2022-08-09-at-23.49.00-24x13.png 24w, https:\/\/planetalindo.com\/wp-content\/uploads\/2022\/08\/Screenshot-2022-08-09-at-23.49.00-36x20.png 36w, https:\/\/planetalindo.com\/wp-content\/uploads\/2022\/08\/Screenshot-2022-08-09-at-23.49.00-48x27.png 48w, https:\/\/planetalindo.com\/wp-content\/uploads\/2022\/08\/Screenshot-2022-08-09-at-23.49.00-133x74.png 133w, https:\/\/planetalindo.com\/wp-content\/uploads\/2022\/08\/Screenshot-2022-08-09-at-23.49.00-235x131.png 235w, https:\/\/planetalindo.com\/wp-content\/uploads\/2022\/08\/Screenshot-2022-08-09-at-23.49.00-740x413.png 740w, https:\/\/planetalindo.com\/wp-content\/uploads\/2022\/08\/Screenshot-2022-08-09-at-23.49.00-1520x848.png 1520w, https:\/\/planetalindo.com\/wp-content\/uploads\/2022\/08\/Screenshot-2022-08-09-at-23.49.00.png 1546w\" sizes=\"(max-width: 480px) 100vw, 480px\" \/><\/div>\n\t\t\t\t\t<h4 class=\"post-card-title\">Vice President Harris casts tie-breaking vote to advance sweeping bill<\/h4>\n\t\t\t\t\t<time class=\"post-card-date\" datetime=\"2022-08-09T22:54:16+00:00\">Agosto 9, 2022<\/time>\n\t\t\t\t<\/a>\n\t\t\t<\/div>\n\n\t\t\n\t\t\n\t<\/div>\n\n<\/div><\/div><\/div>\t<\/div>\n<\/div>\n\n<div class=\"container clearfix\">\n\t<div class=\"vc_row wpb_row\">\n\t\t<div class=\"wpb_column vc_column_container vc_col-sm-12\"><div class=\"vc_column-inner\"><div class=\"wpb_wrapper\">\n\t<div class=\"wpb_text_column wpb_content_element\" >\n\t\t<div class=\"wpb_wrapper\">\n\t\t\t<h5 style=\"text-align: center;\"><span style=\"color: #4e7489;\"><em><strong>\u201c<\/strong><\/em><em><strong>One thing leads to the other.\u00a0<\/strong><\/em><strong><em>Deforestation leads to climate change<\/em><\/strong><em><strong>, which leads to ecosystem losses, which negatively impacts our livelihoods \u2013\u00a0<\/strong><\/em><strong><em>it\u2019s a vicious cycle<\/em><\/strong><em><strong>.\u201d<\/strong><\/em><\/span><\/h5>\n<h5 style=\"text-align: center;\"><span style=\"color: #4e7489;\"><strong>Gisele Bundchen<\/strong><\/span><\/h5>\n\n\t\t<\/div>\n\t<\/div>\n<\/div><\/div><\/div>\t<\/div>\n<\/div>\n<\/section>","protected":false},"excerpt":{"rendered":"The Senate worked through the night voting on amendments for the Democrats' sweeping health care and climate change bill. The bill would be the largest climate investment in US history. [...]","protected":false},"author":1,"featured_media":0,"parent":0,"menu_order":0,"comment_status":"closed","ping_status":"closed","template":"","meta":{"_mi_skip_tracking":false,"_monsterinsights_sitenote_active":false,"_monsterinsights_sitenote_note":"","_monsterinsights_sitenote_category":0},"aioseo_notices":[],"_links":{"self":[{"href":"https:\/\/planetalindo.com\/pt\/wp-json\/wp\/v2\/pages\/7971"}],"collection":[{"href":"https:\/\/planetalindo.com\/pt\/wp-json\/wp\/v2\/pages"}],"about":[{"href":"https:\/\/planetalindo.com\/pt\/wp-json\/wp\/v2\/types\/page"}],"author":[{"embeddable":true,"href":"https:\/\/planetalindo.com\/pt\/wp-json\/wp\/v2\/users\/1"}],"replies":[{"embeddable":true,"href":"https:\/\/planetalindo.com\/pt\/wp-json\/wp\/v2\/comments?post=7971"}],"version-history":[{"count":6,"href":"https:\/\/planetalindo.com\/pt\/wp-json\/wp\/v2\/pages\/7971\/revisions"}],"predecessor-version":[{"id":8197,"href":"https:\/\/planetalindo.com\/pt\/wp-json\/wp\/v2\/pages\/7971\/revisions\/8197"}],"wp:attachment":[{"href":"https:\/\/planetalindo.com\/pt\/wp-json\/wp\/v2\/media?parent=7971"}],"curies":[{"name":"wp","href":"https:\/\/api.w.org\/{rel}","templated":true}]}}