{"id":7844,"date":"2022-06-02T23:16:44","date_gmt":"2022-06-02T23:16:44","guid":{"rendered":"http:\/\/planetalindo.pt\/?page_id=7844"},"modified":"2022-06-07T22:46:30","modified_gmt":"2022-06-07T22:46:30","slug":"benefits","status":"publish","type":"page","link":"https:\/\/planetalindo.com\/pt\/benefits\/","title":{"rendered":"Benef\u00edcios"},"content":{"rendered":"<div class=\"container clearfix\">\n\t<div class=\"vc_row wpb_row\">\n\t\t<div class=\"wpb_column vc_column_container vc_col-sm-12\"><div class=\"vc_column-inner\"><div class=\"wpb_wrapper\"><div class=\"vc_empty_space\"   style=\"height: 50px\"><span class=\"vc_empty_space_inner\"><\/span><\/div><\/div><\/div><\/div>\t<\/div>\n<\/div>\n\n<section class=\"vc_section\">\n\t\n<div class=\"container clearfix\">\n\t<div id=\"benefits\" class=\"vc_row wpb_row\">\n\t\t<div class=\"wpb_column vc_column_container vc_col-sm-12\"><div class=\"vc_column-inner\"><div class=\"wpb_wrapper\">\n<div class=\"section-heading vc_custom_1654359031738\">\n\t<h2 style=\"text-align: left;\"><span style=\"color: #343434;\">Benef\u00edcios<\/span><span class=\"decor-line\"><\/span><\/h2>\n<\/div>\n\n<div class=\"image-section image-section--cover-image image-section--content-left\">\n\n\t<div class=\"image-section-image\">\n\t\t<img width=\"2560\" height=\"1714\" src=\"https:\/\/planetalindo.com\/wp-content\/uploads\/2022\/05\/DSC_0103-scaled.jpg\" class=\"attachment-full size-full\" alt=\"\" decoding=\"async\" loading=\"lazy\" srcset=\"https:\/\/planetalindo.com\/wp-content\/uploads\/2022\/05\/DSC_0103-scaled.jpg 2560w, https:\/\/planetalindo.com\/wp-content\/uploads\/2022\/05\/DSC_0103-300x201.jpg 300w, https:\/\/planetalindo.com\/wp-content\/uploads\/2022\/05\/DSC_0103-1024x685.jpg 1024w, https:\/\/planetalindo.com\/wp-content\/uploads\/2022\/05\/DSC_0103-768x514.jpg 768w, https:\/\/planetalindo.com\/wp-content\/uploads\/2022\/05\/DSC_0103-1536x1028.jpg 1536w, https:\/\/planetalindo.com\/wp-content\/uploads\/2022\/05\/DSC_0103-2048x1371.jpg 2048w, https:\/\/planetalindo.com\/wp-content\/uploads\/2022\/05\/DSC_0103-18x12.jpg 18w, https:\/\/planetalindo.com\/wp-content\/uploads\/2022\/05\/DSC_0103-24x16.jpg 24w, https:\/\/planetalindo.com\/wp-content\/uploads\/2022\/05\/DSC_0103-36x24.jpg 36w, https:\/\/planetalindo.com\/wp-content\/uploads\/2022\/05\/DSC_0103-48x32.jpg 48w, https:\/\/planetalindo.com\/wp-content\/uploads\/2022\/05\/DSC_0103-133x89.jpg 133w, https:\/\/planetalindo.com\/wp-content\/uploads\/2022\/05\/DSC_0103-235x157.jpg 235w, https:\/\/planetalindo.com\/wp-content\/uploads\/2022\/05\/DSC_0103-480x321.jpg 480w, https:\/\/planetalindo.com\/wp-content\/uploads\/2022\/05\/DSC_0103-740x495.jpg 740w, https:\/\/planetalindo.com\/wp-content\/uploads\/2022\/05\/DSC_0103-1520x1018.jpg 1520w\" sizes=\"(max-width: 2560px) 100vw, 2560px\" \/>\t<\/div>\n\n\t<div class=\"container clearfix\">\n\t\t<section class=\"image-section-content\">\n\t\t\t\n\t<div class=\"wpb_text_column wpb_content_element\" >\n\t\t<div class=\"wpb_wrapper\">\n\t\t\t<div class=\"page\" title=\"Page 4\">\n<div class=\"section\">\n<div class=\"layoutArea\">\n<div class=\"column\">\n<div class=\"page\" title=\"Page 6\">\n<div class=\"section\">\n<div class=\"layoutArea\">\n<div class=\"column\">\n<p><span style=\"color: #343434;\">As empresas empenhadas em alcan\u00e7ar a neutralidade de carbono desencadeiam um c\u00edrculo virtuoso em que todos ganham, o planeta e a pr\u00f3pria empresa.<\/span><\/p>\n<p><span style=\"color: #343434;\">Os estudos sobre as prefer\u00eancias de compra dos consumidores s\u00e3o un\u00e2nimes em destacar as escolhas destes \u00faltimos em rela\u00e7\u00e3o a produtos\/servi\u00e7os de empresas que investem na sustentabilidade.<\/span><\/p>\n<p><span style=\"color: #343434;\">Esta tend\u00eancia acentua-se entre a Gera\u00e7\u00e3o Z e Millennials que j\u00e1 representam 65% dos consumidores actuais &amp; que tamb\u00e9m consideram as \"empresas verdes\" os locais mais atractivos para trabalhar.<\/span><\/p>\n<\/div>\n<\/div>\n<\/div>\n<\/div>\n<\/div>\n<\/div>\n<\/div>\n<\/div>\n\n\t\t<\/div>\n\t<\/div>\n<div class=\"vc_empty_space\"   style=\"height: 32px\"><span class=\"vc_empty_space_inner\"><\/span><\/div>\t\t<\/section>\n\t<\/div>\n\n<\/div>\n\n<div class=\"image-section image-section--cover-image image-section--content-right\">\n\n\t<div class=\"image-section-image\">\n\t\t<img width=\"2560\" height=\"1920\" src=\"https:\/\/planetalindo.com\/wp-content\/uploads\/2022\/05\/100_3721-scaled.jpg\" class=\"attachment-full size-full\" alt=\"\" decoding=\"async\" loading=\"lazy\" srcset=\"https:\/\/planetalindo.com\/wp-content\/uploads\/2022\/05\/100_3721-scaled.jpg 2560w, https:\/\/planetalindo.com\/wp-content\/uploads\/2022\/05\/100_3721-scaled-600x450.jpg 600w, https:\/\/planetalindo.com\/wp-content\/uploads\/2022\/05\/100_3721-300x225.jpg 300w, https:\/\/planetalindo.com\/wp-content\/uploads\/2022\/05\/100_3721-1024x768.jpg 1024w, https:\/\/planetalindo.com\/wp-content\/uploads\/2022\/05\/100_3721-768x576.jpg 768w, https:\/\/planetalindo.com\/wp-content\/uploads\/2022\/05\/100_3721-1536x1152.jpg 1536w, https:\/\/planetalindo.com\/wp-content\/uploads\/2022\/05\/100_3721-2048x1536.jpg 2048w, https:\/\/planetalindo.com\/wp-content\/uploads\/2022\/05\/100_3721-16x12.jpg 16w\" sizes=\"(max-width: 2560px) 100vw, 2560px\" \/>\t<\/div>\n\n\t<div class=\"container clearfix\">\n\t\t<section class=\"image-section-content\">\n\t\t\t\n\t<div class=\"wpb_text_column wpb_content_element\" >\n\t\t<div class=\"wpb_wrapper\">\n\t\t\t<div class=\"page\" title=\"Page 6\">\n<div class=\"section\">\n<div class=\"layoutArea\">\n<div class=\"column\">\n<p><span style=\"color: #343434;\">As empresas que r\u00e1pida e voluntariamente empreenderem o caminho para as emiss\u00f5es l\u00edquidas zero ter\u00e3o menos dificuldades em adaptar-se \u00e0s crescentes restri\u00e7\u00f5es legislativas impostas pelos governos nos pr\u00f3ximos anos.<\/span><\/p>\n<p><span style=\"color: #343434;\">Os investidores favorecem as empresas que se adaptam a um mundo neutro em carbono e contribuem para um melhor ambiente, pois consideram que estas empresas est\u00e3o mais bem preparadas para enfrentar o futuro e, portanto, mais s\u00f3lidas e atractivas.<\/span><\/p>\n<\/div>\n<\/div>\n<\/div>\n<\/div>\n\n\t\t<\/div>\n\t<\/div>\n\t\t<\/section>\n\t<\/div>\n\n<\/div>\n<div class=\"vc_empty_space\"   style=\"height: 50px\"><span class=\"vc_empty_space_inner\"><\/span><\/div><\/div><\/div><\/div>\t<\/div>\n<\/div>\n\n<div class=\"container clearfix\">\n\t<div class=\"vc_row wpb_row\">\n\t\t<div class=\"wpb_column vc_column_container vc_col-sm-12\"><div class=\"vc_column-inner\"><div class=\"wpb_wrapper\">\n<div class=\"section-heading\">\n\t<h2 style=\"text-align: center;\"><img decoding=\"async\" loading=\"lazy\" class=\"alignnone wp-image-7894\" src=\"https:\/\/planetalindo.com\/wp-content\/uploads\/2022\/06\/05_news-1-300x300.png\" alt=\"\" width=\"100\" height=\"100\" \/>\u00a0 \u00daltimas Not\u00edcias<span class=\"decor-line\"><\/span><\/h2>\n<\/div>\n<\/div><\/div><\/div>\t<\/div>\n<\/div>\n\n<div class=\"container clearfix\">\n\t<div class=\"vc_row wpb_row\">\n\t\t<div class=\"wpb_column vc_column_container vc_col-sm-12\"><div class=\"vc_column-inner\"><div class=\"wpb_wrapper\">\n\n\t<div class=\"recent-posts\">\n\n\t\t\n\t\t\t<div class=\"post-card\">\n\t\t\t\t<a href=\"https:\/\/planetalindo.com\/pt\/blue-speeds-for-shipping\/\" rel=\"bookmark\">\n\t\t\t\t\t<div class=\"post-card-image\"><img width=\"480\" height=\"267\" src=\"https:\/\/planetalindo.com\/wp-content\/uploads\/2022\/10\/bg-ocean-copy-480x267.jpg\" class=\"attachment-nur_small size-nur_small wp-post-image\" alt=\"\" decoding=\"async\" loading=\"lazy\" srcset=\"https:\/\/planetalindo.com\/wp-content\/uploads\/2022\/10\/bg-ocean-copy-480x267.jpg 480w, https:\/\/planetalindo.com\/wp-content\/uploads\/2022\/10\/bg-ocean-copy-300x167.jpg 300w, https:\/\/planetalindo.com\/wp-content\/uploads\/2022\/10\/bg-ocean-copy-1024x569.jpg 1024w, https:\/\/planetalindo.com\/wp-content\/uploads\/2022\/10\/bg-ocean-copy-768x427.jpg 768w, https:\/\/planetalindo.com\/wp-content\/uploads\/2022\/10\/bg-ocean-copy-18x10.jpg 18w, https:\/\/planetalindo.com\/wp-content\/uploads\/2022\/10\/bg-ocean-copy-24x13.jpg 24w, https:\/\/planetalindo.com\/wp-content\/uploads\/2022\/10\/bg-ocean-copy-36x20.jpg 36w, https:\/\/planetalindo.com\/wp-content\/uploads\/2022\/10\/bg-ocean-copy-48x27.jpg 48w, https:\/\/planetalindo.com\/wp-content\/uploads\/2022\/10\/bg-ocean-copy-133x74.jpg 133w, https:\/\/planetalindo.com\/wp-content\/uploads\/2022\/10\/bg-ocean-copy-235x131.jpg 235w, https:\/\/planetalindo.com\/wp-content\/uploads\/2022\/10\/bg-ocean-copy-740x411.jpg 740w, https:\/\/planetalindo.com\/wp-content\/uploads\/2022\/10\/bg-ocean-copy.jpg 1354w\" sizes=\"(max-width: 480px) 100vw, 480px\" \/><\/div>\n\t\t\t\t\t<h4 class=\"post-card-title\">Blue Speeds for Shipping<\/h4>\n\t\t\t\t\t<time class=\"post-card-date\" datetime=\"2022-10-19T21:06:36+00:00\">Outubro 19, 2022<\/time>\n\t\t\t\t<\/a>\n\t\t\t<\/div>\n\n\t\t\n\t\t\t<div class=\"post-card\">\n\t\t\t\t<a href=\"https:\/\/planetalindo.com\/pt\/great-pacific-garbage-patch\/\" rel=\"bookmark\">\n\t\t\t\t\t<div class=\"post-card-image\"><img width=\"480\" height=\"270\" src=\"https:\/\/planetalindo.com\/wp-content\/uploads\/2022\/08\/Screenshot-2022-08-17-at-22.55.19-480x270.png\" class=\"attachment-nur_small size-nur_small wp-post-image\" alt=\"\" decoding=\"async\" loading=\"lazy\" srcset=\"https:\/\/planetalindo.com\/wp-content\/uploads\/2022\/08\/Screenshot-2022-08-17-at-22.55.19-480x270.png 480w, https:\/\/planetalindo.com\/wp-content\/uploads\/2022\/08\/Screenshot-2022-08-17-at-22.55.19-300x169.png 300w, https:\/\/planetalindo.com\/wp-content\/uploads\/2022\/08\/Screenshot-2022-08-17-at-22.55.19-1024x577.png 1024w, https:\/\/planetalindo.com\/wp-content\/uploads\/2022\/08\/Screenshot-2022-08-17-at-22.55.19-768x433.png 768w, https:\/\/planetalindo.com\/wp-content\/uploads\/2022\/08\/Screenshot-2022-08-17-at-22.55.19-1536x865.png 1536w, https:\/\/planetalindo.com\/wp-content\/uploads\/2022\/08\/Screenshot-2022-08-17-at-22.55.19-18x10.png 18w, https:\/\/planetalindo.com\/wp-content\/uploads\/2022\/08\/Screenshot-2022-08-17-at-22.55.19-24x14.png 24w, https:\/\/planetalindo.com\/wp-content\/uploads\/2022\/08\/Screenshot-2022-08-17-at-22.55.19-36x20.png 36w, https:\/\/planetalindo.com\/wp-content\/uploads\/2022\/08\/Screenshot-2022-08-17-at-22.55.19-48x27.png 48w, https:\/\/planetalindo.com\/wp-content\/uploads\/2022\/08\/Screenshot-2022-08-17-at-22.55.19-133x75.png 133w, https:\/\/planetalindo.com\/wp-content\/uploads\/2022\/08\/Screenshot-2022-08-17-at-22.55.19-235x132.png 235w, https:\/\/planetalindo.com\/wp-content\/uploads\/2022\/08\/Screenshot-2022-08-17-at-22.55.19-740x417.png 740w, https:\/\/planetalindo.com\/wp-content\/uploads\/2022\/08\/Screenshot-2022-08-17-at-22.55.19-1520x856.png 1520w, https:\/\/planetalindo.com\/wp-content\/uploads\/2022\/08\/Screenshot-2022-08-17-at-22.55.19.png 1708w\" sizes=\"(max-width: 480px) 100vw, 480px\" \/><\/div>\n\t\t\t\t\t<h4 class=\"post-card-title\">Great Pacific Garbage Patch<\/h4>\n\t\t\t\t\t<time class=\"post-card-date\" datetime=\"2022-08-17T22:02:17+00:00\">Agosto 17, 2022<\/time>\n\t\t\t\t<\/a>\n\t\t\t<\/div>\n\n\t\t\n\t\t\t<div class=\"post-card\">\n\t\t\t\t<a href=\"https:\/\/planetalindo.com\/pt\/vice-president-harris-casts-tie-breaking-vote-to-advance-sweeping-bill\/\" rel=\"bookmark\">\n\t\t\t\t\t<div class=\"post-card-image\"><img width=\"480\" height=\"268\" src=\"https:\/\/planetalindo.com\/wp-content\/uploads\/2022\/08\/Screenshot-2022-08-09-at-23.49.00-480x268.png\" class=\"attachment-nur_small size-nur_small wp-post-image\" alt=\"\" decoding=\"async\" loading=\"lazy\" srcset=\"https:\/\/planetalindo.com\/wp-content\/uploads\/2022\/08\/Screenshot-2022-08-09-at-23.49.00-480x268.png 480w, https:\/\/planetalindo.com\/wp-content\/uploads\/2022\/08\/Screenshot-2022-08-09-at-23.49.00-300x167.png 300w, https:\/\/planetalindo.com\/wp-content\/uploads\/2022\/08\/Screenshot-2022-08-09-at-23.49.00-1024x571.png 1024w, https:\/\/planetalindo.com\/wp-content\/uploads\/2022\/08\/Screenshot-2022-08-09-at-23.49.00-768x428.png 768w, https:\/\/planetalindo.com\/wp-content\/uploads\/2022\/08\/Screenshot-2022-08-09-at-23.49.00-1536x856.png 1536w, https:\/\/planetalindo.com\/wp-content\/uploads\/2022\/08\/Screenshot-2022-08-09-at-23.49.00-18x10.png 18w, https:\/\/planetalindo.com\/wp-content\/uploads\/2022\/08\/Screenshot-2022-08-09-at-23.49.00-24x13.png 24w, https:\/\/planetalindo.com\/wp-content\/uploads\/2022\/08\/Screenshot-2022-08-09-at-23.49.00-36x20.png 36w, https:\/\/planetalindo.com\/wp-content\/uploads\/2022\/08\/Screenshot-2022-08-09-at-23.49.00-48x27.png 48w, https:\/\/planetalindo.com\/wp-content\/uploads\/2022\/08\/Screenshot-2022-08-09-at-23.49.00-133x74.png 133w, https:\/\/planetalindo.com\/wp-content\/uploads\/2022\/08\/Screenshot-2022-08-09-at-23.49.00-235x131.png 235w, https:\/\/planetalindo.com\/wp-content\/uploads\/2022\/08\/Screenshot-2022-08-09-at-23.49.00-740x413.png 740w, https:\/\/planetalindo.com\/wp-content\/uploads\/2022\/08\/Screenshot-2022-08-09-at-23.49.00-1520x848.png 1520w, https:\/\/planetalindo.com\/wp-content\/uploads\/2022\/08\/Screenshot-2022-08-09-at-23.49.00.png 1546w\" sizes=\"(max-width: 480px) 100vw, 480px\" \/><\/div>\n\t\t\t\t\t<h4 class=\"post-card-title\">Vice President Harris casts tie-breaking vote to advance sweeping bill<\/h4>\n\t\t\t\t\t<time class=\"post-card-date\" datetime=\"2022-08-09T22:54:16+00:00\">Agosto 9, 2022<\/time>\n\t\t\t\t<\/a>\n\t\t\t<\/div>\n\n\t\t\n\t\t\n\t<\/div>\n\n<\/div><\/div><\/div>\t<\/div>\n<\/div>\n<\/section>","protected":false},"excerpt":{"rendered":"The Senate worked through the night voting on amendments for the Democrats' sweeping health care and climate change bill. The bill would be the largest climate investment in US history. [...]","protected":false},"author":1,"featured_media":0,"parent":0,"menu_order":0,"comment_status":"closed","ping_status":"closed","template":"","meta":{"_mi_skip_tracking":false,"_monsterinsights_sitenote_active":false,"_monsterinsights_sitenote_note":"","_monsterinsights_sitenote_category":0},"aioseo_notices":[],"_links":{"self":[{"href":"https:\/\/planetalindo.com\/pt\/wp-json\/wp\/v2\/pages\/7844"}],"collection":[{"href":"https:\/\/planetalindo.com\/pt\/wp-json\/wp\/v2\/pages"}],"about":[{"href":"https:\/\/planetalindo.com\/pt\/wp-json\/wp\/v2\/types\/page"}],"author":[{"embeddable":true,"href":"https:\/\/planetalindo.com\/pt\/wp-json\/wp\/v2\/users\/1"}],"replies":[{"embeddable":true,"href":"https:\/\/planetalindo.com\/pt\/wp-json\/wp\/v2\/comments?post=7844"}],"version-history":[{"count":15,"href":"https:\/\/planetalindo.com\/pt\/wp-json\/wp\/v2\/pages\/7844\/revisions"}],"predecessor-version":[{"id":8326,"href":"https:\/\/planetalindo.com\/pt\/wp-json\/wp\/v2\/pages\/7844\/revisions\/8326"}],"wp:attachment":[{"href":"https:\/\/planetalindo.com\/pt\/wp-json\/wp\/v2\/media?parent=7844"}],"curies":[{"name":"wp","href":"https:\/\/api.w.org\/{rel}","templated":true}]}}