{"id":7218,"date":"2022-05-17T10:51:46","date_gmt":"2022-05-17T10:51:46","guid":{"rendered":"http:\/\/planetalindo.pt\/?page_id=7218"},"modified":"2022-10-19T20:46:19","modified_gmt":"2022-10-19T20:46:19","slug":"we2sure","status":"publish","type":"page","link":"https:\/\/planetalindo.com\/pt\/what_we_do\/offest_co2_emissions\/we2sure\/","title":{"rendered":"We2Sure"},"content":{"rendered":"<div class=\"container-fluid clearfix\">\n\t<div class=\"vc_row wpb_row vc_row-no-padding\">\n\t\t<div class=\"wpb_column vc_column_container vc_col-sm-12\"><div class=\"vc_column-inner\"><div class=\"wpb_wrapper\"><div class=\"vc_empty_space\"   style=\"height: 32px\"><span class=\"vc_empty_space_inner\"><\/span><\/div><\/div><\/div><\/div>\t<\/div>\n<\/div>\n\n<section class=\"vc_section vc_custom_1510636806921\">\n\t\n<div class=\"container clearfix\">\n\t<div class=\"vc_row wpb_row\">\n\t\t<div class=\"wpb_column vc_column_container vc_col-sm-12\"><div class=\"vc_column-inner\"><div class=\"wpb_wrapper\"><div class=\"vc_empty_space\"   style=\"height: 32px\"><span class=\"vc_empty_space_inner\"><\/span><\/div>\n\t<div class=\"wpb_text_column wpb_content_element\" >\n\t\t<div class=\"wpb_wrapper\">\n\t\t\t<h2 style=\"text-align: center;\"><span style=\"color: #343434;\"><strong>O que \u00e9 a We2Sure?<\/strong><\/span><\/h2>\n<p>&nbsp;<\/p>\n<p style=\"text-align: left;\"><span style=\"color: #343434;\"><strong>We2Sure \u00e9 o parceiro de seguros escolhido para fornecer protec\u00e7\u00e3o de cr\u00e9dito de carbono aos investidores<\/strong><\/span><\/p>\n\n\t\t<\/div>\n\t<\/div>\n\n\t<div class=\"wpb_text_column wpb_content_element\" >\n\t\t<div class=\"wpb_wrapper\">\n\t\t\t<ul>\n<li style=\"text-align: left;\"><span style=\"color: #343434;\">We2Sure \u00e9 uma ag\u00eancia geral especializada em seguros ambientais com sede em Dublin, regulada pelo Banco Central da Irlanda e apoiada pelo Lloyds de Londres.<\/span><\/li>\n<\/ul>\n<ul style=\"text-align: left;\">\n<li><span style=\"color: #343434;\">Juntos cri\u00e1mos os primeiros Certificados de Cr\u00e9dito de Carbono do mundo que garantem o seu desempenho, assegurando a quantidade de carbono sequestrado. Protegemo-los contra altera\u00e7\u00f5es legislativas, fraudes e qualquer revenda do mesmo certificado.<\/span><\/li>\n<\/ul>\n<ul style=\"text-align: left;\">\n<li><span style=\"color: #343434;\">We2Sure provide unique solutions that protect the whole cycle of the Carbon Credit Certificate, such as protecting the land title and guaranteeing a minimum selling price for the project owners.<\/span><\/li>\n<\/ul>\n<ul>\n<li style=\"text-align: left;\"><span style=\"color: #343434;\">Estas protec\u00e7\u00f5es paradigm\u00e1ticas aumentam a confian\u00e7a e a transpar\u00eancia, aumentando o valor transaccional dos certificados tanto no mercado prim\u00e1rio como no secund\u00e1rio.<\/span><\/li>\n<\/ul>\n\n\t\t<\/div>\n\t<\/div>\n<\/div><\/div><\/div>\t<\/div>\n<\/div>\n<\/section>\n\n<section class=\"vc_section vc_custom_1653868358842\">\n\t\n<div class=\"container clearfix\">\n\t<div class=\"vc_row wpb_row\">\n\t\t<div class=\"wpb_column vc_column_container vc_col-sm-12\"><div class=\"vc_column-inner\"><div class=\"wpb_wrapper\"><div class=\"vc_empty_space\"   style=\"height: 32px\"><span class=\"vc_empty_space_inner\"><\/span><\/div>\n\t<div class=\"wpb_text_column wpb_content_element\" >\n\t\t<div class=\"wpb_wrapper\">\n\t\t\t<h4 style=\"text-align: center;\"><em><strong><span style=\"font-family: Century Old Style;\"><span style=\"color: #4e7489;\">\u00abProgress is impossible without change, and those who<br \/>\ncannot change their minds cannot change anything.\u00bb<\/span><\/span><\/strong><\/em><\/h4>\n\n\t\t<\/div>\n\t<\/div>\n\n\t<div class=\"wpb_text_column wpb_content_element  vc_custom_1654731744632\" >\n\t\t<div class=\"wpb_wrapper\">\n\t\t\t<h6 style=\"text-align: center;\"><span style=\"font-family: Arial;\"><span style=\"color: #4e7489;\"><strong>George Bernard Shaw<\/strong><\/span><\/span><\/h6>\n\n\t\t<\/div>\n\t<\/div>\n<\/div><\/div><\/div>\t<\/div>\n<\/div>\n<\/section>","protected":false},"excerpt":{"rendered":"What is We2Sure? &nbsp; We2Sure is the Insurance partner of choice for supplying carbon credit protection to investors We2Sure is an environmental specialist insurance general agency based in Dublin, regulated [...]","protected":false},"author":1,"featured_media":0,"parent":7203,"menu_order":2,"comment_status":"closed","ping_status":"closed","template":"","meta":{"_mi_skip_tracking":false,"_monsterinsights_sitenote_active":false,"_monsterinsights_sitenote_note":"","_monsterinsights_sitenote_category":0},"aioseo_notices":[],"_links":{"self":[{"href":"https:\/\/planetalindo.com\/pt\/wp-json\/wp\/v2\/pages\/7218"}],"collection":[{"href":"https:\/\/planetalindo.com\/pt\/wp-json\/wp\/v2\/pages"}],"about":[{"href":"https:\/\/planetalindo.com\/pt\/wp-json\/wp\/v2\/types\/page"}],"author":[{"embeddable":true,"href":"https:\/\/planetalindo.com\/pt\/wp-json\/wp\/v2\/users\/1"}],"replies":[{"embeddable":true,"href":"https:\/\/planetalindo.com\/pt\/wp-json\/wp\/v2\/comments?post=7218"}],"version-history":[{"count":19,"href":"https:\/\/planetalindo.com\/pt\/wp-json\/wp\/v2\/pages\/7218\/revisions"}],"predecessor-version":[{"id":8531,"href":"https:\/\/planetalindo.com\/pt\/wp-json\/wp\/v2\/pages\/7218\/revisions\/8531"}],"up":[{"embeddable":true,"href":"https:\/\/planetalindo.com\/pt\/wp-json\/wp\/v2\/pages\/7203"}],"wp:attachment":[{"href":"https:\/\/planetalindo.com\/pt\/wp-json\/wp\/v2\/media?parent=7218"}],"curies":[{"name":"wp","href":"https:\/\/api.w.org\/{rel}","templated":true}]}}