{"id":7199,"date":"2022-05-26T16:34:50","date_gmt":"2022-05-26T16:34:50","guid":{"rendered":"http:\/\/planetalindo.pt\/?page_id=7199"},"modified":"2022-10-19T20:57:16","modified_gmt":"2022-10-19T20:57:16","slug":"arr","status":"publish","type":"page","link":"https:\/\/planetalindo.com\/pt\/arr\/","title":{"rendered":"ARR"},"content":{"rendered":"<div class=\"container-fluid clearfix\">\n\t<div class=\"vc_row wpb_row vc_row-no-padding\">\n\t\t<div class=\"wpb_column vc_column_container vc_col-sm-12\"><div class=\"vc_column-inner\"><div class=\"wpb_wrapper\"><div class=\"vc_empty_space\"   style=\"height: 32px\"><span class=\"vc_empty_space_inner\"><\/span><\/div><\/div><\/div><\/div>\t<\/div>\n<\/div>\n\n<section class=\"vc_section vc_custom_1510636806921\">\n\t\n<div class=\"container clearfix\">\n\t<div class=\"vc_row wpb_row\">\n\t\t<div class=\"wpb_column vc_column_container vc_col-sm-12\"><div class=\"vc_column-inner\"><div class=\"wpb_wrapper\">\n\t<div class=\"wpb_text_column wpb_content_element\" >\n\t\t<div class=\"wpb_wrapper\">\n\t\t\t<h2 style=\"text-align: center;\"><span style=\"color: #343434;\"><strong>What is an ARR project?<\/strong><\/span><\/h2>\n\n\t\t<\/div>\n\t<\/div>\n\n\t<div class=\"wpb_text_column wpb_content_element\" >\n\t\t<div class=\"wpb_wrapper\">\n\t\t\t<p><span style=\"color: #343434;\">Arboriza\u00e7\u00e3o, Refloresta\u00e7\u00e3o, Revegeta\u00e7\u00e3o (abreviadamente ARR) refere-se a uma categoria de projectos que visam restaurar a cobertura vegetal a diferentes ecossistemas, criando ao mesmo tempo numerosos benef\u00edcios s\u00f3cio-econ\u00f3micos e ambientais.<\/span><\/p>\n<p>&nbsp;<\/p>\n<p>For this type of projects are eligible degraded areas where there has been no cut for at least 10 years. On land where new trees have already been planted, these must not have been planted more than 3 years earlier and, in any case, it is always necessary to require a change of intended use. The land must have a minimum area of \u200b\u200b300 ha, aiming to achieve an optimal area of \u200b\u200b1000-2000 ha.<\/p>\n<p>O projecto deve ter uma dura\u00e7\u00e3o m\u00ednima de 20 anos.<\/p>\n\n\t\t<\/div>\n\t<\/div>\n<\/div><\/div><\/div>\t<\/div>\n<\/div>\n<\/section>\n\n<section class=\"vc_section vc_custom_1654547722219\">\n\t\n<div class=\"container clearfix\">\n\t<div class=\"vc_row wpb_row\">\n\t\t<div class=\"wpb_column vc_column_container vc_col-sm-12\"><div class=\"vc_column-inner\"><div class=\"wpb_wrapper\">\n<div class=\"cta-box cta-box--vertical text-white\">\n\n\t\n\t<div class=\"cta-box-copy\">\n\t\t<h2>ENTRE EM CONTACTO<\/h2>\n\t<\/div>\n\n\t<div class=\"cta-box-button\">\n\t\t<a class=\"btn btn-secondary btn-large\" href=\"mailto:%20info@planetalindo.com\">Contacte-nos<\/a>\n\t<\/div>\n\n<\/div>\n<\/div><\/div><\/div>\t<\/div>\n<\/div>\n<\/section>\n\n<section class=\"vc_section\">\n\t\n<div class=\"container clearfix\">\n\t<div class=\"vc_row wpb_row\">\n\t\t<div class=\"wpb_column vc_column_container vc_col-sm-12\"><div class=\"vc_column-inner\"><div class=\"wpb_wrapper\">\n<div class=\"section-heading\">\n\t<h2 style=\"text-align: center;\"><img decoding=\"async\" loading=\"lazy\" class=\"alignnone wp-image-7894\" src=\"https:\/\/planetalindo.com\/wp-content\/uploads\/2022\/06\/05_news-1-300x300.png\" alt=\"\" width=\"100\" height=\"100\" \/>\u00a0 \u00daltimas Not\u00edcias<span class=\"decor-line\"><\/span><\/h2>\n<\/div>\n<\/div><\/div><\/div>\t<\/div>\n<\/div>\n\n<div class=\"container clearfix\">\n\t<div class=\"vc_row wpb_row\">\n\t\t<div class=\"wpb_column vc_column_container vc_col-sm-12\"><div class=\"vc_column-inner\"><div class=\"wpb_wrapper\">\n\n\t<div class=\"recent-posts\">\n\n\t\t\n\t\t\t<div class=\"post-card\">\n\t\t\t\t<a href=\"https:\/\/planetalindo.com\/pt\/blue-speeds-for-shipping\/\" rel=\"bookmark\">\n\t\t\t\t\t<div class=\"post-card-image\"><img width=\"480\" height=\"267\" src=\"https:\/\/planetalindo.com\/wp-content\/uploads\/2022\/10\/bg-ocean-copy-480x267.jpg\" class=\"attachment-nur_small size-nur_small wp-post-image\" alt=\"\" decoding=\"async\" loading=\"lazy\" srcset=\"https:\/\/planetalindo.com\/wp-content\/uploads\/2022\/10\/bg-ocean-copy-480x267.jpg 480w, https:\/\/planetalindo.com\/wp-content\/uploads\/2022\/10\/bg-ocean-copy-300x167.jpg 300w, https:\/\/planetalindo.com\/wp-content\/uploads\/2022\/10\/bg-ocean-copy-1024x569.jpg 1024w, https:\/\/planetalindo.com\/wp-content\/uploads\/2022\/10\/bg-ocean-copy-768x427.jpg 768w, https:\/\/planetalindo.com\/wp-content\/uploads\/2022\/10\/bg-ocean-copy-18x10.jpg 18w, https:\/\/planetalindo.com\/wp-content\/uploads\/2022\/10\/bg-ocean-copy-24x13.jpg 24w, https:\/\/planetalindo.com\/wp-content\/uploads\/2022\/10\/bg-ocean-copy-36x20.jpg 36w, https:\/\/planetalindo.com\/wp-content\/uploads\/2022\/10\/bg-ocean-copy-48x27.jpg 48w, https:\/\/planetalindo.com\/wp-content\/uploads\/2022\/10\/bg-ocean-copy-133x74.jpg 133w, https:\/\/planetalindo.com\/wp-content\/uploads\/2022\/10\/bg-ocean-copy-235x131.jpg 235w, https:\/\/planetalindo.com\/wp-content\/uploads\/2022\/10\/bg-ocean-copy-740x411.jpg 740w, https:\/\/planetalindo.com\/wp-content\/uploads\/2022\/10\/bg-ocean-copy.jpg 1354w\" sizes=\"(max-width: 480px) 100vw, 480px\" \/><\/div>\n\t\t\t\t\t<h4 class=\"post-card-title\">Blue Speeds for Shipping<\/h4>\n\t\t\t\t\t<time class=\"post-card-date\" datetime=\"2022-10-19T21:06:36+00:00\">Outubro 19, 2022<\/time>\n\t\t\t\t<\/a>\n\t\t\t<\/div>\n\n\t\t\n\t\t\t<div class=\"post-card\">\n\t\t\t\t<a href=\"https:\/\/planetalindo.com\/pt\/great-pacific-garbage-patch\/\" rel=\"bookmark\">\n\t\t\t\t\t<div class=\"post-card-image\"><img width=\"480\" height=\"270\" src=\"https:\/\/planetalindo.com\/wp-content\/uploads\/2022\/08\/Screenshot-2022-08-17-at-22.55.19-480x270.png\" class=\"attachment-nur_small size-nur_small wp-post-image\" alt=\"\" decoding=\"async\" loading=\"lazy\" srcset=\"https:\/\/planetalindo.com\/wp-content\/uploads\/2022\/08\/Screenshot-2022-08-17-at-22.55.19-480x270.png 480w, https:\/\/planetalindo.com\/wp-content\/uploads\/2022\/08\/Screenshot-2022-08-17-at-22.55.19-300x169.png 300w, https:\/\/planetalindo.com\/wp-content\/uploads\/2022\/08\/Screenshot-2022-08-17-at-22.55.19-1024x577.png 1024w, https:\/\/planetalindo.com\/wp-content\/uploads\/2022\/08\/Screenshot-2022-08-17-at-22.55.19-768x433.png 768w, https:\/\/planetalindo.com\/wp-content\/uploads\/2022\/08\/Screenshot-2022-08-17-at-22.55.19-1536x865.png 1536w, https:\/\/planetalindo.com\/wp-content\/uploads\/2022\/08\/Screenshot-2022-08-17-at-22.55.19-18x10.png 18w, https:\/\/planetalindo.com\/wp-content\/uploads\/2022\/08\/Screenshot-2022-08-17-at-22.55.19-24x14.png 24w, https:\/\/planetalindo.com\/wp-content\/uploads\/2022\/08\/Screenshot-2022-08-17-at-22.55.19-36x20.png 36w, https:\/\/planetalindo.com\/wp-content\/uploads\/2022\/08\/Screenshot-2022-08-17-at-22.55.19-48x27.png 48w, https:\/\/planetalindo.com\/wp-content\/uploads\/2022\/08\/Screenshot-2022-08-17-at-22.55.19-133x75.png 133w, https:\/\/planetalindo.com\/wp-content\/uploads\/2022\/08\/Screenshot-2022-08-17-at-22.55.19-235x132.png 235w, https:\/\/planetalindo.com\/wp-content\/uploads\/2022\/08\/Screenshot-2022-08-17-at-22.55.19-740x417.png 740w, https:\/\/planetalindo.com\/wp-content\/uploads\/2022\/08\/Screenshot-2022-08-17-at-22.55.19-1520x856.png 1520w, https:\/\/planetalindo.com\/wp-content\/uploads\/2022\/08\/Screenshot-2022-08-17-at-22.55.19.png 1708w\" sizes=\"(max-width: 480px) 100vw, 480px\" \/><\/div>\n\t\t\t\t\t<h4 class=\"post-card-title\">Great Pacific Garbage Patch<\/h4>\n\t\t\t\t\t<time class=\"post-card-date\" datetime=\"2022-08-17T22:02:17+00:00\">Agosto 17, 2022<\/time>\n\t\t\t\t<\/a>\n\t\t\t<\/div>\n\n\t\t\n\t\t\t<div class=\"post-card\">\n\t\t\t\t<a href=\"https:\/\/planetalindo.com\/pt\/vice-president-harris-casts-tie-breaking-vote-to-advance-sweeping-bill\/\" rel=\"bookmark\">\n\t\t\t\t\t<div class=\"post-card-image\"><img width=\"480\" height=\"268\" src=\"https:\/\/planetalindo.com\/wp-content\/uploads\/2022\/08\/Screenshot-2022-08-09-at-23.49.00-480x268.png\" class=\"attachment-nur_small size-nur_small wp-post-image\" alt=\"\" decoding=\"async\" loading=\"lazy\" srcset=\"https:\/\/planetalindo.com\/wp-content\/uploads\/2022\/08\/Screenshot-2022-08-09-at-23.49.00-480x268.png 480w, https:\/\/planetalindo.com\/wp-content\/uploads\/2022\/08\/Screenshot-2022-08-09-at-23.49.00-300x167.png 300w, https:\/\/planetalindo.com\/wp-content\/uploads\/2022\/08\/Screenshot-2022-08-09-at-23.49.00-1024x571.png 1024w, https:\/\/planetalindo.com\/wp-content\/uploads\/2022\/08\/Screenshot-2022-08-09-at-23.49.00-768x428.png 768w, https:\/\/planetalindo.com\/wp-content\/uploads\/2022\/08\/Screenshot-2022-08-09-at-23.49.00-1536x856.png 1536w, https:\/\/planetalindo.com\/wp-content\/uploads\/2022\/08\/Screenshot-2022-08-09-at-23.49.00-18x10.png 18w, https:\/\/planetalindo.com\/wp-content\/uploads\/2022\/08\/Screenshot-2022-08-09-at-23.49.00-24x13.png 24w, https:\/\/planetalindo.com\/wp-content\/uploads\/2022\/08\/Screenshot-2022-08-09-at-23.49.00-36x20.png 36w, https:\/\/planetalindo.com\/wp-content\/uploads\/2022\/08\/Screenshot-2022-08-09-at-23.49.00-48x27.png 48w, https:\/\/planetalindo.com\/wp-content\/uploads\/2022\/08\/Screenshot-2022-08-09-at-23.49.00-133x74.png 133w, https:\/\/planetalindo.com\/wp-content\/uploads\/2022\/08\/Screenshot-2022-08-09-at-23.49.00-235x131.png 235w, https:\/\/planetalindo.com\/wp-content\/uploads\/2022\/08\/Screenshot-2022-08-09-at-23.49.00-740x413.png 740w, https:\/\/planetalindo.com\/wp-content\/uploads\/2022\/08\/Screenshot-2022-08-09-at-23.49.00-1520x848.png 1520w, https:\/\/planetalindo.com\/wp-content\/uploads\/2022\/08\/Screenshot-2022-08-09-at-23.49.00.png 1546w\" sizes=\"(max-width: 480px) 100vw, 480px\" \/><\/div>\n\t\t\t\t\t<h4 class=\"post-card-title\">Vice President Harris casts tie-breaking vote to advance sweeping bill<\/h4>\n\t\t\t\t\t<time class=\"post-card-date\" datetime=\"2022-08-09T22:54:16+00:00\">Agosto 9, 2022<\/time>\n\t\t\t\t<\/a>\n\t\t\t<\/div>\n\n\t\t\n\t\t\n\t<\/div>\n\n<\/div><\/div><\/div>\t<\/div>\n<\/div>\n<\/section>","protected":false},"excerpt":{"rendered":"The Senate worked through the night voting on amendments for the Democrats' sweeping health care and climate change bill. The bill would be the largest climate investment in US history. [...]","protected":false},"author":1,"featured_media":0,"parent":0,"menu_order":0,"comment_status":"closed","ping_status":"closed","template":"","meta":{"_mi_skip_tracking":false,"_monsterinsights_sitenote_active":false,"_monsterinsights_sitenote_note":"","_monsterinsights_sitenote_category":0},"aioseo_notices":[],"_links":{"self":[{"href":"https:\/\/planetalindo.com\/pt\/wp-json\/wp\/v2\/pages\/7199"}],"collection":[{"href":"https:\/\/planetalindo.com\/pt\/wp-json\/wp\/v2\/pages"}],"about":[{"href":"https:\/\/planetalindo.com\/pt\/wp-json\/wp\/v2\/types\/page"}],"author":[{"embeddable":true,"href":"https:\/\/planetalindo.com\/pt\/wp-json\/wp\/v2\/users\/1"}],"replies":[{"embeddable":true,"href":"https:\/\/planetalindo.com\/pt\/wp-json\/wp\/v2\/comments?post=7199"}],"version-history":[{"count":9,"href":"https:\/\/planetalindo.com\/pt\/wp-json\/wp\/v2\/pages\/7199\/revisions"}],"predecessor-version":[{"id":8535,"href":"https:\/\/planetalindo.com\/pt\/wp-json\/wp\/v2\/pages\/7199\/revisions\/8535"}],"wp:attachment":[{"href":"https:\/\/planetalindo.com\/pt\/wp-json\/wp\/v2\/media?parent=7199"}],"curies":[{"name":"wp","href":"https:\/\/api.w.org\/{rel}","templated":true}]}}